{"id":2167,"date":"2025-01-21T13:30:54","date_gmt":"2025-01-21T05:30:54","guid":{"rendered":"https:\/\/www.neoss.com\/de\/?page_id=2167"},"modified":"2025-12-05T16:45:44","modified_gmt":"2025-12-05T08:45:44","slug":"digital-product-overview-analog","status":"publish","type":"page","link":"https:\/\/www.neoss.com\/de\/digital-product-overview-analog\/","title":{"rendered":"Digital Product Overview Analog"},"content":{"rendered":"\t\t<div data-elementor-type=\"wp-page\" data-elementor-id=\"2167\" class=\"elementor elementor-2167\" data-elementor-post-type=\"page\">\n\t\t\t\t<div class=\"elementor-element elementor-element-efbc5e6 e-flex e-con-boxed e-con e-parent\" data-id=\"efbc5e6\" data-element_type=\"container\">\n\t\t\t\t\t<div class=\"e-con-inner\">\n\t\t<div class=\"elementor-element elementor-element-26bdf91 e-grid e-con-full e-con e-child\" data-id=\"26bdf91\" data-element_type=\"container\">\n\t\t<div class=\"elementor-element elementor-element-b63956f e-con-full e-flex e-con e-child\" data-id=\"b63956f\" data-element_type=\"container\">\n\t\t<div class=\"elementor-element elementor-element-4e793bb e-con-full e-flex e-con e-child\" data-id=\"4e793bb\" data-element_type=\"container\">\n\t\t\t\t<div class=\"elementor-element elementor-element-65bb233 elementor-widget elementor-widget-image\" data-id=\"65bb233\" data-element_type=\"widget\" data-widget_type=\"image.default\">\n\t\t\t\t<div class=\"elementor-widget-container\">\n\t\t\t<style>\/*! elementor - v3.23.0 - 05-08-2024 *\/\n.elementor-widget-image{text-align:center}.elementor-widget-image a{display:inline-block}.elementor-widget-image a img[src$=\".svg\"]{width:48px}.elementor-widget-image img{vertical-align:middle;display:inline-block}<\/style>\t\t\t\t\t\t\t\t\t\t\t<a href=\"https:\/\/shop-de.neoss.com\/products\/digitales-modellanalog?_gl=1*1qzk4bm*_gcl_au*NDM1NzM3ODE0LjE3NDEwNzM3NTY.*_ga*MTc0MjIxNjkxLjE3NDEwNzM3NTY.*_ga_GQ5V7B72KS*MTc0NTIwMzc1Ni4xMzQuMS4xNzQ1MjA2MDIwLjAuMC4w\">\n\t\t\t\t\t\t\t<img decoding=\"async\" src=\"https:\/\/neoss-web.azureedge.net\/31471.png\" title=\"\" alt=\"\" class=\"elementor-animation-grow\" loading=\"lazy\" \/>\t\t\t\t\t\t\t\t<\/a>\n\t\t\t\t\t\t\t\t\t\t\t\t\t<\/div>\n\t\t\t\t<\/div>\n\t\t\t\t<\/div>\n\t\t<div class=\"elementor-element elementor-element-541b98f e-con-full e-flex e-con e-child\" data-id=\"541b98f\" data-element_type=\"container\">\n\t\t\t\t<div class=\"elementor-element elementor-element-f989f79 elementor-widget elementor-widget-heading\" data-id=\"f989f79\" data-element_type=\"widget\" data-widget_type=\"heading.default\">\n\t\t\t\t<div class=\"elementor-widget-container\">\n\t\t\t<style>\/*! elementor - v3.23.0 - 05-08-2024 *\/\n.elementor-heading-title{padding:0;margin:0;line-height:1}.elementor-widget-heading .elementor-heading-title[class*=elementor-size-]>a{color:inherit;font-size:inherit;line-height:inherit}.elementor-widget-heading .elementor-heading-title.elementor-size-small{font-size:15px}.elementor-widget-heading .elementor-heading-title.elementor-size-medium{font-size:19px}.elementor-widget-heading .elementor-heading-title.elementor-size-large{font-size:29px}.elementor-widget-heading .elementor-heading-title.elementor-size-xl{font-size:39px}.elementor-widget-heading .elementor-heading-title.elementor-size-xxl{font-size:59px}<\/style><h5 class=\"elementor-heading-title elementor-size-default\"><a href=\"https:\/\/shop-de.neoss.com\/products\/digitales-modellanalog?_gl=1*1qzk4bm*_gcl_au*NDM1NzM3ODE0LjE3NDEwNzM3NTY.*_ga*MTc0MjIxNjkxLjE3NDEwNzM3NTY.*_ga_GQ5V7B72KS*MTc0NTIwMzc1Ni4xMzQuMS4xNzQ1MjA2MDIwLjAuMC4w\"> Digitales Modellimplantat\n<\/a><\/h5>\t\t<\/div>\n\t\t\t\t<\/div>\n\t\t\t\t<\/div>\n\t\t\t\t<\/div>\n\t\t<div class=\"elementor-element elementor-element-8375e05 e-con-full e-flex e-con e-child\" data-id=\"8375e05\" data-element_type=\"container\">\n\t\t<div class=\"elementor-element elementor-element-f6273f1 e-con-full e-flex e-con e-child\" data-id=\"f6273f1\" data-element_type=\"container\">\n\t\t\t\t<div class=\"elementor-element elementor-element-5b06fa5 elementor-widget elementor-widget-image\" data-id=\"5b06fa5\" data-element_type=\"widget\" data-widget_type=\"image.default\">\n\t\t\t\t<div class=\"elementor-widget-container\">\n\t\t\t\t\t\t\t\t\t\t\t\t\t\t<a href=\"https:\/\/www.neoss.com\/de\/cad-libraries#ScanKey\" scankey=\"\">\n\t\t\t\t\t\t\t<img decoding=\"async\" src=\"https:\/\/neoss-web.azureedge.net\/Digital%20Analog%20Neoss%20Fixation%20tool%2016764_0%20tilted.png?width=1200&#038;name=Digital%20Analog%20Neoss%20Fixation%20tool%2016764_0%20tilted.png\" title=\"\" alt=\"\" class=\"elementor-animation-grow\" loading=\"lazy\" \/>\t\t\t\t\t\t\t\t<\/a>\n\t\t\t\t\t\t\t\t\t\t\t\t\t<\/div>\n\t\t\t\t<\/div>\n\t\t\t\t<\/div>\n\t\t<div class=\"elementor-element elementor-element-88cdb64 e-con-full e-flex e-con e-child\" data-id=\"88cdb64\" data-element_type=\"container\">\n\t\t\t\t<div class=\"elementor-element elementor-element-47521d2 elementor-widget elementor-widget-heading\" data-id=\"47521d2\" data-element_type=\"widget\" data-widget_type=\"heading.default\">\n\t\t\t\t<div class=\"elementor-widget-container\">\n\t\t\t<h5 class=\"elementor-heading-title elementor-size-default\"><a href=\"https:\/\/www.neoss.com\/de\/cad-libraries#ScanKey\">Neoss\u00ae Befestigungswerkzeug f\u00fcr digitale Modellimplantate (.stl Druckdatei)<\/a><\/h5>\t\t<\/div>\n\t\t\t\t<\/div>\n\t\t\t\t<\/div>\n\t\t\t\t<\/div>\n\t\t\t\t<\/div>\n\t\t\t\t\t<\/div>\n\t\t\t\t<\/div>\n\t\t<div class=\"elementor-element elementor-element-d2ec257 e-flex e-con-boxed e-con e-parent\" data-id=\"d2ec257\" data-element_type=\"container\">\n\t\t\t\t\t<div class=\"e-con-inner\">\n\t\t\t\t<div class=\"elementor-element elementor-element-99cf1f3 elementor-widget elementor-widget-heading\" data-id=\"99cf1f3\" data-element_type=\"widget\" data-widget_type=\"heading.default\">\n\t\t\t\t<div class=\"elementor-widget-container\">\n\t\t\t<h1 class=\"elementor-heading-title elementor-size-default\"><br><\/h1>\t\t<\/div>\n\t\t\t\t<\/div>\n\t\t\t\t<div class=\"elementor-element elementor-element-6eaf7e7 elementor-widget elementor-widget-heading\" data-id=\"6eaf7e7\" data-element_type=\"widget\" data-widget_type=\"heading.default\">\n\t\t\t\t<div class=\"elementor-widget-container\">\n\t\t\t<h1 class=\"elementor-heading-title elementor-size-default\">Digitale Modellimplantate<\/h1>\t\t<\/div>\n\t\t\t\t<\/div>\n\t\t\t\t<div class=\"elementor-element elementor-element-6ab737d elementor-widget elementor-widget-text-editor\" data-id=\"6ab737d\" data-element_type=\"widget\" data-widget_type=\"text-editor.default\">\n\t\t\t\t<div class=\"elementor-widget-container\">\n\t\t\t<style>\/*! elementor - v3.23.0 - 05-08-2024 *\/\n.elementor-widget-text-editor.elementor-drop-cap-view-stacked .elementor-drop-cap{background-color:#69727d;color:#fff}.elementor-widget-text-editor.elementor-drop-cap-view-framed .elementor-drop-cap{color:#69727d;border:3px solid;background-color:transparent}.elementor-widget-text-editor:not(.elementor-drop-cap-view-default) .elementor-drop-cap{margin-top:8px}.elementor-widget-text-editor:not(.elementor-drop-cap-view-default) .elementor-drop-cap-letter{width:1em;height:1em}.elementor-widget-text-editor .elementor-drop-cap{float:left;text-align:center;line-height:1;font-size:50px}.elementor-widget-text-editor .elementor-drop-cap-letter{display:inline-block}<\/style><div class=\"aa-text__body checkmark-list\">\t\t\t\t<div class=\"aa-text__body checkmark-list\">\n<p style=\"text-align: left;\" data-start=\"272\" data-end=\"600\">Unsere Modellimplantate haben ein Update bekommen! In Kombination mit den neuen ScanBodies profitieren Sie jetzt von noch pr\u00e4ziseren digitalen Abformungen und optimierten Ergebnissen in der finalen Restauration. Das bedeutet f\u00fcr Sie: h\u00f6here Effizienz im Labor und beste Voraussetzungen f\u00fcr eine erstklassige Patientenversorgung.<\/p>\n<p style=\"text-align: left;\" data-start=\"602\" data-end=\"890\">\ud83d\udd3d <strong data-start=\"605\" data-end=\"617\">Wichtig:<\/strong><br data-start=\"617\" data-end=\"620\" \/>F\u00fcr die Verarbeitung der neuen Modellimplantate ist die <a href=\"\/de\/cad-libraries\" target=\"_blank\" rel=\"noopener\">neue exocad \/ 3shape Datenbank Version 5.0<\/a> erforderlich. Diese k\u00f6nnen Sie kostenlos direkt bei uns herunterladen.<br data-start=\"785\" data-end=\"788\" \/>Bitte beachten Sie: Die neuen Modellimplantate sind <strong data-start=\"840\" data-end=\"889\">nicht kompatibel mit der bisherigen Datenbank Version 4.1.<\/strong><\/p>\n<p style=\"text-align: left;\" data-start=\"892\" data-end=\"1062\">\u26a0\ufe0f <strong data-start=\"895\" data-end=\"907\">Hinweis:<\/strong><br data-start=\"907\" data-end=\"910\" \/>Wenn Sie aktuell noch die Vorg\u00e4ngerversion der Modellimplantate\u00a0und ScanBodies im Einsatz haben, <strong data-start=\"1004\" data-end=\"1061\">verwenden Sie bitte weiterhin die bisherige Datenbank 4.1.<\/strong><\/p>\n<p style=\"text-align: left;\">Wenn Sie Fragen zu den neuen Modellimplantaten haben, wenden Sie sich gerne an unser Customer Experience Center: <a href=\"tel:+492219698010\">+49 221 96980 10<\/a><\/p>\n&nbsp;\n\n<\/div>\t\t\t\t<\/div>\t\t<\/div>\n\t\t\t\t<\/div>\n\t\t\t\t\t<\/div>\n\t\t\t\t<\/div>\n\t\t<div class=\"elementor-element elementor-element-386eb57 e-flex e-con-boxed e-con e-parent\" data-id=\"386eb57\" data-element_type=\"container\" data-settings=\"{&quot;background_background&quot;:&quot;gradient&quot;}\">\n\t\t\t\t\t<div class=\"e-con-inner\">\n\t\t\t\t<div class=\"elementor-element elementor-element-e92ff89 elementor-widget__width-initial elementor-widget elementor-widget-heading\" data-id=\"e92ff89\" data-element_type=\"widget\" data-widget_type=\"heading.default\">\n\t\t\t\t<div class=\"elementor-widget-container\">\n\t\t\t<h4 class=\"elementor-heading-title elementor-size-default\">Erhalten Sie die neuesten Nachrichten von Neoss zu Live-Webinaren, neuen Produkten und vielem mehr!<\/h4>\t\t<\/div>\n\t\t\t\t<\/div>\n\t\t\t\t<div class=\"elementor-element elementor-element-04fa41a white-button elementor-widget elementor-widget-button\" data-id=\"04fa41a\" data-element_type=\"widget\" data-widget_type=\"button.default\">\n\t\t\t\t<div class=\"elementor-widget-container\">\n\t\t\t\t\t<div class=\"elementor-button-wrapper\">\n\t\t\t<a class=\"elementor-button elementor-button-link elementor-size-sm\" href=\"https:\/\/info.neoss.com\/de\/bleiben-sie-auf-dem-aktuellen-stand\">\n\t\t\t\t\t\t<span class=\"elementor-button-content-wrapper\">\n\t\t\t\t\t\t\t\t\t<span class=\"elementor-button-text\">Abonnieren<\/span>\n\t\t\t\t\t<\/span>\n\t\t\t\t\t<\/a>\n\t\t<\/div>\n\t\t\t\t<\/div>\n\t\t\t\t<\/div>\n\t\t\t\t\t<\/div>\n\t\t\t\t<\/div>\n\t\t<div class=\"elementor-element elementor-element-82bc8c8 e-con-full e-flex e-con e-parent\" data-id=\"82bc8c8\" data-element_type=\"container\">\n\t\t<div class=\"elementor-element elementor-element-06d4831 e-flex e-con-boxed e-con e-child\" data-id=\"06d4831\" data-element_type=\"container\">\n\t\t\t\t\t<div class=\"e-con-inner\">\n\t\t\t\t<div class=\"elementor-element elementor-element-e90540d elementor-widget elementor-widget-heading\" data-id=\"e90540d\" data-element_type=\"widget\" data-widget_type=\"heading.default\">\n\t\t\t\t<div class=\"elementor-widget-container\">\n\t\t\t<span class=\"elementor-heading-title elementor-size-default\">kontaktieren sie uns zu<\/span>\t\t<\/div>\n\t\t\t\t<\/div>\n\t\t\t\t<div class=\"elementor-element elementor-element-f9bcd02 elementor-widget elementor-widget-heading\" data-id=\"f9bcd02\" data-element_type=\"widget\" data-widget_type=\"heading.default\">\n\t\t\t\t<div class=\"elementor-widget-container\">\n\t\t\t<h2 class=\"elementor-heading-title elementor-size-default\">Analoge Fertigung<\/h2>\t\t<\/div>\n\t\t\t\t<\/div>\n\t\t\t\t<div class=\"elementor-element elementor-element-d5ba548 aa-form-button--1 elementor-widget elementor-widget-hubspot-form\" data-id=\"d5ba548\" data-element_type=\"widget\" data-widget_type=\"hubspot-form.default\">\n\t\t\t\t<div class=\"elementor-widget-container\">\n\t\t\t\n\t\t\t\t\t<script>\n\t\t\t\t\t\twindow.hsFormsOnReady = window.hsFormsOnReady || [];\n\t\t\t\t\t\twindow.hsFormsOnReady.push(()=>{\n\t\t\t\t\t\t\thbspt.forms.create({\n\t\t\t\t\t\t\t\tportalId: 19798429,\n\t\t\t\t\t\t\t\tformId: \"c24225e9-34c7-4098-b70e-3e7bc438e038\",\n\t\t\t\t\t\t\t\ttarget: \"#hbspt-form-1777602597000-7537377219\",\n\t\t\t\t\t\t\t\tregion: \"na1\",\n\t\t\t\t\t\t\t\t\n\t\t\t\t\t\t})});\n\t\t\t\t\t<\/script>\n\t\t\t\t\t<div class=\"hbspt-form\" id=\"hbspt-form-1777602597000-7537377219\"><\/div>\t\t<\/div>\n\t\t\t\t<\/div>\n\t\t\t\t\t<\/div>\n\t\t\t\t<\/div>\n\t\t<div class=\"elementor-element elementor-element-f4912ac e-con-full e-flex e-con e-child\" data-id=\"f4912ac\" data-element_type=\"container\" data-settings=\"{&quot;background_background&quot;:&quot;classic&quot;}\">\n\t\t\t\t<div class=\"elementor-element elementor-element-23550f7 p-bottom-cover elementor-widget elementor-widget-image\" data-id=\"23550f7\" data-element_type=\"widget\" data-widget_type=\"image.default\">\n\t\t\t\t<div class=\"elementor-widget-container\">\n\t\t\t\t\t\t\t\t\t\t\t\t\t<img decoding=\"async\" src=\"https:\/\/neoss-web.azureedge.net\/global\/Images\/theme-assets\/neoss-placeholder.png\" title=\"\" alt=\"\" loading=\"lazy\" \/>\t\t\t\t\t\t\t\t\t\t\t\t\t<\/div>\n\t\t\t\t<\/div>\n\t\t\t\t<\/div>\n\t\t\t\t<\/div>\n\t\t\t\t<\/div>\n\t\t","protected":false},"excerpt":{"rendered":"<p>Digitales Modellimplantat Neoss\u00ae Befestigungswerkzeug f\u00fcr digitale Modellimplantate (.stl Druckdatei) Digitale Modellimplantate Unsere Modellimplantate haben ein Update bekommen! In Kombination mit den neuen ScanBodies profitieren Sie jetzt von noch pr\u00e4ziseren digitalen Abformungen und optimierten Ergebnissen in der finalen Restauration. Das bedeutet f\u00fcr Sie: h\u00f6here Effizienz im Labor und beste Voraussetzungen f\u00fcr eine erstklassige Patientenversorgung. \ud83d\udd3d Wichtig:F\u00fcr [&hellip;]<\/p>\n","protected":false},"author":3,"featured_media":0,"parent":0,"menu_order":0,"comment_status":"closed","ping_status":"closed","template":"","meta":{"_acf_changed":false,"content-type":"","_relevanssi_hide_post":"","_relevanssi_hide_content":"","_relevanssi_pin_for_all":"","_relevanssi_pin_keywords":"","_relevanssi_unpin_keywords":"","_relevanssi_related_keywords":"","_relevanssi_related_include_ids":"","_relevanssi_related_exclude_ids":"","_relevanssi_related_no_append":"","_relevanssi_related_not_related":"","_relevanssi_related_posts":"","_relevanssi_noindex_reason":"","footnotes":""},"categories":[41],"tags":[],"page_type":[19],"class_list":["post-2167","page","type-page","status-publish","hentry","category-normal","page_type-product"],"acf":[],"yoast_head":"<!-- This site is optimized with the Yoast SEO Premium plugin v24.8 (Yoast SEO v24.8.1) - https:\/\/yoast.com\/wordpress\/plugins\/seo\/ -->\n<title>Digital - Product Overview - Analog<\/title>\n<meta name=\"robots\" content=\"index, follow, max-snippet:-1, max-image-preview:large, max-video-preview:-1\" \/>\n<link rel=\"canonical\" href=\"https:\/\/www.neoss.com\/de\/digital-product-overview-analog\/\" \/>\n<meta property=\"og:locale\" content=\"de_DE\" \/>\n<meta property=\"og:type\" content=\"article\" \/>\n<meta property=\"og:title\" content=\"Digital Product Overview Analog\" \/>\n<meta property=\"og:description\" content=\"Digitales Modellimplantat Neoss\u00ae Befestigungswerkzeug f\u00fcr digitale Modellimplantate (.stl Druckdatei) Digitale Modellimplantate Unsere Modellimplantate haben ein Update bekommen! In Kombination mit den neuen ScanBodies profitieren Sie jetzt von noch pr\u00e4ziseren digitalen Abformungen und optimierten Ergebnissen in der finalen Restauration. Das bedeutet f\u00fcr Sie: h\u00f6here Effizienz im Labor und beste Voraussetzungen f\u00fcr eine erstklassige Patientenversorgung. \ud83d\udd3d Wichtig:F\u00fcr [&hellip;]\" \/>\n<meta property=\"og:url\" content=\"https:\/\/www.neoss.com\/de\/digital-product-overview-analog\/\" \/>\n<meta property=\"og:site_name\" content=\"Deutschland\" \/>\n<meta property=\"article:publisher\" content=\"https:\/\/www.facebook.com\/NeossGroup\" \/>\n<meta property=\"article:modified_time\" content=\"2025-12-05T08:45:44+00:00\" \/>\n<meta property=\"og:image\" content=\"https:\/\/neoss-web.azureedge.net\/31471.png\" \/>\n<meta name=\"twitter:card\" content=\"summary_large_image\" \/>\n<meta name=\"twitter:label1\" content=\"Est. reading time\" \/>\n\t<meta name=\"twitter:data1\" content=\"4 minutes\" \/>\n<script type=\"application\/ld+json\" class=\"yoast-schema-graph\">{\"@context\":\"https:\/\/schema.org\",\"@graph\":[{\"@type\":\"WebPage\",\"@id\":\"https:\/\/www.neoss.com\/de\/digital-product-overview-analog\/\",\"url\":\"https:\/\/www.neoss.com\/de\/digital-product-overview-analog\/\",\"name\":\"Digital - Product Overview - Analog\",\"isPartOf\":{\"@id\":\"https:\/\/www.neoss.com\/de\/#website\"},\"primaryImageOfPage\":{\"@id\":\"https:\/\/www.neoss.com\/de\/digital-product-overview-analog\/#primaryimage\"},\"image\":{\"@id\":\"https:\/\/www.neoss.com\/de\/digital-product-overview-analog\/#primaryimage\"},\"thumbnailUrl\":\"https:\/\/neoss-web.azureedge.net\/31471.png\",\"datePublished\":\"2025-01-21T05:30:54+00:00\",\"dateModified\":\"2025-12-05T08:45:44+00:00\",\"breadcrumb\":{\"@id\":\"https:\/\/www.neoss.com\/de\/digital-product-overview-analog\/#breadcrumb\"},\"inLanguage\":\"de-DE\",\"potentialAction\":[{\"@type\":\"ReadAction\",\"target\":[\"https:\/\/www.neoss.com\/de\/digital-product-overview-analog\/\"]}]},{\"@type\":\"ImageObject\",\"inLanguage\":\"de-DE\",\"@id\":\"https:\/\/www.neoss.com\/de\/digital-product-overview-analog\/#primaryimage\",\"url\":\"https:\/\/neoss-web.azureedge.net\/31471.png\",\"contentUrl\":\"https:\/\/neoss-web.azureedge.net\/31471.png\"},{\"@type\":\"BreadcrumbList\",\"@id\":\"https:\/\/www.neoss.com\/de\/digital-product-overview-analog\/#breadcrumb\",\"itemListElement\":[{\"@type\":\"ListItem\",\"position\":1,\"name\":\"Home\",\"item\":\"https:\/\/www.neoss.com\/de\/\"},{\"@type\":\"ListItem\",\"position\":2,\"name\":\"Digital Product Overview Analog\"}]},{\"@type\":\"WebSite\",\"@id\":\"https:\/\/www.neoss.com\/de\/#website\",\"url\":\"https:\/\/www.neoss.com\/de\/\",\"name\":\"Neoss - Intelligent Simplicity\",\"description\":\"\",\"publisher\":{\"@id\":\"https:\/\/www.neoss.com\/de\/#organization\"},\"potentialAction\":[{\"@type\":\"SearchAction\",\"target\":{\"@type\":\"EntryPoint\",\"urlTemplate\":\"https:\/\/www.neoss.com\/de\/?s={search_term_string}\"},\"query-input\":{\"@type\":\"PropertyValueSpecification\",\"valueRequired\":true,\"valueName\":\"search_term_string\"}}],\"inLanguage\":\"de-DE\"},{\"@type\":\"Organization\",\"@id\":\"https:\/\/www.neoss.com\/de\/#organization\",\"name\":\"neoss\",\"url\":\"https:\/\/www.neoss.com\/de\/\",\"logo\":{\"@type\":\"ImageObject\",\"inLanguage\":\"de-DE\",\"@id\":\"https:\/\/www.neoss.com\/de\/#\/schema\/logo\/image\/\",\"url\":\"https:\/\/blob.neoss.com\/logo\/neoss-logo1-1.svg\",\"contentUrl\":\"https:\/\/blob.neoss.com\/logo\/neoss-logo1-1.svg\",\"width\":96,\"height\":31,\"caption\":\"neoss\"},\"image\":{\"@id\":\"https:\/\/www.neoss.com\/de\/#\/schema\/logo\/image\/\"},\"sameAs\":[\"https:\/\/www.facebook.com\/NeossGroup\"]}]}<\/script>\n<!-- \/ Yoast SEO Premium plugin. -->","yoast_head_json":{"title":"Digital - Product Overview - Analog","robots":{"index":"index","follow":"follow","max-snippet":"max-snippet:-1","max-image-preview":"max-image-preview:large","max-video-preview":"max-video-preview:-1"},"canonical":"https:\/\/www.neoss.com\/de\/digital-product-overview-analog\/","og_locale":"de_DE","og_type":"article","og_title":"Digital Product Overview Analog","og_description":"Digitales Modellimplantat Neoss\u00ae Befestigungswerkzeug f\u00fcr digitale Modellimplantate (.stl Druckdatei) Digitale Modellimplantate Unsere Modellimplantate haben ein Update bekommen! In Kombination mit den neuen ScanBodies profitieren Sie jetzt von noch pr\u00e4ziseren digitalen Abformungen und optimierten Ergebnissen in der finalen Restauration. Das bedeutet f\u00fcr Sie: h\u00f6here Effizienz im Labor und beste Voraussetzungen f\u00fcr eine erstklassige Patientenversorgung. \ud83d\udd3d Wichtig:F\u00fcr [&hellip;]","og_url":"https:\/\/www.neoss.com\/de\/digital-product-overview-analog\/","og_site_name":"Deutschland","article_publisher":"https:\/\/www.facebook.com\/NeossGroup","article_modified_time":"2025-12-05T08:45:44+00:00","og_image":[{"url":"https:\/\/neoss-web.azureedge.net\/31471.png","type":"","width":"","height":""}],"twitter_card":"summary_large_image","twitter_misc":{"Est. reading time":"4 minutes"},"schema":{"@context":"https:\/\/schema.org","@graph":[{"@type":"WebPage","@id":"https:\/\/www.neoss.com\/de\/digital-product-overview-analog\/","url":"https:\/\/www.neoss.com\/de\/digital-product-overview-analog\/","name":"Digital - Product Overview - Analog","isPartOf":{"@id":"https:\/\/www.neoss.com\/de\/#website"},"primaryImageOfPage":{"@id":"https:\/\/www.neoss.com\/de\/digital-product-overview-analog\/#primaryimage"},"image":{"@id":"https:\/\/www.neoss.com\/de\/digital-product-overview-analog\/#primaryimage"},"thumbnailUrl":"https:\/\/neoss-web.azureedge.net\/31471.png","datePublished":"2025-01-21T05:30:54+00:00","dateModified":"2025-12-05T08:45:44+00:00","breadcrumb":{"@id":"https:\/\/www.neoss.com\/de\/digital-product-overview-analog\/#breadcrumb"},"inLanguage":"de-DE","potentialAction":[{"@type":"ReadAction","target":["https:\/\/www.neoss.com\/de\/digital-product-overview-analog\/"]}]},{"@type":"ImageObject","inLanguage":"de-DE","@id":"https:\/\/www.neoss.com\/de\/digital-product-overview-analog\/#primaryimage","url":"https:\/\/neoss-web.azureedge.net\/31471.png","contentUrl":"https:\/\/neoss-web.azureedge.net\/31471.png"},{"@type":"BreadcrumbList","@id":"https:\/\/www.neoss.com\/de\/digital-product-overview-analog\/#breadcrumb","itemListElement":[{"@type":"ListItem","position":1,"name":"Home","item":"https:\/\/www.neoss.com\/de\/"},{"@type":"ListItem","position":2,"name":"Digital Product Overview Analog"}]},{"@type":"WebSite","@id":"https:\/\/www.neoss.com\/de\/#website","url":"https:\/\/www.neoss.com\/de\/","name":"Neoss - Intelligent Simplicity","description":"","publisher":{"@id":"https:\/\/www.neoss.com\/de\/#organization"},"potentialAction":[{"@type":"SearchAction","target":{"@type":"EntryPoint","urlTemplate":"https:\/\/www.neoss.com\/de\/?s={search_term_string}"},"query-input":{"@type":"PropertyValueSpecification","valueRequired":true,"valueName":"search_term_string"}}],"inLanguage":"de-DE"},{"@type":"Organization","@id":"https:\/\/www.neoss.com\/de\/#organization","name":"neoss","url":"https:\/\/www.neoss.com\/de\/","logo":{"@type":"ImageObject","inLanguage":"de-DE","@id":"https:\/\/www.neoss.com\/de\/#\/schema\/logo\/image\/","url":"https:\/\/blob.neoss.com\/logo\/neoss-logo1-1.svg","contentUrl":"https:\/\/blob.neoss.com\/logo\/neoss-logo1-1.svg","width":96,"height":31,"caption":"neoss"},"image":{"@id":"https:\/\/www.neoss.com\/de\/#\/schema\/logo\/image\/"},"sameAs":["https:\/\/www.facebook.com\/NeossGroup"]}]}},"_links":{"self":[{"href":"https:\/\/www.neoss.com\/de\/wp-json\/wp\/v2\/pages\/2167","targetHints":{"allow":["GET"]}}],"collection":[{"href":"https:\/\/www.neoss.com\/de\/wp-json\/wp\/v2\/pages"}],"about":[{"href":"https:\/\/www.neoss.com\/de\/wp-json\/wp\/v2\/types\/page"}],"author":[{"embeddable":true,"href":"https:\/\/www.neoss.com\/de\/wp-json\/wp\/v2\/users\/3"}],"replies":[{"embeddable":true,"href":"https:\/\/www.neoss.com\/de\/wp-json\/wp\/v2\/comments?post=2167"}],"version-history":[{"count":11,"href":"https:\/\/www.neoss.com\/de\/wp-json\/wp\/v2\/pages\/2167\/revisions"}],"predecessor-version":[{"id":10257,"href":"https:\/\/www.neoss.com\/de\/wp-json\/wp\/v2\/pages\/2167\/revisions\/10257"}],"wp:attachment":[{"href":"https:\/\/www.neoss.com\/de\/wp-json\/wp\/v2\/media?parent=2167"}],"wp:term":[{"taxonomy":"category","embeddable":true,"href":"https:\/\/www.neoss.com\/de\/wp-json\/wp\/v2\/categories?post=2167"},{"taxonomy":"post_tag","embeddable":true,"href":"https:\/\/www.neoss.com\/de\/wp-json\/wp\/v2\/tags?post=2167"},{"taxonomy":"page_type","embeddable":true,"href":"https:\/\/www.neoss.com\/de\/wp-json\/wp\/v2\/page_type?post=2167"}],"curies":[{"name":"wp","href":"https:\/\/api.w.org\/{rel}","templated":true}]}}