{"id":285,"date":"2025-01-15T08:38:54","date_gmt":"2025-01-15T08:38:54","guid":{"rendered":"https:\/\/www.neoss.com\/de\/?page_id=285"},"modified":"2026-01-12T17:06:45","modified_gmt":"2026-01-12T09:06:45","slug":"zertifizierung","status":"publish","type":"page","link":"https:\/\/www.neoss.com\/de\/zertifizierung\/","title":{"rendered":"Zertifizierung"},"content":{"rendered":"\t\t<div data-elementor-type=\"wp-page\" data-elementor-id=\"285\" class=\"elementor elementor-285\" data-elementor-post-type=\"page\">\n\t\t\t\t<div class=\"elementor-element elementor-element-255e588 e-flex e-con-boxed e-con e-parent\" data-id=\"255e588\" data-element_type=\"container\">\n\t\t\t\t\t<div class=\"e-con-inner\">\n\t\t\t\t<div class=\"elementor-element elementor-element-299dd55 elementor-widget elementor-widget-heading\" data-id=\"299dd55\" data-element_type=\"widget\" data-widget_type=\"heading.default\">\n\t\t\t\t<div class=\"elementor-widget-container\">\n\t\t\t<style>\/*! elementor - v3.23.0 - 05-08-2024 *\/\n.elementor-heading-title{padding:0;margin:0;line-height:1}.elementor-widget-heading .elementor-heading-title[class*=elementor-size-]>a{color:inherit;font-size:inherit;line-height:inherit}.elementor-widget-heading .elementor-heading-title.elementor-size-small{font-size:15px}.elementor-widget-heading .elementor-heading-title.elementor-size-medium{font-size:19px}.elementor-widget-heading .elementor-heading-title.elementor-size-large{font-size:29px}.elementor-widget-heading .elementor-heading-title.elementor-size-xl{font-size:39px}.elementor-widget-heading .elementor-heading-title.elementor-size-xxl{font-size:59px}<\/style><span class=\"elementor-heading-title elementor-size-default\">Neoss<sup>\u00ae<\/sup>\n<\/span>\t\t<\/div>\n\t\t\t\t<\/div>\n\t\t\t\t<div class=\"elementor-element elementor-element-45dfb1e elementor-widget elementor-widget-heading\" data-id=\"45dfb1e\" data-element_type=\"widget\" data-widget_type=\"heading.default\">\n\t\t\t\t<div class=\"elementor-widget-container\">\n\t\t\t<h1 class=\"elementor-heading-title elementor-size-default\">Zertifizierung<\/h1>\t\t<\/div>\n\t\t\t\t<\/div>\n\t\t\t\t<div class=\"elementor-element elementor-element-b33027a elementor-widget elementor-widget-text-editor\" data-id=\"b33027a\" data-element_type=\"widget\" data-widget_type=\"text-editor.default\">\n\t\t\t\t<div class=\"elementor-widget-container\">\n\t\t\t<style>\/*! elementor - v3.23.0 - 05-08-2024 *\/\n.elementor-widget-text-editor.elementor-drop-cap-view-stacked .elementor-drop-cap{background-color:#69727d;color:#fff}.elementor-widget-text-editor.elementor-drop-cap-view-framed .elementor-drop-cap{color:#69727d;border:3px solid;background-color:transparent}.elementor-widget-text-editor:not(.elementor-drop-cap-view-default) .elementor-drop-cap{margin-top:8px}.elementor-widget-text-editor:not(.elementor-drop-cap-view-default) .elementor-drop-cap-letter{width:1em;height:1em}.elementor-widget-text-editor .elementor-drop-cap{float:left;text-align:center;line-height:1;font-size:50px}.elementor-widget-text-editor .elementor-drop-cap-letter{display:inline-block}<\/style><div class=\"aa-text__body checkmark-list\">\t\t\t\t<div class=\"aa-text__body checkmark-list\"><p><strong>Neoss<sup>\u00ae<\/sup> h\u00e4lt strenge Qualit\u00e4tsstandards in Bezug auf Sicherheit und Lieferung seiner Produkte ein.<\/strong><\/p><p>Die Qualit\u00e4ts- und Sicherheitsprozesse und -abl\u00e4ufe sind breit gef\u00e4chert und werden strengen Qualit\u00e4ts- und Sicherheitsstandards unterzogen &#8211; von der Qualit\u00e4t der eingehenden Materialien bis zum Design, Entwicklung, Herstellung, Lagerung, Handhabung und Vertrieb unserer Produkte.<\/p><p>Neoss erf\u00fcllt die Anforderungen der geltenden medizinischen Ger\u00e4tevorschriften und ist zertifiziert. Unsere benannte Stelle f\u00fchrt regelm\u00e4\u00dfige Inspektionen unseres Qualit\u00e4tsmanagementsystems durch, um die kontinuierliche Einhaltung sicherzustellen.<\/p><p><strong>Zertifikate<\/strong><\/p><p><a href=\"https:\/\/neoss-web.azureedge.net\/global\/Legal documents\/Certification\/MD 75473 valid to 3 May 2026.pdf\" target=\"_blank\" rel=\"noopener\" data-wplink-url-error=\"true\">\u2192 Zertifikat f\u00fcr das Qualit\u00e4tsmanagementsystem nach ISO 13485 (MD 75473)<\/a><br \/><a href=\"https:\/\/19798429.fs1.hubspotusercontent-na1.net\/hubfs\/19798429\/global\/Legal%20documents\/Certification\/MDR%20741100.pdf\" target=\"_blank\" rel=\"noopener\"><br \/><\/a><\/p><p><a href=\"https:\/\/blob.neoss.com\/sites\/12\/2026\/01\/MDR-741100-.pdf\" target=\"_blank\" rel=\"noopener\">\u2192 Zertifikat f\u00fcr das Qualit\u00e4tsmanagementsystem der EU, MDR (MDR 741100)<\/a><\/p><p><a href=\"https:\/\/neoss-web.azureedge.net\/MDR 741106.pdf\" target=\"_blank\" rel=\"noopener\" data-wplink-url-error=\"true\">\u2192 Zertifikat f\u00fcr das Qualit\u00e4tsmanagementsystem der EU, MDR (MDR 741106)<\/a><\/p><p><a href=\"https:\/\/neoss-web.azureedge.net\/global\/Legal documents\/Certification\/CE 722819.pdf\" target=\"_blank\" rel=\"noopener\" data-wplink-url-error=\"true\">\u2192 Zertifikat f\u00fcr das Qualit\u00e4tsmanagementsystem der EU, MDD (CE 722819)\u00a0<\/a><\/p><\/div>\t\t\t\t<\/div>\t\t<\/div>\n\t\t\t\t<\/div>\n\t\t\t\t\t<\/div>\n\t\t\t\t<\/div>\n\t\t\t\t<\/div>\n\t\t","protected":false},"excerpt":{"rendered":"<p>Neoss\u00ae Zertifizierung Neoss\u00ae h\u00e4lt strenge Qualit\u00e4tsstandards in Bezug auf Sicherheit und Lieferung seiner Produkte ein. Die Qualit\u00e4ts- und Sicherheitsprozesse und -abl\u00e4ufe sind breit gef\u00e4chert und werden strengen Qualit\u00e4ts- und Sicherheitsstandards unterzogen &#8211; von der Qualit\u00e4t der eingehenden Materialien bis zum Design, Entwicklung, Herstellung, Lagerung, Handhabung und Vertrieb unserer Produkte. Neoss erf\u00fcllt die Anforderungen der geltenden [&hellip;]<\/p>\n","protected":false},"author":3,"featured_media":0,"parent":0,"menu_order":0,"comment_status":"closed","ping_status":"closed","template":"","meta":{"_acf_changed":false,"content-type":"","_relevanssi_hide_post":"","_relevanssi_hide_content":"","_relevanssi_pin_for_all":"","_relevanssi_pin_keywords":"","_relevanssi_unpin_keywords":"","_relevanssi_related_keywords":"","_relevanssi_related_include_ids":"","_relevanssi_related_exclude_ids":"","_relevanssi_related_no_append":"","_relevanssi_related_not_related":"","_relevanssi_related_posts":"","_relevanssi_noindex_reason":"","footnotes":""},"categories":[41],"tags":[],"page_type":[18],"class_list":["post-285","page","type-page","status-publish","hentry","category-normal","page_type-page"],"acf":[],"yoast_head":"<!-- This site is optimized with the Yoast SEO Premium plugin v24.8 (Yoast SEO v24.8.1) - https:\/\/yoast.com\/wordpress\/plugins\/seo\/ -->\n<title>Zertifizierung<\/title>\n<meta name=\"robots\" content=\"index, follow, max-snippet:-1, max-image-preview:large, max-video-preview:-1\" \/>\n<link rel=\"canonical\" href=\"https:\/\/www.neoss.com\/de\/zertifizierung\/\" \/>\n<meta property=\"og:locale\" content=\"de_DE\" \/>\n<meta property=\"og:type\" content=\"article\" \/>\n<meta property=\"og:title\" content=\"Zertifizierung\" \/>\n<meta property=\"og:description\" content=\"Neoss\u00ae Zertifizierung Neoss\u00ae h\u00e4lt strenge Qualit\u00e4tsstandards in Bezug auf Sicherheit und Lieferung seiner Produkte ein. Die Qualit\u00e4ts- und Sicherheitsprozesse und -abl\u00e4ufe sind breit gef\u00e4chert und werden strengen Qualit\u00e4ts- und Sicherheitsstandards unterzogen &#8211; von der Qualit\u00e4t der eingehenden Materialien bis zum Design, Entwicklung, Herstellung, Lagerung, Handhabung und Vertrieb unserer Produkte. Neoss erf\u00fcllt die Anforderungen der geltenden [&hellip;]\" \/>\n<meta property=\"og:url\" content=\"https:\/\/www.neoss.com\/de\/zertifizierung\/\" \/>\n<meta property=\"og:site_name\" content=\"Deutschland\" \/>\n<meta property=\"article:publisher\" content=\"https:\/\/www.facebook.com\/NeossGroup\" \/>\n<meta property=\"article:modified_time\" content=\"2026-01-12T09:06:45+00:00\" \/>\n<meta name=\"twitter:card\" content=\"summary_large_image\" \/>\n<meta name=\"twitter:label1\" content=\"Est. reading time\" \/>\n\t<meta name=\"twitter:data1\" content=\"1 minute\" \/>\n<script type=\"application\/ld+json\" class=\"yoast-schema-graph\">{\"@context\":\"https:\/\/schema.org\",\"@graph\":[{\"@type\":\"WebPage\",\"@id\":\"https:\/\/www.neoss.com\/de\/zertifizierung\/\",\"url\":\"https:\/\/www.neoss.com\/de\/zertifizierung\/\",\"name\":\"Zertifizierung\",\"isPartOf\":{\"@id\":\"https:\/\/www.neoss.com\/de\/#website\"},\"datePublished\":\"2025-01-15T08:38:54+00:00\",\"dateModified\":\"2026-01-12T09:06:45+00:00\",\"breadcrumb\":{\"@id\":\"https:\/\/www.neoss.com\/de\/zertifizierung\/#breadcrumb\"},\"inLanguage\":\"de-DE\",\"potentialAction\":[{\"@type\":\"ReadAction\",\"target\":[\"https:\/\/www.neoss.com\/de\/zertifizierung\/\"]}]},{\"@type\":\"BreadcrumbList\",\"@id\":\"https:\/\/www.neoss.com\/de\/zertifizierung\/#breadcrumb\",\"itemListElement\":[{\"@type\":\"ListItem\",\"position\":1,\"name\":\"Home\",\"item\":\"https:\/\/www.neoss.com\/de\/\"},{\"@type\":\"ListItem\",\"position\":2,\"name\":\"Zertifizierung\"}]},{\"@type\":\"WebSite\",\"@id\":\"https:\/\/www.neoss.com\/de\/#website\",\"url\":\"https:\/\/www.neoss.com\/de\/\",\"name\":\"Neoss - Intelligent Simplicity\",\"description\":\"\",\"publisher\":{\"@id\":\"https:\/\/www.neoss.com\/de\/#organization\"},\"potentialAction\":[{\"@type\":\"SearchAction\",\"target\":{\"@type\":\"EntryPoint\",\"urlTemplate\":\"https:\/\/www.neoss.com\/de\/?s={search_term_string}\"},\"query-input\":{\"@type\":\"PropertyValueSpecification\",\"valueRequired\":true,\"valueName\":\"search_term_string\"}}],\"inLanguage\":\"de-DE\"},{\"@type\":\"Organization\",\"@id\":\"https:\/\/www.neoss.com\/de\/#organization\",\"name\":\"neoss\",\"url\":\"https:\/\/www.neoss.com\/de\/\",\"logo\":{\"@type\":\"ImageObject\",\"inLanguage\":\"de-DE\",\"@id\":\"https:\/\/www.neoss.com\/de\/#\/schema\/logo\/image\/\",\"url\":\"https:\/\/blob.neoss.com\/logo\/neoss-logo1-1.svg\",\"contentUrl\":\"https:\/\/blob.neoss.com\/logo\/neoss-logo1-1.svg\",\"width\":96,\"height\":31,\"caption\":\"neoss\"},\"image\":{\"@id\":\"https:\/\/www.neoss.com\/de\/#\/schema\/logo\/image\/\"},\"sameAs\":[\"https:\/\/www.facebook.com\/NeossGroup\"]}]}<\/script>\n<!-- \/ Yoast SEO Premium plugin. -->","yoast_head_json":{"title":"Zertifizierung","robots":{"index":"index","follow":"follow","max-snippet":"max-snippet:-1","max-image-preview":"max-image-preview:large","max-video-preview":"max-video-preview:-1"},"canonical":"https:\/\/www.neoss.com\/de\/zertifizierung\/","og_locale":"de_DE","og_type":"article","og_title":"Zertifizierung","og_description":"Neoss\u00ae Zertifizierung Neoss\u00ae h\u00e4lt strenge Qualit\u00e4tsstandards in Bezug auf Sicherheit und Lieferung seiner Produkte ein. Die Qualit\u00e4ts- und Sicherheitsprozesse und -abl\u00e4ufe sind breit gef\u00e4chert und werden strengen Qualit\u00e4ts- und Sicherheitsstandards unterzogen &#8211; von der Qualit\u00e4t der eingehenden Materialien bis zum Design, Entwicklung, Herstellung, Lagerung, Handhabung und Vertrieb unserer Produkte. Neoss erf\u00fcllt die Anforderungen der geltenden [&hellip;]","og_url":"https:\/\/www.neoss.com\/de\/zertifizierung\/","og_site_name":"Deutschland","article_publisher":"https:\/\/www.facebook.com\/NeossGroup","article_modified_time":"2026-01-12T09:06:45+00:00","twitter_card":"summary_large_image","twitter_misc":{"Est. reading time":"1 minute"},"schema":{"@context":"https:\/\/schema.org","@graph":[{"@type":"WebPage","@id":"https:\/\/www.neoss.com\/de\/zertifizierung\/","url":"https:\/\/www.neoss.com\/de\/zertifizierung\/","name":"Zertifizierung","isPartOf":{"@id":"https:\/\/www.neoss.com\/de\/#website"},"datePublished":"2025-01-15T08:38:54+00:00","dateModified":"2026-01-12T09:06:45+00:00","breadcrumb":{"@id":"https:\/\/www.neoss.com\/de\/zertifizierung\/#breadcrumb"},"inLanguage":"de-DE","potentialAction":[{"@type":"ReadAction","target":["https:\/\/www.neoss.com\/de\/zertifizierung\/"]}]},{"@type":"BreadcrumbList","@id":"https:\/\/www.neoss.com\/de\/zertifizierung\/#breadcrumb","itemListElement":[{"@type":"ListItem","position":1,"name":"Home","item":"https:\/\/www.neoss.com\/de\/"},{"@type":"ListItem","position":2,"name":"Zertifizierung"}]},{"@type":"WebSite","@id":"https:\/\/www.neoss.com\/de\/#website","url":"https:\/\/www.neoss.com\/de\/","name":"Neoss - Intelligent Simplicity","description":"","publisher":{"@id":"https:\/\/www.neoss.com\/de\/#organization"},"potentialAction":[{"@type":"SearchAction","target":{"@type":"EntryPoint","urlTemplate":"https:\/\/www.neoss.com\/de\/?s={search_term_string}"},"query-input":{"@type":"PropertyValueSpecification","valueRequired":true,"valueName":"search_term_string"}}],"inLanguage":"de-DE"},{"@type":"Organization","@id":"https:\/\/www.neoss.com\/de\/#organization","name":"neoss","url":"https:\/\/www.neoss.com\/de\/","logo":{"@type":"ImageObject","inLanguage":"de-DE","@id":"https:\/\/www.neoss.com\/de\/#\/schema\/logo\/image\/","url":"https:\/\/blob.neoss.com\/logo\/neoss-logo1-1.svg","contentUrl":"https:\/\/blob.neoss.com\/logo\/neoss-logo1-1.svg","width":96,"height":31,"caption":"neoss"},"image":{"@id":"https:\/\/www.neoss.com\/de\/#\/schema\/logo\/image\/"},"sameAs":["https:\/\/www.facebook.com\/NeossGroup"]}]}},"_links":{"self":[{"href":"https:\/\/www.neoss.com\/de\/wp-json\/wp\/v2\/pages\/285","targetHints":{"allow":["GET"]}}],"collection":[{"href":"https:\/\/www.neoss.com\/de\/wp-json\/wp\/v2\/pages"}],"about":[{"href":"https:\/\/www.neoss.com\/de\/wp-json\/wp\/v2\/types\/page"}],"author":[{"embeddable":true,"href":"https:\/\/www.neoss.com\/de\/wp-json\/wp\/v2\/users\/3"}],"replies":[{"embeddable":true,"href":"https:\/\/www.neoss.com\/de\/wp-json\/wp\/v2\/comments?post=285"}],"version-history":[{"count":12,"href":"https:\/\/www.neoss.com\/de\/wp-json\/wp\/v2\/pages\/285\/revisions"}],"predecessor-version":[{"id":11568,"href":"https:\/\/www.neoss.com\/de\/wp-json\/wp\/v2\/pages\/285\/revisions\/11568"}],"wp:attachment":[{"href":"https:\/\/www.neoss.com\/de\/wp-json\/wp\/v2\/media?parent=285"}],"wp:term":[{"taxonomy":"category","embeddable":true,"href":"https:\/\/www.neoss.com\/de\/wp-json\/wp\/v2\/categories?post=285"},{"taxonomy":"post_tag","embeddable":true,"href":"https:\/\/www.neoss.com\/de\/wp-json\/wp\/v2\/tags?post=285"},{"taxonomy":"page_type","embeddable":true,"href":"https:\/\/www.neoss.com\/de\/wp-json\/wp\/v2\/page_type?post=285"}],"curies":[{"name":"wp","href":"https:\/\/api.w.org\/{rel}","templated":true}]}}