{"id":3152,"date":"2025-01-25T08:16:17","date_gmt":"2025-01-25T00:16:17","guid":{"rendered":"https:\/\/www.neoss.com\/de\/?page_id=3152"},"modified":"2025-08-18T20:09:33","modified_gmt":"2025-08-18T12:09:33","slug":"reklamation","status":"publish","type":"page","link":"https:\/\/www.neoss.com\/de\/reklamation\/","title":{"rendered":"Reklamation"},"content":{"rendered":"\t\t<div data-elementor-type=\"wp-page\" data-elementor-id=\"3152\" class=\"elementor elementor-3152\" data-elementor-post-type=\"page\">\n\t\t\t\t<div class=\"elementor-element elementor-element-a0ca8eb e-con-full e-flex e-con e-parent\" data-id=\"a0ca8eb\" data-element_type=\"container\">\n\t\t<div class=\"elementor-element elementor-element-1e4890c7 e-con-full e-flex e-con e-child\" data-id=\"1e4890c7\" data-element_type=\"container\">\n\t\t\t\t<div class=\"elementor-element elementor-element-4df9e75e elementor-widget elementor-widget-heading\" data-id=\"4df9e75e\" data-element_type=\"widget\" data-widget_type=\"heading.default\">\n\t\t\t\t<div class=\"elementor-widget-container\">\n\t\t\t<style>\/*! elementor - v3.23.0 - 05-08-2024 *\/\n.elementor-heading-title{padding:0;margin:0;line-height:1}.elementor-widget-heading .elementor-heading-title[class*=elementor-size-]>a{color:inherit;font-size:inherit;line-height:inherit}.elementor-widget-heading .elementor-heading-title.elementor-size-small{font-size:15px}.elementor-widget-heading .elementor-heading-title.elementor-size-medium{font-size:19px}.elementor-widget-heading .elementor-heading-title.elementor-size-large{font-size:29px}.elementor-widget-heading .elementor-heading-title.elementor-size-xl{font-size:39px}.elementor-widget-heading .elementor-heading-title.elementor-size-xxl{font-size:59px}<\/style><span class=\"elementor-heading-title elementor-size-default\">Wir sind da, um Ihnen zu helfen\n<\/span>\t\t<\/div>\n\t\t\t\t<\/div>\n\t\t\t\t<div class=\"elementor-element elementor-element-161a9fab elementor-widget elementor-widget-heading\" data-id=\"161a9fab\" data-element_type=\"widget\" data-widget_type=\"heading.default\">\n\t\t\t\t<div class=\"elementor-widget-container\">\n\t\t\t<h3 class=\"elementor-heading-title elementor-size-default\">Reklamationen <\/h3>\t\t<\/div>\n\t\t\t\t<\/div>\n\t\t\t\t<div class=\"elementor-element elementor-element-d44d1a0 elementor-widget elementor-widget-text-editor\" data-id=\"d44d1a0\" data-element_type=\"widget\" data-widget_type=\"text-editor.default\">\n\t\t\t\t<div class=\"elementor-widget-container\">\n\t\t\t<style>\/*! elementor - v3.23.0 - 05-08-2024 *\/\n.elementor-widget-text-editor.elementor-drop-cap-view-stacked .elementor-drop-cap{background-color:#69727d;color:#fff}.elementor-widget-text-editor.elementor-drop-cap-view-framed .elementor-drop-cap{color:#69727d;border:3px solid;background-color:transparent}.elementor-widget-text-editor:not(.elementor-drop-cap-view-default) .elementor-drop-cap{margin-top:8px}.elementor-widget-text-editor:not(.elementor-drop-cap-view-default) .elementor-drop-cap-letter{width:1em;height:1em}.elementor-widget-text-editor .elementor-drop-cap{float:left;text-align:center;line-height:1;font-size:50px}.elementor-widget-text-editor .elementor-drop-cap-letter{display:inline-block}<\/style><div class=\"aa-text__body checkmark-list\">\t\t\t\t<p style=\"font-size: 18px;\">Neoss-Produkte sind f\u00fcr kontinuierliche H\u00f6chstleistung ausgelegt. Sollten Sie jedoch ein Problem mit einem Neoss Produkt haben, bitten wir das entsprechende Online Formular auszuf\u00fcllen. Ihr Feedback ist wichtig f\u00fcr die Weiterentwicklung unserer Produkte und Dienstleistungen.\u00a0<\/p><p style=\"font-size: 18px;\">\u00a0<\/p><p style=\"font-size: 18px;\">So reichen Sie Ihre Reklamation \u00fcber ein Neoss-Produkt ein:<\/p><ol><li>W\u00e4hlen Sie das entsprechende Online Reklamationsformular rechts in der zutreffenden Sprache aus.<\/li><li>F\u00fcllen Sie das Online Formular aus und senden es ab.<\/li><li>Sie erhalten eine Best\u00e4tigungs-E-Mail mit einer Reklamations-ID-Nummer.<\/li><li>Senden Sie das mit der ID-Nummer versehene sterilisierte Produkt an Ihre \u00f6rtliche Niederlassung (siehe Kontakt).<\/li><li>Die lokale Neoss-Niederlassung wird die Reklamation weiter bearbeiten.<\/li><\/ol><p>\u00a0<\/p><p>Alternativ k\u00f6nnen Sie weiter unten auf dieser Seite ein PDF-Formular in der f\u00fcr Sie zutreffenden Sprache herunterladen und manuell ausf\u00fcllen.<\/p>\t\t\t\t<\/div>\t\t<\/div>\n\t\t\t\t<\/div>\n\t\t\t\t<\/div>\n\t\t<div class=\"elementor-element elementor-element-72edde4e e-con-full e-flex e-con e-child\" data-id=\"72edde4e\" data-element_type=\"container\">\n\t\t<div class=\"elementor-element elementor-element-3dfe63ca e-flex e-con-boxed e-con e-child\" data-id=\"3dfe63ca\" data-element_type=\"container\">\n\t\t\t\t\t<div class=\"e-con-inner\">\n\t\t<div class=\"elementor-element elementor-element-7ab30b48 e-grid e-con-full e-con e-child\" data-id=\"7ab30b48\" data-element_type=\"container\">\n\t\t\t\t<div class=\"elementor-element elementor-element-7a159741 elementor-widget elementor-widget-button\" data-id=\"7a159741\" data-element_type=\"widget\" data-widget_type=\"button.default\">\n\t\t\t\t<div class=\"elementor-widget-container\">\n\t\t\t\t\t<div class=\"elementor-button-wrapper\">\n\t\t\t<a class=\"elementor-button elementor-button-link elementor-size-sm\" href=\"https:\/\/complaint.neoss.com\/?c=DE&#038;_gl=1*fbduq2*_gcl_au*ODAyMjUyOTk5LjE3Mzk0NDE1NjU.*_ga*MTExNTkzNTAwOS4xNzIyNjU0MzU4*_ga_GQ5V7B72KS*MTc0NTQ2Mzg2NS41OC4xLjE3NDU0NjQxMTUuMC4wLjA.\">\n\t\t\t\t\t\t<span class=\"elementor-button-content-wrapper\">\n\t\t\t\t\t\t\t\t\t<span class=\"elementor-button-text\">Reklamationsformular (Deutsch)<\/span>\n\t\t\t\t\t<\/span>\n\t\t\t\t\t<\/a>\n\t\t<\/div>\n\t\t\t\t<\/div>\n\t\t\t\t<\/div>\n\t\t\t\t<div class=\"elementor-element elementor-element-18516059 elementor-widget elementor-widget-button\" data-id=\"18516059\" data-element_type=\"widget\" data-widget_type=\"button.default\">\n\t\t\t\t<div class=\"elementor-widget-container\">\n\t\t\t\t\t<div class=\"elementor-button-wrapper\">\n\t\t\t<a class=\"elementor-button elementor-button-link elementor-size-sm\" href=\"https:\/\/complaint.neoss.com\/?c=GB\">\n\t\t\t\t\t\t<span class=\"elementor-button-content-wrapper\">\n\t\t\t\t\t\t\t\t\t<span class=\"elementor-button-text\">Reklamationsformular (Englisch)<\/span>\n\t\t\t\t\t<\/span>\n\t\t\t\t\t<\/a>\n\t\t<\/div>\n\t\t\t\t<\/div>\n\t\t\t\t<\/div>\n\t\t\t\t<div class=\"elementor-element elementor-element-522037ca elementor-widget elementor-widget-button\" data-id=\"522037ca\" data-element_type=\"widget\" data-widget_type=\"button.default\">\n\t\t\t\t<div class=\"elementor-widget-container\">\n\t\t\t\t\t<div class=\"elementor-button-wrapper\">\n\t\t\t<a class=\"elementor-button elementor-button-link elementor-size-sm\" href=\"https:\/\/complaint.neoss.com\/?c=IT&#038;_gl=1*fbduq2*_gcl_au*ODAyMjUyOTk5LjE3Mzk0NDE1NjU.*_ga*MTExNTkzNTAwOS4xNzIyNjU0MzU4*_ga_GQ5V7B72KS*MTc0NTQ2Mzg2NS41OC4xLjE3NDU0NjQxMTUuMC4wLjA.\">\n\t\t\t\t\t\t<span class=\"elementor-button-content-wrapper\">\n\t\t\t\t\t\t\t\t\t<span class=\"elementor-button-text\">Reklamationsformular (Italienisch)<\/span>\n\t\t\t\t\t<\/span>\n\t\t\t\t\t<\/a>\n\t\t<\/div>\n\t\t\t\t<\/div>\n\t\t\t\t<\/div>\n\t\t\t\t<div class=\"elementor-element elementor-element-7bafbc1b elementor-widget elementor-widget-button\" data-id=\"7bafbc1b\" data-element_type=\"widget\" data-widget_type=\"button.default\">\n\t\t\t\t<div class=\"elementor-widget-container\">\n\t\t\t\t\t<div class=\"elementor-button-wrapper\">\n\t\t\t<a class=\"elementor-button elementor-button-link elementor-size-sm\" href=\"https:\/\/complaint.neoss.com\/?c=SE&#038;_gl=1*fbduq2*_gcl_au*ODAyMjUyOTk5LjE3Mzk0NDE1NjU.*_ga*MTExNTkzNTAwOS4xNzIyNjU0MzU4*_ga_GQ5V7B72KS*MTc0NTQ2Mzg2NS41OC4xLjE3NDU0NjQxMTUuMC4wLjA.\">\n\t\t\t\t\t\t<span class=\"elementor-button-content-wrapper\">\n\t\t\t\t\t\t\t\t\t<span class=\"elementor-button-text\">Reklamationsformular (Schwedisch)<\/span>\n\t\t\t\t\t<\/span>\n\t\t\t\t\t<\/a>\n\t\t<\/div>\n\t\t\t\t<\/div>\n\t\t\t\t<\/div>\n\t\t\t\t<div class=\"elementor-element elementor-element-3f9a313f elementor-widget elementor-widget-button\" data-id=\"3f9a313f\" data-element_type=\"widget\" data-widget_type=\"button.default\">\n\t\t\t\t<div class=\"elementor-widget-container\">\n\t\t\t\t\t<div class=\"elementor-button-wrapper\">\n\t\t\t<a class=\"elementor-button elementor-button-link elementor-size-sm\" href=\"https:\/\/complaint.neoss.com\/?c=CN&#038;_gl=1*fbduq2*_gcl_au*ODAyMjUyOTk5LjE3Mzk0NDE1NjU.*_ga*MTExNTkzNTAwOS4xNzIyNjU0MzU4*_ga_GQ5V7B72KS*MTc0NTQ2Mzg2NS41OC4xLjE3NDU0NjQxMTUuMC4wLjA.\">\n\t\t\t\t\t\t<span class=\"elementor-button-content-wrapper\">\n\t\t\t\t\t\t\t\t\t<span class=\"elementor-button-text\">Reklamationsformular (Chinesisch)<\/span>\n\t\t\t\t\t<\/span>\n\t\t\t\t\t<\/a>\n\t\t<\/div>\n\t\t\t\t<\/div>\n\t\t\t\t<\/div>\n\t\t\t\t<\/div>\n\t\t\t\t\t<\/div>\n\t\t\t\t<\/div>\n\t\t\t\t<\/div>\n\t\t\t\t<\/div>\n\t\t<div class=\"elementor-element elementor-element-d9db7 e-con-full e-flex e-con e-parent\" data-id=\"d9db7\" data-element_type=\"container\">\n\t\t<div class=\"elementor-element elementor-element-744a42c9 e-con-full e-flex e-con e-child\" data-id=\"744a42c9\" data-element_type=\"container\">\n\t\t\t\t<div class=\"elementor-element elementor-element-690316fc elementor-widget elementor-widget-image\" data-id=\"690316fc\" data-element_type=\"widget\" data-widget_type=\"image.default\">\n\t\t\t\t<div class=\"elementor-widget-container\">\n\t\t\t<style>\/*! elementor - v3.23.0 - 05-08-2024 *\/\n.elementor-widget-image{text-align:center}.elementor-widget-image a{display:inline-block}.elementor-widget-image a img[src$=\".svg\"]{width:48px}.elementor-widget-image img{vertical-align:middle;display:inline-block}<\/style>\t\t\t\t\t\t\t\t\t\t<img decoding=\"async\" src=\"https:\/\/neoss-web.azureedge.net\/Neoss%20lifetime%20warranty-1.webp\" title=\"\" alt=\"\" loading=\"lazy\" \/>\t\t\t\t\t\t\t\t\t\t\t\t\t<\/div>\n\t\t\t\t<\/div>\n\t\t\t\t<\/div>\n\t\t<div class=\"elementor-element elementor-element-7ac8b3b7 e-flex e-con-boxed e-con e-child\" data-id=\"7ac8b3b7\" data-element_type=\"container\">\n\t\t\t\t\t<div class=\"e-con-inner\">\n\t\t\t\t<div class=\"elementor-element elementor-element-4649ed25 elementor-widget elementor-widget-heading\" data-id=\"4649ed25\" data-element_type=\"widget\" data-widget_type=\"heading.default\">\n\t\t\t\t<div class=\"elementor-widget-container\">\n\t\t\t<span class=\"elementor-heading-title elementor-size-default\">WEIL WIR WISSEN, DASS UNSERE PRODUKTE FUNKTIONIEREN\n<\/span>\t\t<\/div>\n\t\t\t\t<\/div>\n\t\t\t\t<div class=\"elementor-element elementor-element-65096243 elementor-widget elementor-widget-heading\" data-id=\"65096243\" data-element_type=\"widget\" data-widget_type=\"heading.default\">\n\t\t\t\t<div class=\"elementor-widget-container\">\n\t\t\t<h1 class=\"elementor-heading-title elementor-size-default\">Garantie<\/h1>\t\t<\/div>\n\t\t\t\t<\/div>\n\t\t\t\t<div class=\"elementor-element elementor-element-20b71e1d elementor-widget elementor-widget-text-editor\" data-id=\"20b71e1d\" data-element_type=\"widget\" data-widget_type=\"text-editor.default\">\n\t\t\t\t<div class=\"elementor-widget-container\">\n\t\t\t<div class=\"aa-text__body checkmark-list\">\t\t\t\t<p>Klicken Sie auf den untenstehenden Link, um unsere Garantiebestimmungen zu finden.<\/p><p><a href=\"https:\/\/neoss-web.azureedge.net\/sites\/12\/2025\/07\/10425_3-Warranty-Program-DE.pdf\">Neoss-Garantieprogramm<\/a><\/p>\t\t\t\t<\/div>\t\t<\/div>\n\t\t\t\t<\/div>\n\t\t\t\t\t<\/div>\n\t\t\t\t<\/div>\n\t\t\t\t<\/div>\n\t\t<div class=\"elementor-element elementor-element-57bcf3b1 e-con-full e-flex e-con e-parent\" data-id=\"57bcf3b1\" data-element_type=\"container\">\n\t\t<div class=\"elementor-element elementor-element-3585706a e-con-full e-flex e-con e-child\" data-id=\"3585706a\" data-element_type=\"container\">\n\t\t\t\t<div class=\"elementor-element elementor-element-54c057bd elementor-widget elementor-widget-yunce_swiper_module\" data-id=\"54c057bd\" data-element_type=\"widget\" data-widget_type=\"yunce_swiper_module.default\">\n\t\t\t\t<div class=\"elementor-widget-container\">\n\t\t\t<div class=\"yunce_swiper_module\"\r\n    data-module=\"54c057bd\" data-skip-lazy=\"1\">\r\n    <div class=\"swiper_box\">\r\n                    <div class=\"swiper_module_title\">\r\n                <h4 class=\"aa-slider-title\">Download<\/h4>\r\n            <\/div>\r\n                <div class=\"yunce-swiper-container\"\r\n            data-config='{\"autoplay_delay\":5000,\"autoplay\":false,\"loop\":false,\"speed\":500,\"show_navigation\":true,\"show_pagination\":true}'>\r\n            <div class=\"swiper-wrapper\">\r\n                                    <div class=\"swiper-slide swiper-item\">\r\n                                                    <div class=\"swiper-thumbnail\">\r\n                                <img decoding=\"async\" data-skip-lazy=\"1\" src=\"https:\/\/neoss-web.azureedge.net\/global\/Images\/theme-assets\/neoss-prod-thumbnail-bg.svg\" alt=\"Deutsch - Neoss Reklamationsformular\">\r\n                            <\/div>\r\n                        \r\n                                                    <h5 class=\"swiper-title\">Deutsch - Neoss Reklamationsformular<\/h5>\r\n                        \r\n                        \r\n                                                    <div class=\"item-button-box\">\r\n                                <a href=\"https:\/\/neoss-web.azureedge.net\/10426_10%20Neoss%20Customer%20Complaint%20Form%20DE.pdf\"\r\n                                rel=\"nofollow\"                                target=\"_blank\"                                class=\"elementor-button item-button\">\r\n                                    Download                                <\/a>\r\n                            <\/div>\r\n\r\n                                            <\/div>\r\n                            <\/div>\r\n            <div class=\"slider-gradient-overlay\"><\/div>\r\n        <\/div>\r\n\r\n                    <div class=\"swiper-button-next e-no-lazyload\"><\/div>\r\n            <div class=\"swiper-button-prev e-no-lazyload\"><\/div>\r\n            <\/div>\r\n            <div class=\"swiper-pagination\"><\/div>\r\n    <\/div>\t\t<\/div>\n\t\t\t\t<\/div>\n\t\t\t\t<\/div>\n\t\t\t\t<\/div>\n\t\t\t\t<\/div>\n\t\t","protected":false},"excerpt":{"rendered":"<p>Wir sind da, um Ihnen zu helfen Reklamationen Neoss-Produkte sind f\u00fcr kontinuierliche H\u00f6chstleistung ausgelegt. Sollten Sie jedoch ein Problem mit einem Neoss Produkt haben, bitten wir das entsprechende Online Formular auszuf\u00fcllen. Ihr Feedback ist wichtig f\u00fcr die Weiterentwicklung unserer Produkte und Dienstleistungen.\u00a0 \u00a0 So reichen Sie Ihre Reklamation \u00fcber ein Neoss-Produkt ein: W\u00e4hlen Sie das [&hellip;]<\/p>\n","protected":false},"author":3,"featured_media":0,"parent":0,"menu_order":0,"comment_status":"closed","ping_status":"closed","template":"","meta":{"_acf_changed":false,"content-type":"","_relevanssi_hide_post":"","_relevanssi_hide_content":"","_relevanssi_pin_for_all":"","_relevanssi_pin_keywords":"","_relevanssi_unpin_keywords":"","_relevanssi_related_keywords":"","_relevanssi_related_include_ids":"","_relevanssi_related_exclude_ids":"","_relevanssi_related_no_append":"","_relevanssi_related_not_related":"","_relevanssi_related_posts":"","_relevanssi_noindex_reason":"","footnotes":""},"categories":[41],"tags":[],"page_type":[18],"class_list":["post-3152","page","type-page","status-publish","hentry","category-normal","page_type-page"],"acf":[],"yoast_head":"<!-- This site is optimized with the Yoast SEO Premium plugin v24.8 (Yoast SEO v24.8.1) - https:\/\/yoast.com\/wordpress\/plugins\/seo\/ -->\n<title>Reklamation<\/title>\n<meta name=\"robots\" content=\"index, follow, max-snippet:-1, max-image-preview:large, max-video-preview:-1\" \/>\n<link rel=\"canonical\" href=\"https:\/\/www.neoss.com\/de\/reklamation\/\" \/>\n<meta property=\"og:locale\" content=\"de_DE\" \/>\n<meta property=\"og:type\" content=\"article\" \/>\n<meta property=\"og:title\" content=\"Reklamation\" \/>\n<meta property=\"og:description\" content=\"Wir sind da, um Ihnen zu helfen Reklamationen Neoss-Produkte sind f\u00fcr kontinuierliche H\u00f6chstleistung ausgelegt. Sollten Sie jedoch ein Problem mit einem Neoss Produkt haben, bitten wir das entsprechende Online Formular auszuf\u00fcllen. Ihr Feedback ist wichtig f\u00fcr die Weiterentwicklung unserer Produkte und Dienstleistungen.\u00a0 \u00a0 So reichen Sie Ihre Reklamation \u00fcber ein Neoss-Produkt ein: W\u00e4hlen Sie das [&hellip;]\" \/>\n<meta property=\"og:url\" content=\"https:\/\/www.neoss.com\/de\/reklamation\/\" \/>\n<meta property=\"og:site_name\" content=\"Deutschland\" \/>\n<meta property=\"article:publisher\" content=\"https:\/\/www.facebook.com\/NeossGroup\" \/>\n<meta property=\"article:modified_time\" content=\"2025-08-18T12:09:33+00:00\" \/>\n<meta property=\"og:image\" content=\"https:\/\/neoss-web.azureedge.net\/Neoss%20lifetime%20warranty-1.webp\" \/>\n<meta name=\"twitter:card\" content=\"summary_large_image\" \/>\n<meta name=\"twitter:label1\" content=\"Est. reading time\" \/>\n\t<meta name=\"twitter:data1\" content=\"2 minutes\" \/>\n<script type=\"application\/ld+json\" class=\"yoast-schema-graph\">{\"@context\":\"https:\/\/schema.org\",\"@graph\":[{\"@type\":\"WebPage\",\"@id\":\"https:\/\/www.neoss.com\/de\/reklamation\/\",\"url\":\"https:\/\/www.neoss.com\/de\/reklamation\/\",\"name\":\"Reklamation\",\"isPartOf\":{\"@id\":\"https:\/\/www.neoss.com\/de\/#website\"},\"primaryImageOfPage\":{\"@id\":\"https:\/\/www.neoss.com\/de\/reklamation\/#primaryimage\"},\"image\":{\"@id\":\"https:\/\/www.neoss.com\/de\/reklamation\/#primaryimage\"},\"thumbnailUrl\":\"https:\/\/blob.neoss.com\/Neoss%20lifetime%20warranty-1.webp\",\"datePublished\":\"2025-01-25T00:16:17+00:00\",\"dateModified\":\"2025-08-18T12:09:33+00:00\",\"breadcrumb\":{\"@id\":\"https:\/\/www.neoss.com\/de\/reklamation\/#breadcrumb\"},\"inLanguage\":\"de-DE\",\"potentialAction\":[{\"@type\":\"ReadAction\",\"target\":[\"https:\/\/www.neoss.com\/de\/reklamation\/\"]}]},{\"@type\":\"ImageObject\",\"inLanguage\":\"de-DE\",\"@id\":\"https:\/\/www.neoss.com\/de\/reklamation\/#primaryimage\",\"url\":\"https:\/\/blob.neoss.com\/Neoss%20lifetime%20warranty-1.webp\",\"contentUrl\":\"https:\/\/blob.neoss.com\/Neoss%20lifetime%20warranty-1.webp\"},{\"@type\":\"BreadcrumbList\",\"@id\":\"https:\/\/www.neoss.com\/de\/reklamation\/#breadcrumb\",\"itemListElement\":[{\"@type\":\"ListItem\",\"position\":1,\"name\":\"Home\",\"item\":\"https:\/\/www.neoss.com\/de\/\"},{\"@type\":\"ListItem\",\"position\":2,\"name\":\"Reklamation\"}]},{\"@type\":\"WebSite\",\"@id\":\"https:\/\/www.neoss.com\/de\/#website\",\"url\":\"https:\/\/www.neoss.com\/de\/\",\"name\":\"Neoss - Intelligent Simplicity\",\"description\":\"\",\"publisher\":{\"@id\":\"https:\/\/www.neoss.com\/de\/#organization\"},\"potentialAction\":[{\"@type\":\"SearchAction\",\"target\":{\"@type\":\"EntryPoint\",\"urlTemplate\":\"https:\/\/www.neoss.com\/de\/?s={search_term_string}\"},\"query-input\":{\"@type\":\"PropertyValueSpecification\",\"valueRequired\":true,\"valueName\":\"search_term_string\"}}],\"inLanguage\":\"de-DE\"},{\"@type\":\"Organization\",\"@id\":\"https:\/\/www.neoss.com\/de\/#organization\",\"name\":\"neoss\",\"url\":\"https:\/\/www.neoss.com\/de\/\",\"logo\":{\"@type\":\"ImageObject\",\"inLanguage\":\"de-DE\",\"@id\":\"https:\/\/www.neoss.com\/de\/#\/schema\/logo\/image\/\",\"url\":\"https:\/\/blob.neoss.com\/logo\/neoss-logo1-1.svg\",\"contentUrl\":\"https:\/\/blob.neoss.com\/logo\/neoss-logo1-1.svg\",\"width\":96,\"height\":31,\"caption\":\"neoss\"},\"image\":{\"@id\":\"https:\/\/www.neoss.com\/de\/#\/schema\/logo\/image\/\"},\"sameAs\":[\"https:\/\/www.facebook.com\/NeossGroup\"]}]}<\/script>\n<!-- \/ Yoast SEO Premium plugin. -->","yoast_head_json":{"title":"Reklamation","robots":{"index":"index","follow":"follow","max-snippet":"max-snippet:-1","max-image-preview":"max-image-preview:large","max-video-preview":"max-video-preview:-1"},"canonical":"https:\/\/www.neoss.com\/de\/reklamation\/","og_locale":"de_DE","og_type":"article","og_title":"Reklamation","og_description":"Wir sind da, um Ihnen zu helfen Reklamationen Neoss-Produkte sind f\u00fcr kontinuierliche H\u00f6chstleistung ausgelegt. Sollten Sie jedoch ein Problem mit einem Neoss Produkt haben, bitten wir das entsprechende Online Formular auszuf\u00fcllen. Ihr Feedback ist wichtig f\u00fcr die Weiterentwicklung unserer Produkte und Dienstleistungen.\u00a0 \u00a0 So reichen Sie Ihre Reklamation \u00fcber ein Neoss-Produkt ein: W\u00e4hlen Sie das [&hellip;]","og_url":"https:\/\/www.neoss.com\/de\/reklamation\/","og_site_name":"Deutschland","article_publisher":"https:\/\/www.facebook.com\/NeossGroup","article_modified_time":"2025-08-18T12:09:33+00:00","og_image":[{"url":"https:\/\/neoss-web.azureedge.net\/Neoss%20lifetime%20warranty-1.webp","type":"","width":"","height":""}],"twitter_card":"summary_large_image","twitter_misc":{"Est. reading time":"2 minutes"},"schema":{"@context":"https:\/\/schema.org","@graph":[{"@type":"WebPage","@id":"https:\/\/www.neoss.com\/de\/reklamation\/","url":"https:\/\/www.neoss.com\/de\/reklamation\/","name":"Reklamation","isPartOf":{"@id":"https:\/\/www.neoss.com\/de\/#website"},"primaryImageOfPage":{"@id":"https:\/\/www.neoss.com\/de\/reklamation\/#primaryimage"},"image":{"@id":"https:\/\/www.neoss.com\/de\/reklamation\/#primaryimage"},"thumbnailUrl":"https:\/\/blob.neoss.com\/Neoss%20lifetime%20warranty-1.webp","datePublished":"2025-01-25T00:16:17+00:00","dateModified":"2025-08-18T12:09:33+00:00","breadcrumb":{"@id":"https:\/\/www.neoss.com\/de\/reklamation\/#breadcrumb"},"inLanguage":"de-DE","potentialAction":[{"@type":"ReadAction","target":["https:\/\/www.neoss.com\/de\/reklamation\/"]}]},{"@type":"ImageObject","inLanguage":"de-DE","@id":"https:\/\/www.neoss.com\/de\/reklamation\/#primaryimage","url":"https:\/\/blob.neoss.com\/Neoss%20lifetime%20warranty-1.webp","contentUrl":"https:\/\/blob.neoss.com\/Neoss%20lifetime%20warranty-1.webp"},{"@type":"BreadcrumbList","@id":"https:\/\/www.neoss.com\/de\/reklamation\/#breadcrumb","itemListElement":[{"@type":"ListItem","position":1,"name":"Home","item":"https:\/\/www.neoss.com\/de\/"},{"@type":"ListItem","position":2,"name":"Reklamation"}]},{"@type":"WebSite","@id":"https:\/\/www.neoss.com\/de\/#website","url":"https:\/\/www.neoss.com\/de\/","name":"Neoss - Intelligent Simplicity","description":"","publisher":{"@id":"https:\/\/www.neoss.com\/de\/#organization"},"potentialAction":[{"@type":"SearchAction","target":{"@type":"EntryPoint","urlTemplate":"https:\/\/www.neoss.com\/de\/?s={search_term_string}"},"query-input":{"@type":"PropertyValueSpecification","valueRequired":true,"valueName":"search_term_string"}}],"inLanguage":"de-DE"},{"@type":"Organization","@id":"https:\/\/www.neoss.com\/de\/#organization","name":"neoss","url":"https:\/\/www.neoss.com\/de\/","logo":{"@type":"ImageObject","inLanguage":"de-DE","@id":"https:\/\/www.neoss.com\/de\/#\/schema\/logo\/image\/","url":"https:\/\/blob.neoss.com\/logo\/neoss-logo1-1.svg","contentUrl":"https:\/\/blob.neoss.com\/logo\/neoss-logo1-1.svg","width":96,"height":31,"caption":"neoss"},"image":{"@id":"https:\/\/www.neoss.com\/de\/#\/schema\/logo\/image\/"},"sameAs":["https:\/\/www.facebook.com\/NeossGroup"]}]}},"_links":{"self":[{"href":"https:\/\/www.neoss.com\/de\/wp-json\/wp\/v2\/pages\/3152","targetHints":{"allow":["GET"]}}],"collection":[{"href":"https:\/\/www.neoss.com\/de\/wp-json\/wp\/v2\/pages"}],"about":[{"href":"https:\/\/www.neoss.com\/de\/wp-json\/wp\/v2\/types\/page"}],"author":[{"embeddable":true,"href":"https:\/\/www.neoss.com\/de\/wp-json\/wp\/v2\/users\/3"}],"replies":[{"embeddable":true,"href":"https:\/\/www.neoss.com\/de\/wp-json\/wp\/v2\/comments?post=3152"}],"version-history":[{"count":8,"href":"https:\/\/www.neoss.com\/de\/wp-json\/wp\/v2\/pages\/3152\/revisions"}],"predecessor-version":[{"id":9363,"href":"https:\/\/www.neoss.com\/de\/wp-json\/wp\/v2\/pages\/3152\/revisions\/9363"}],"wp:attachment":[{"href":"https:\/\/www.neoss.com\/de\/wp-json\/wp\/v2\/media?parent=3152"}],"wp:term":[{"taxonomy":"category","embeddable":true,"href":"https:\/\/www.neoss.com\/de\/wp-json\/wp\/v2\/categories?post=3152"},{"taxonomy":"post_tag","embeddable":true,"href":"https:\/\/www.neoss.com\/de\/wp-json\/wp\/v2\/tags?post=3152"},{"taxonomy":"page_type","embeddable":true,"href":"https:\/\/www.neoss.com\/de\/wp-json\/wp\/v2\/page_type?post=3152"}],"curies":[{"name":"wp","href":"https:\/\/api.w.org\/{rel}","templated":true}]}}