{"id":3206,"date":"2025-01-25T08:50:03","date_gmt":"2025-01-25T00:50:03","guid":{"rendered":"https:\/\/www.neoss.com\/de\/?page_id=3206"},"modified":"2025-06-11T15:35:24","modified_gmt":"2025-06-11T07:35:24","slug":"die-neoss-gruppe","status":"publish","type":"page","link":"https:\/\/www.neoss.com\/de\/die-neoss-gruppe\/","title":{"rendered":"Die Neoss Gruppe"},"content":{"rendered":"\t\t<div data-elementor-type=\"wp-page\" data-elementor-id=\"3206\" class=\"elementor elementor-3206\" data-elementor-post-type=\"page\">\n\t\t\t\t<div class=\"elementor-element elementor-element-6b0db2d e-con-full e-flex e-con e-parent\" data-id=\"6b0db2d\" data-element_type=\"container\">\n\t\t<div class=\"elementor-element elementor-element-c8dc038 e-con-full e-flex e-con e-child\" data-id=\"c8dc038\" data-element_type=\"container\">\n\t\t\t\t<div class=\"elementor-element elementor-element-469cabc elementor-widget elementor-widget-image\" data-id=\"469cabc\" data-element_type=\"widget\" data-widget_type=\"image.default\">\n\t\t\t\t<div class=\"elementor-widget-container\">\n\t\t\t\t\t\t\t\t\t\t\t\t\t<img decoding=\"async\" src=\"https:\/\/neoss-web.azureedge.net\/global\/Images\/City%20images\/Sthlm-1920x1200.jpg?width=1919&#038;quality=high\" title=\"\" alt=\"\" loading=\"lazy\" \/>\t\t\t\t\t\t\t\t\t\t\t\t\t<\/div>\n\t\t\t\t<\/div>\n\t\t\t\t<\/div>\n\t\t<div class=\"elementor-element elementor-element-3fa9f76 e-flex e-con-boxed e-con e-child\" data-id=\"3fa9f76\" data-element_type=\"container\">\n\t\t\t\t\t<div class=\"e-con-inner\">\n\t\t\t\t<div class=\"elementor-element elementor-element-3ea8828 elementor-widget elementor-widget-heading\" data-id=\"3ea8828\" data-element_type=\"widget\" data-widget_type=\"heading.default\">\n\t\t\t\t<div class=\"elementor-widget-container\">\n\t\t\t<span class=\"elementor-heading-title elementor-size-default\">Neoss Group\n<\/span>\t\t<\/div>\n\t\t\t\t<\/div>\n\t\t\t\t<div class=\"elementor-element elementor-element-b23cc76 elementor-widget elementor-widget-heading\" data-id=\"b23cc76\" data-element_type=\"widget\" data-widget_type=\"heading.default\">\n\t\t\t\t<div class=\"elementor-widget-container\">\n\t\t\t<h2 class=\"elementor-heading-title elementor-size-default\"> Weiterentwicklung der Wissenschaft in der Zahnimplantatbehandlung<\/h2>\t\t<\/div>\n\t\t\t\t<\/div>\n\t\t\t\t<div class=\"elementor-element elementor-element-9f8be82 elementor-widget elementor-widget-text-editor\" data-id=\"9f8be82\" data-element_type=\"widget\" data-widget_type=\"text-editor.default\">\n\t\t\t\t<div class=\"elementor-widget-container\">\n\t\t\t<div class=\"aa-text__body checkmark-list\">\t\t\t\tSeit 2000 engagiert sich Neoss\u00ae f\u00fcr die Entwicklung der Wissenschaft der Zahnimplantatbehandlung: Entwicklung, Herstellung und Verkauf von Produkten h\u00f6chster Qualit\u00e4t mit f\u00fchrender Funktionalit\u00e4t. Um diese Mission zu erf\u00fcllen und eine umfassende L\u00f6sung f\u00fcr Zahn\u00e4rzte, Dentallabore und Patienten bereitzustellen, geht Neoss Partnerschaften ein und investiert in innovative, hochmoderne Unternehmen. Gemeinsam leisten wir Pionierarbeit f\u00fcr intelligente einfache L\u00f6sungen.\t\t\t\t<\/div>\t\t<\/div>\n\t\t\t\t<\/div>\n\t\t\t\t\t<\/div>\n\t\t\t\t<\/div>\n\t\t\t\t<\/div>\n\t\t<div class=\"elementor-element elementor-element-725cceb e-flex e-con-boxed e-con e-parent\" data-id=\"725cceb\" data-element_type=\"container\">\n\t\t\t\t\t<div class=\"e-con-inner\">\n\t\t\t\t<div class=\"elementor-element elementor-element-cd5c3dc elementor-widget elementor-widget-image\" data-id=\"cd5c3dc\" data-element_type=\"widget\" data-widget_type=\"image.default\">\n\t\t\t\t<div class=\"elementor-widget-container\">\n\t\t\t\t\t\t\t\t\t\t\t\t\t<img fetchpriority=\"high\" decoding=\"async\" width=\"501\" height=\"225\" src=\"https:\/\/www.neoss.com\/de\/wp-content\/uploads\/sites\/12\/2025\/01\/Arc-Logo-a-Neoss-Group-1.webp\" class=\"attachment-large size-large wp-image-3218\" alt=\"\" srcset=\"https:\/\/www.neoss.com\/de\/wp-content\/uploads\/sites\/12\/2025\/01\/Arc-Logo-a-Neoss-Group-1.webp 501w, https:\/\/www.neoss.com\/de\/wp-content\/uploads\/sites\/12\/2025\/01\/Arc-Logo-a-Neoss-Group-1-300x135.webp 300w\" sizes=\"(max-width: 501px) 100vw, 501px\" \/>\t\t\t\t\t\t\t\t\t\t\t\t\t<\/div>\n\t\t\t\t<\/div>\n\t\t\t\t<div class=\"elementor-element elementor-element-f64d354 elementor-widget elementor-widget-text-editor\" data-id=\"f64d354\" data-element_type=\"widget\" data-widget_type=\"text-editor.default\">\n\t\t\t\t<div class=\"elementor-widget-container\">\n\t\t\t<div class=\"aa-text__body checkmark-list\">\t\t\t\tARC ist ein schwedisches Produktions- und Entwicklungsunternehmen mit \u00fcber zehn Jahren Erfahrung in Computer-Aided Design and Manufacturing (CAD\/CAM). ARC bietet kundenspezifische gefr\u00e4\u00dfte Produkte, einschlie\u00dflich abgewinkelter Schraubenkan\u00e4le, f\u00fcr Neoss und alle wichtigen Implantatsysteme an. ARC hat vollst\u00e4ndige digitale L\u00f6sungen f\u00fcr Zahn\u00e4rzte, Dentallabore und Patienten. Neoss ist eine Partnerschaft mit ARC eingegangen, um sein Angebot zu vergr\u00f6\u00dfern und unseren Kunden exzellente Dentale Technologien zu bieten.\n<br\/>\n<br\/>\n<p>\n<strong><a href=\"https:\/\/www.arcsolutions.se\/\" target=\"_blank\" rel=\"noreferrer noopener\">Visit the ARC website<\/a><\/strong><\/p>\t\t\t\t<\/div>\t\t<\/div>\n\t\t\t\t<\/div>\n\t\t\t\t\t<\/div>\n\t\t\t\t<\/div>\n\t\t<div class=\"elementor-element elementor-element-6af512a e-con-full e-flex e-con e-parent\" data-id=\"6af512a\" data-element_type=\"container\">\n\t\t<div class=\"elementor-element elementor-element-20e3a52 e-flex e-con-boxed e-con e-child\" data-id=\"20e3a52\" data-element_type=\"container\">\n\t\t\t\t\t<div class=\"e-con-inner\">\n\t\t\t\t<div class=\"elementor-element elementor-element-8134745 elementor-widget elementor-widget-heading\" data-id=\"8134745\" data-element_type=\"widget\" data-widget_type=\"heading.default\">\n\t\t\t\t<div class=\"elementor-widget-container\">\n\t\t\t<span class=\"elementor-heading-title elementor-size-default\"> Haben Sie Fragen?<\/span>\t\t<\/div>\n\t\t\t\t<\/div>\n\t\t\t\t<div class=\"elementor-element elementor-element-9894e93 elementor-widget elementor-widget-heading\" data-id=\"9894e93\" data-element_type=\"widget\" data-widget_type=\"heading.default\">\n\t\t\t\t<div class=\"elementor-widget-container\">\n\t\t\t<h2 class=\"elementor-heading-title elementor-size-default\">Wir helfen Ihnen gerne weiter\n\n<\/h2>\t\t<\/div>\n\t\t\t\t<\/div>\n\t\t\t\t<div class=\"elementor-element elementor-element-2c06499 aa-form-button--1 elementor-widget elementor-widget-hubspot-form\" data-id=\"2c06499\" data-element_type=\"widget\" data-widget_type=\"hubspot-form.default\">\n\t\t\t\t<div class=\"elementor-widget-container\">\n\t\t\t\n\t\t\t\t\t<script>\n\t\t\t\t\t\twindow.hsFormsOnReady = window.hsFormsOnReady || [];\n\t\t\t\t\t\twindow.hsFormsOnReady.push(()=>{\n\t\t\t\t\t\t\thbspt.forms.create({\n\t\t\t\t\t\t\t\tportalId: 19798429,\n\t\t\t\t\t\t\t\tformId: \"2912d187-c338-4118-9bfb-610e3af0cdd4\",\n\t\t\t\t\t\t\t\ttarget: \"#hbspt-form-1777464466000-4729849159\",\n\t\t\t\t\t\t\t\tregion: \"na1\",\n\t\t\t\t\t\t\t\t\n\t\t\t\t\t\t})});\n\t\t\t\t\t<\/script>\n\t\t\t\t\t<div class=\"hbspt-form\" id=\"hbspt-form-1777464466000-4729849159\"><\/div>\t\t<\/div>\n\t\t\t\t<\/div>\n\t\t\t\t\t<\/div>\n\t\t\t\t<\/div>\n\t\t<div class=\"elementor-element elementor-element-e319b44 e-con-full e-flex e-con e-child\" data-id=\"e319b44\" data-element_type=\"container\" data-settings=\"{&quot;background_background&quot;:&quot;classic&quot;}\">\n\t\t\t\t<div class=\"elementor-element elementor-element-37140ee p-bottom-cover elementor-widget elementor-widget-image\" data-id=\"37140ee\" data-element_type=\"widget\" data-widget_type=\"image.default\">\n\t\t\t\t<div class=\"elementor-widget-container\">\n\t\t\t\t\t\t\t\t\t\t\t\t\t<img decoding=\"async\" src=\"https:\/\/neoss-web.azureedge.net\/global\/Images\/theme-assets\/neoss-placeholder.png\" title=\"\" alt=\"\" loading=\"lazy\" \/>\t\t\t\t\t\t\t\t\t\t\t\t\t<\/div>\n\t\t\t\t<\/div>\n\t\t\t\t<\/div>\n\t\t\t\t<\/div>\n\t\t\t\t<\/div>\n\t\t","protected":false},"excerpt":{"rendered":"<p>Neoss Group Weiterentwicklung der Wissenschaft in der Zahnimplantatbehandlung Seit 2000 engagiert sich Neoss\u00ae f\u00fcr die Entwicklung der Wissenschaft der Zahnimplantatbehandlung: Entwicklung, Herstellung und Verkauf von Produkten h\u00f6chster Qualit\u00e4t mit f\u00fchrender Funktionalit\u00e4t. Um diese Mission zu erf\u00fcllen und eine umfassende L\u00f6sung f\u00fcr Zahn\u00e4rzte, Dentallabore und Patienten bereitzustellen, geht Neoss Partnerschaften ein und investiert in innovative, hochmoderne [&hellip;]<\/p>\n","protected":false},"author":3,"featured_media":0,"parent":0,"menu_order":0,"comment_status":"closed","ping_status":"closed","template":"","meta":{"_acf_changed":false,"content-type":"","_relevanssi_hide_post":"","_relevanssi_hide_content":"","_relevanssi_pin_for_all":"","_relevanssi_pin_keywords":"","_relevanssi_unpin_keywords":"","_relevanssi_related_keywords":"","_relevanssi_related_include_ids":"","_relevanssi_related_exclude_ids":"","_relevanssi_related_no_append":"","_relevanssi_related_not_related":"","_relevanssi_related_posts":"","_relevanssi_noindex_reason":"","footnotes":""},"categories":[41],"tags":[],"page_type":[18],"class_list":["post-3206","page","type-page","status-publish","hentry","category-normal","page_type-page"],"acf":[],"yoast_head":"<!-- This site is optimized with the Yoast SEO Premium plugin v24.8 (Yoast SEO v24.8.1) - https:\/\/yoast.com\/wordpress\/plugins\/seo\/ -->\n<title>Die Neoss Gruppe<\/title>\n<meta name=\"robots\" content=\"index, follow, max-snippet:-1, max-image-preview:large, max-video-preview:-1\" \/>\n<link rel=\"canonical\" href=\"https:\/\/www.neoss.com\/de\/die-neoss-gruppe\/\" \/>\n<meta property=\"og:locale\" content=\"de_DE\" \/>\n<meta property=\"og:type\" content=\"article\" \/>\n<meta property=\"og:title\" content=\"Die Neoss Gruppe\" \/>\n<meta property=\"og:description\" content=\"Neoss Group Weiterentwicklung der Wissenschaft in der Zahnimplantatbehandlung Seit 2000 engagiert sich Neoss\u00ae f\u00fcr die Entwicklung der Wissenschaft der Zahnimplantatbehandlung: Entwicklung, Herstellung und Verkauf von Produkten h\u00f6chster Qualit\u00e4t mit f\u00fchrender Funktionalit\u00e4t. Um diese Mission zu erf\u00fcllen und eine umfassende L\u00f6sung f\u00fcr Zahn\u00e4rzte, Dentallabore und Patienten bereitzustellen, geht Neoss Partnerschaften ein und investiert in innovative, hochmoderne [&hellip;]\" \/>\n<meta property=\"og:url\" content=\"https:\/\/www.neoss.com\/de\/die-neoss-gruppe\/\" \/>\n<meta property=\"og:site_name\" content=\"Deutschland\" \/>\n<meta property=\"article:publisher\" content=\"https:\/\/www.facebook.com\/NeossGroup\" \/>\n<meta property=\"article:modified_time\" content=\"2025-06-11T07:35:24+00:00\" \/>\n<meta property=\"og:image\" content=\"https:\/\/neoss-web.azureedge.net\/global\/Images\/City%20images\/Sthlm-1920x1200.jpg?width=1919&#038;quality=high\" \/>\n<meta name=\"twitter:card\" content=\"summary_large_image\" \/>\n<meta name=\"twitter:label1\" content=\"Est. reading time\" \/>\n\t<meta name=\"twitter:data1\" content=\"4 minutes\" \/>\n<script type=\"application\/ld+json\" class=\"yoast-schema-graph\">{\"@context\":\"https:\/\/schema.org\",\"@graph\":[{\"@type\":\"WebPage\",\"@id\":\"https:\/\/www.neoss.com\/de\/die-neoss-gruppe\/\",\"url\":\"https:\/\/www.neoss.com\/de\/die-neoss-gruppe\/\",\"name\":\"Die Neoss Gruppe\",\"isPartOf\":{\"@id\":\"https:\/\/www.neoss.com\/de\/#website\"},\"primaryImageOfPage\":{\"@id\":\"https:\/\/www.neoss.com\/de\/die-neoss-gruppe\/#primaryimage\"},\"image\":{\"@id\":\"https:\/\/www.neoss.com\/de\/die-neoss-gruppe\/#primaryimage\"},\"thumbnailUrl\":\"https:\/\/blob.neoss.com\/global\/Images\/City%20images\/Sthlm-1920x1200.jpg?width=1919&#038;quality=high\",\"datePublished\":\"2025-01-25T00:50:03+00:00\",\"dateModified\":\"2025-06-11T07:35:24+00:00\",\"breadcrumb\":{\"@id\":\"https:\/\/www.neoss.com\/de\/die-neoss-gruppe\/#breadcrumb\"},\"inLanguage\":\"de-DE\",\"potentialAction\":[{\"@type\":\"ReadAction\",\"target\":[\"https:\/\/www.neoss.com\/de\/die-neoss-gruppe\/\"]}]},{\"@type\":\"ImageObject\",\"inLanguage\":\"de-DE\",\"@id\":\"https:\/\/www.neoss.com\/de\/die-neoss-gruppe\/#primaryimage\",\"url\":\"https:\/\/blob.neoss.com\/global\/Images\/City%20images\/Sthlm-1920x1200.jpg?width=1919&#038;quality=high\",\"contentUrl\":\"https:\/\/blob.neoss.com\/global\/Images\/City%20images\/Sthlm-1920x1200.jpg?width=1919&#038;quality=high\"},{\"@type\":\"BreadcrumbList\",\"@id\":\"https:\/\/www.neoss.com\/de\/die-neoss-gruppe\/#breadcrumb\",\"itemListElement\":[{\"@type\":\"ListItem\",\"position\":1,\"name\":\"Home\",\"item\":\"https:\/\/www.neoss.com\/de\/\"},{\"@type\":\"ListItem\",\"position\":2,\"name\":\"Die Neoss Gruppe\"}]},{\"@type\":\"WebSite\",\"@id\":\"https:\/\/www.neoss.com\/de\/#website\",\"url\":\"https:\/\/www.neoss.com\/de\/\",\"name\":\"Neoss - Intelligent Simplicity\",\"description\":\"\",\"publisher\":{\"@id\":\"https:\/\/www.neoss.com\/de\/#organization\"},\"potentialAction\":[{\"@type\":\"SearchAction\",\"target\":{\"@type\":\"EntryPoint\",\"urlTemplate\":\"https:\/\/www.neoss.com\/de\/?s={search_term_string}\"},\"query-input\":{\"@type\":\"PropertyValueSpecification\",\"valueRequired\":true,\"valueName\":\"search_term_string\"}}],\"inLanguage\":\"de-DE\"},{\"@type\":\"Organization\",\"@id\":\"https:\/\/www.neoss.com\/de\/#organization\",\"name\":\"neoss\",\"url\":\"https:\/\/www.neoss.com\/de\/\",\"logo\":{\"@type\":\"ImageObject\",\"inLanguage\":\"de-DE\",\"@id\":\"https:\/\/www.neoss.com\/de\/#\/schema\/logo\/image\/\",\"url\":\"https:\/\/blob.neoss.com\/logo\/neoss-logo1-1.svg\",\"contentUrl\":\"https:\/\/blob.neoss.com\/logo\/neoss-logo1-1.svg\",\"width\":96,\"height\":31,\"caption\":\"neoss\"},\"image\":{\"@id\":\"https:\/\/www.neoss.com\/de\/#\/schema\/logo\/image\/\"},\"sameAs\":[\"https:\/\/www.facebook.com\/NeossGroup\"]}]}<\/script>\n<!-- \/ Yoast SEO Premium plugin. -->","yoast_head_json":{"title":"Die Neoss Gruppe","robots":{"index":"index","follow":"follow","max-snippet":"max-snippet:-1","max-image-preview":"max-image-preview:large","max-video-preview":"max-video-preview:-1"},"canonical":"https:\/\/www.neoss.com\/de\/die-neoss-gruppe\/","og_locale":"de_DE","og_type":"article","og_title":"Die Neoss Gruppe","og_description":"Neoss Group Weiterentwicklung der Wissenschaft in der Zahnimplantatbehandlung Seit 2000 engagiert sich Neoss\u00ae f\u00fcr die Entwicklung der Wissenschaft der Zahnimplantatbehandlung: Entwicklung, Herstellung und Verkauf von Produkten h\u00f6chster Qualit\u00e4t mit f\u00fchrender Funktionalit\u00e4t. Um diese Mission zu erf\u00fcllen und eine umfassende L\u00f6sung f\u00fcr Zahn\u00e4rzte, Dentallabore und Patienten bereitzustellen, geht Neoss Partnerschaften ein und investiert in innovative, hochmoderne [&hellip;]","og_url":"https:\/\/www.neoss.com\/de\/die-neoss-gruppe\/","og_site_name":"Deutschland","article_publisher":"https:\/\/www.facebook.com\/NeossGroup","article_modified_time":"2025-06-11T07:35:24+00:00","og_image":[{"url":"https:\/\/neoss-web.azureedge.net\/global\/Images\/City%20images\/Sthlm-1920x1200.jpg?width=1919&#038;quality=high","type":"","width":"","height":""}],"twitter_card":"summary_large_image","twitter_misc":{"Est. reading time":"4 minutes"},"schema":{"@context":"https:\/\/schema.org","@graph":[{"@type":"WebPage","@id":"https:\/\/www.neoss.com\/de\/die-neoss-gruppe\/","url":"https:\/\/www.neoss.com\/de\/die-neoss-gruppe\/","name":"Die Neoss Gruppe","isPartOf":{"@id":"https:\/\/www.neoss.com\/de\/#website"},"primaryImageOfPage":{"@id":"https:\/\/www.neoss.com\/de\/die-neoss-gruppe\/#primaryimage"},"image":{"@id":"https:\/\/www.neoss.com\/de\/die-neoss-gruppe\/#primaryimage"},"thumbnailUrl":"https:\/\/blob.neoss.com\/global\/Images\/City%20images\/Sthlm-1920x1200.jpg?width=1919&#038;quality=high","datePublished":"2025-01-25T00:50:03+00:00","dateModified":"2025-06-11T07:35:24+00:00","breadcrumb":{"@id":"https:\/\/www.neoss.com\/de\/die-neoss-gruppe\/#breadcrumb"},"inLanguage":"de-DE","potentialAction":[{"@type":"ReadAction","target":["https:\/\/www.neoss.com\/de\/die-neoss-gruppe\/"]}]},{"@type":"ImageObject","inLanguage":"de-DE","@id":"https:\/\/www.neoss.com\/de\/die-neoss-gruppe\/#primaryimage","url":"https:\/\/blob.neoss.com\/global\/Images\/City%20images\/Sthlm-1920x1200.jpg?width=1919&#038;quality=high","contentUrl":"https:\/\/blob.neoss.com\/global\/Images\/City%20images\/Sthlm-1920x1200.jpg?width=1919&#038;quality=high"},{"@type":"BreadcrumbList","@id":"https:\/\/www.neoss.com\/de\/die-neoss-gruppe\/#breadcrumb","itemListElement":[{"@type":"ListItem","position":1,"name":"Home","item":"https:\/\/www.neoss.com\/de\/"},{"@type":"ListItem","position":2,"name":"Die Neoss Gruppe"}]},{"@type":"WebSite","@id":"https:\/\/www.neoss.com\/de\/#website","url":"https:\/\/www.neoss.com\/de\/","name":"Neoss - Intelligent Simplicity","description":"","publisher":{"@id":"https:\/\/www.neoss.com\/de\/#organization"},"potentialAction":[{"@type":"SearchAction","target":{"@type":"EntryPoint","urlTemplate":"https:\/\/www.neoss.com\/de\/?s={search_term_string}"},"query-input":{"@type":"PropertyValueSpecification","valueRequired":true,"valueName":"search_term_string"}}],"inLanguage":"de-DE"},{"@type":"Organization","@id":"https:\/\/www.neoss.com\/de\/#organization","name":"neoss","url":"https:\/\/www.neoss.com\/de\/","logo":{"@type":"ImageObject","inLanguage":"de-DE","@id":"https:\/\/www.neoss.com\/de\/#\/schema\/logo\/image\/","url":"https:\/\/blob.neoss.com\/logo\/neoss-logo1-1.svg","contentUrl":"https:\/\/blob.neoss.com\/logo\/neoss-logo1-1.svg","width":96,"height":31,"caption":"neoss"},"image":{"@id":"https:\/\/www.neoss.com\/de\/#\/schema\/logo\/image\/"},"sameAs":["https:\/\/www.facebook.com\/NeossGroup"]}]}},"_links":{"self":[{"href":"https:\/\/www.neoss.com\/de\/wp-json\/wp\/v2\/pages\/3206","targetHints":{"allow":["GET"]}}],"collection":[{"href":"https:\/\/www.neoss.com\/de\/wp-json\/wp\/v2\/pages"}],"about":[{"href":"https:\/\/www.neoss.com\/de\/wp-json\/wp\/v2\/types\/page"}],"author":[{"embeddable":true,"href":"https:\/\/www.neoss.com\/de\/wp-json\/wp\/v2\/users\/3"}],"replies":[{"embeddable":true,"href":"https:\/\/www.neoss.com\/de\/wp-json\/wp\/v2\/comments?post=3206"}],"version-history":[{"count":8,"href":"https:\/\/www.neoss.com\/de\/wp-json\/wp\/v2\/pages\/3206\/revisions"}],"predecessor-version":[{"id":8299,"href":"https:\/\/www.neoss.com\/de\/wp-json\/wp\/v2\/pages\/3206\/revisions\/8299"}],"wp:attachment":[{"href":"https:\/\/www.neoss.com\/de\/wp-json\/wp\/v2\/media?parent=3206"}],"wp:term":[{"taxonomy":"category","embeddable":true,"href":"https:\/\/www.neoss.com\/de\/wp-json\/wp\/v2\/categories?post=3206"},{"taxonomy":"post_tag","embeddable":true,"href":"https:\/\/www.neoss.com\/de\/wp-json\/wp\/v2\/tags?post=3206"},{"taxonomy":"page_type","embeddable":true,"href":"https:\/\/www.neoss.com\/de\/wp-json\/wp\/v2\/page_type?post=3206"}],"curies":[{"name":"wp","href":"https:\/\/api.w.org\/{rel}","templated":true}]}}