{"id":337,"date":"2025-01-15T08:55:18","date_gmt":"2025-01-15T08:55:18","guid":{"rendered":"https:\/\/www.neoss.com\/de\/?page_id=337"},"modified":"2025-06-11T15:59:08","modified_gmt":"2025-06-11T07:59:08","slug":"die-neoss-geschichte","status":"publish","type":"page","link":"https:\/\/www.neoss.com\/de\/die-neoss-geschichte\/","title":{"rendered":"Die Neoss Geschichte"},"content":{"rendered":"\t\t<div data-elementor-type=\"wp-page\" data-elementor-id=\"337\" class=\"elementor elementor-337\" data-elementor-post-type=\"page\">\n\t\t\t\t<div class=\"elementor-element elementor-element-83c7f9c e-con-full e-flex e-con e-parent\" data-id=\"83c7f9c\" data-element_type=\"container\">\n\t\t<div class=\"elementor-element elementor-element-82aaa2d e-flex e-con-boxed e-con e-child\" data-id=\"82aaa2d\" data-element_type=\"container\">\n\t\t\t\t\t<div class=\"e-con-inner\">\n\t\t\t\t<div class=\"elementor-element elementor-element-7e9d8a8 elementor-widget elementor-widget-heading\" data-id=\"7e9d8a8\" data-element_type=\"widget\" data-widget_type=\"heading.default\">\n\t\t\t\t<div class=\"elementor-widget-container\">\n\t\t\t<h2 class=\"elementor-heading-title elementor-size-default\">Die Neoss Geschichte<\/h2>\t\t<\/div>\n\t\t\t\t<\/div>\n\t\t\t\t<div class=\"elementor-element elementor-element-38d8459 elementor-widget elementor-widget-text-editor\" data-id=\"38d8459\" data-element_type=\"widget\" data-widget_type=\"text-editor.default\">\n\t\t\t\t<div class=\"elementor-widget-container\">\n\t\t\t<div class=\"aa-text__body checkmark-list\">\t\t\t\t<div class=\"aa-big-column__body checkmark-list\">\n                            <p>In der \u00dcberzeugung, dass die bestehenden Implantatsysteme zu komplex waren, gr\u00fcndeten Professor Neil Meredith und Fredrik Engman im Jahr 2000 Neoss\u00ae. Ihre Idee war es, sowohl das Implantatdesign als auch die Behandlung zu rationalisieren, um eine wirklich einfache L\u00f6sung zu schaffen.<br><br>Durch beharrliche Bem\u00fchungen und enge Zusammenarbeit schufen sie ein hochwertiges, optimiertes Implantatsystem. Mit einer begrenzten Anzahl von Komponenten bietet das Neoss-Implantatsystem einzigartige Design-Merkmale und eine Reihe hervorragender Vorteile f\u00fcr jeden.<\/p>\n                        <\/div>\t\t\t\t<\/div>\t\t<\/div>\n\t\t\t\t<\/div>\n\t\t\t\t\t<\/div>\n\t\t\t\t<\/div>\n\t\t<div class=\"elementor-element elementor-element-d47e741 e-con-full e-flex e-con e-child\" data-id=\"d47e741\" data-element_type=\"container\">\n\t\t\t\t<div class=\"elementor-element elementor-element-e52bd92 elementor-widget elementor-widget-image\" data-id=\"e52bd92\" data-element_type=\"widget\" data-widget_type=\"image.default\">\n\t\t\t\t<div class=\"elementor-widget-container\">\n\t\t\t\t\t\t\t\t\t\t\t\t\t<img decoding=\"async\" src=\"https:\/\/neoss-web.azureedge.net\/Neoss-GROUP_12-min-1-1.jpg\" title=\"\" alt=\"\" loading=\"lazy\" \/>\t\t\t\t\t\t\t\t\t\t\t\t\t<\/div>\n\t\t\t\t<\/div>\n\t\t\t\t<\/div>\n\t\t\t\t<\/div>\n\t\t<div class=\"elementor-element elementor-element-f05cffd e-flex e-con-boxed e-con e-parent\" data-id=\"f05cffd\" data-element_type=\"container\">\n\t\t\t\t\t<div class=\"e-con-inner\">\n\t\t\t\t<div class=\"elementor-element elementor-element-1debf09 elementor-widget elementor-widget-heading\" data-id=\"1debf09\" data-element_type=\"widget\" data-widget_type=\"heading.default\">\n\t\t\t\t<div class=\"elementor-widget-container\">\n\t\t\t<h2 class=\"elementor-heading-title elementor-size-default\">Intelligent Simplicity<\/h2>\t\t<\/div>\n\t\t\t\t<\/div>\n\t\t\t\t<div class=\"elementor-element elementor-element-373f2b3 elementor-widget elementor-widget-text-editor\" data-id=\"373f2b3\" data-element_type=\"widget\" data-widget_type=\"text-editor.default\">\n\t\t\t\t<div class=\"elementor-widget-container\">\n\t\t\t<div class=\"aa-text__body checkmark-list\">\t\t\t\t<div class=\"aa-text__body  checkmark-list\">\n\t\t\t\t\t\n\t\t\t\t\t\t<p><span>Neoss bietet&nbsp;<\/span><span>intelligente&nbsp;<\/span><span>Implantatl\u00f6sungen<\/span><span>, die intuitiv einfach anwendbar sind.&nbsp;<\/span><span>Unsere Produkte erm\u00f6glichen es Zahn\u00e4rzten, ihren Patienten&nbsp;<\/span><span>zuverl\u00e4ssige und erschwingliche Versorgungen&nbsp;<\/span><span>mit&nbsp;<\/span><span>vorhersagbaren Langzeitergebnissen&nbsp;<\/span><span>anzubieten.&nbsp;<\/span><span>Unser Bestreben ist es, mit unserem Entwicklungsgeist und unserem Engagement f\u00fcr Integrit\u00e4t, neue Ma\u00dfst\u00e4be zu setzen.<\/span><\/p>\n<p><span>In Zusammenarbeit mit unseren Kunden entwickeln wir einfache Behandlungsl\u00f6sungen, die das Komplexe weniger kompliziert machen &#8211;&nbsp;<\/span><span>Intelligent&nbsp;<\/span><span>Simplicity<\/span><span>!<\/span><\/p>\n\t\t\t\t\t\n\t\t\t\t<\/div>\t\t\t\t<\/div>\t\t<\/div>\n\t\t\t\t<\/div>\n\t\t\t\t\t<\/div>\n\t\t\t\t<\/div>\n\t\t<div class=\"elementor-element elementor-element-1f59f57 e-flex e-con-boxed e-con e-parent\" data-id=\"1f59f57\" data-element_type=\"container\" data-settings=\"{&quot;background_background&quot;:&quot;gradient&quot;}\">\n\t\t\t\t\t<div class=\"e-con-inner\">\n\t\t\t\t<div class=\"elementor-element elementor-element-941cd69 elementor-widget__width-initial elementor-widget elementor-widget-heading\" data-id=\"941cd69\" data-element_type=\"widget\" data-widget_type=\"heading.default\">\n\t\t\t\t<div class=\"elementor-widget-container\">\n\t\t\t<h4 class=\"elementor-heading-title elementor-size-default\">Erhalten Sie die neuesten Nachrichten von Neoss zu Live-Webinaren, neuen Produkten und vielem mehr!\n<\/h4>\t\t<\/div>\n\t\t\t\t<\/div>\n\t\t\t\t<div class=\"elementor-element elementor-element-97d2563 white-button elementor-widget elementor-widget-button\" data-id=\"97d2563\" data-element_type=\"widget\" data-widget_type=\"button.default\">\n\t\t\t\t<div class=\"elementor-widget-container\">\n\t\t\t\t\t<div class=\"elementor-button-wrapper\">\n\t\t\t<a class=\"elementor-button elementor-button-link elementor-size-sm\" href=\"https:\/\/info.neoss.com\/de\/bleiben-sie-auf-dem-aktuellen-stand\">\n\t\t\t\t\t\t<span class=\"elementor-button-content-wrapper\">\n\t\t\t\t\t\t\t\t\t<span class=\"elementor-button-text\">Abonnieren<\/span>\n\t\t\t\t\t<\/span>\n\t\t\t\t\t<\/a>\n\t\t<\/div>\n\t\t\t\t<\/div>\n\t\t\t\t<\/div>\n\t\t\t\t\t<\/div>\n\t\t\t\t<\/div>\n\t\t\t\t<\/div>\n\t\t","protected":false},"excerpt":{"rendered":"<p>Die Neoss Geschichte In der \u00dcberzeugung, dass die bestehenden Implantatsysteme zu komplex waren, gr\u00fcndeten Professor Neil Meredith und Fredrik Engman im Jahr 2000 Neoss\u00ae. Ihre Idee war es, sowohl das Implantatdesign als auch die Behandlung zu rationalisieren, um eine wirklich einfache L\u00f6sung zu schaffen. Durch beharrliche Bem\u00fchungen und enge Zusammenarbeit schufen sie ein hochwertiges, optimiertes [&hellip;]<\/p>\n","protected":false},"author":3,"featured_media":0,"parent":0,"menu_order":0,"comment_status":"closed","ping_status":"closed","template":"","meta":{"_acf_changed":false,"content-type":"","_relevanssi_hide_post":"","_relevanssi_hide_content":"","_relevanssi_pin_for_all":"","_relevanssi_pin_keywords":"","_relevanssi_unpin_keywords":"","_relevanssi_related_keywords":"","_relevanssi_related_include_ids":"","_relevanssi_related_exclude_ids":"","_relevanssi_related_no_append":"","_relevanssi_related_not_related":"","_relevanssi_related_posts":"","_relevanssi_noindex_reason":"","footnotes":""},"categories":[41],"tags":[],"page_type":[18],"class_list":["post-337","page","type-page","status-publish","hentry","category-normal","page_type-page"],"acf":[],"yoast_head":"<!-- This site is optimized with the Yoast SEO Premium plugin v24.8 (Yoast SEO v24.8.1) - https:\/\/yoast.com\/wordpress\/plugins\/seo\/ -->\n<title>Die Neoss Geschichte<\/title>\n<meta name=\"robots\" content=\"index, follow, max-snippet:-1, max-image-preview:large, max-video-preview:-1\" \/>\n<link rel=\"canonical\" href=\"https:\/\/www.neoss.com\/de\/die-neoss-geschichte\/\" \/>\n<meta property=\"og:locale\" content=\"de_DE\" \/>\n<meta property=\"og:type\" content=\"article\" \/>\n<meta property=\"og:title\" content=\"Die Neoss Geschichte\" \/>\n<meta property=\"og:description\" content=\"Die Neoss Geschichte In der \u00dcberzeugung, dass die bestehenden Implantatsysteme zu komplex waren, gr\u00fcndeten Professor Neil Meredith und Fredrik Engman im Jahr 2000 Neoss\u00ae. Ihre Idee war es, sowohl das Implantatdesign als auch die Behandlung zu rationalisieren, um eine wirklich einfache L\u00f6sung zu schaffen. Durch beharrliche Bem\u00fchungen und enge Zusammenarbeit schufen sie ein hochwertiges, optimiertes [&hellip;]\" \/>\n<meta property=\"og:url\" content=\"https:\/\/www.neoss.com\/de\/die-neoss-geschichte\/\" \/>\n<meta property=\"og:site_name\" content=\"Deutschland\" \/>\n<meta property=\"article:publisher\" content=\"https:\/\/www.facebook.com\/NeossGroup\" \/>\n<meta property=\"article:modified_time\" content=\"2025-06-11T07:59:08+00:00\" \/>\n<meta property=\"og:image\" content=\"https:\/\/neoss-web.azureedge.net\/Neoss-GROUP_12-min-1-1.jpg\" \/>\n<meta name=\"twitter:card\" content=\"summary_large_image\" \/>\n<meta name=\"twitter:label1\" content=\"Est. reading time\" \/>\n\t<meta name=\"twitter:data1\" content=\"1 minute\" \/>\n<script type=\"application\/ld+json\" class=\"yoast-schema-graph\">{\"@context\":\"https:\/\/schema.org\",\"@graph\":[{\"@type\":\"WebPage\",\"@id\":\"https:\/\/www.neoss.com\/de\/die-neoss-geschichte\/\",\"url\":\"https:\/\/www.neoss.com\/de\/die-neoss-geschichte\/\",\"name\":\"Die Neoss Geschichte\",\"isPartOf\":{\"@id\":\"https:\/\/www.neoss.com\/de\/#website\"},\"primaryImageOfPage\":{\"@id\":\"https:\/\/www.neoss.com\/de\/die-neoss-geschichte\/#primaryimage\"},\"image\":{\"@id\":\"https:\/\/www.neoss.com\/de\/die-neoss-geschichte\/#primaryimage\"},\"thumbnailUrl\":\"https:\/\/blob.neoss.com\/Neoss-GROUP_12-min-1-1.jpg\",\"datePublished\":\"2025-01-15T08:55:18+00:00\",\"dateModified\":\"2025-06-11T07:59:08+00:00\",\"breadcrumb\":{\"@id\":\"https:\/\/www.neoss.com\/de\/die-neoss-geschichte\/#breadcrumb\"},\"inLanguage\":\"de-DE\",\"potentialAction\":[{\"@type\":\"ReadAction\",\"target\":[\"https:\/\/www.neoss.com\/de\/die-neoss-geschichte\/\"]}]},{\"@type\":\"ImageObject\",\"inLanguage\":\"de-DE\",\"@id\":\"https:\/\/www.neoss.com\/de\/die-neoss-geschichte\/#primaryimage\",\"url\":\"https:\/\/blob.neoss.com\/Neoss-GROUP_12-min-1-1.jpg\",\"contentUrl\":\"https:\/\/blob.neoss.com\/Neoss-GROUP_12-min-1-1.jpg\"},{\"@type\":\"BreadcrumbList\",\"@id\":\"https:\/\/www.neoss.com\/de\/die-neoss-geschichte\/#breadcrumb\",\"itemListElement\":[{\"@type\":\"ListItem\",\"position\":1,\"name\":\"Home\",\"item\":\"https:\/\/www.neoss.com\/de\/\"},{\"@type\":\"ListItem\",\"position\":2,\"name\":\"Die Neoss Geschichte\"}]},{\"@type\":\"WebSite\",\"@id\":\"https:\/\/www.neoss.com\/de\/#website\",\"url\":\"https:\/\/www.neoss.com\/de\/\",\"name\":\"Neoss - Intelligent Simplicity\",\"description\":\"\",\"publisher\":{\"@id\":\"https:\/\/www.neoss.com\/de\/#organization\"},\"potentialAction\":[{\"@type\":\"SearchAction\",\"target\":{\"@type\":\"EntryPoint\",\"urlTemplate\":\"https:\/\/www.neoss.com\/de\/?s={search_term_string}\"},\"query-input\":{\"@type\":\"PropertyValueSpecification\",\"valueRequired\":true,\"valueName\":\"search_term_string\"}}],\"inLanguage\":\"de-DE\"},{\"@type\":\"Organization\",\"@id\":\"https:\/\/www.neoss.com\/de\/#organization\",\"name\":\"neoss\",\"url\":\"https:\/\/www.neoss.com\/de\/\",\"logo\":{\"@type\":\"ImageObject\",\"inLanguage\":\"de-DE\",\"@id\":\"https:\/\/www.neoss.com\/de\/#\/schema\/logo\/image\/\",\"url\":\"https:\/\/blob.neoss.com\/logo\/neoss-logo1-1.svg\",\"contentUrl\":\"https:\/\/blob.neoss.com\/logo\/neoss-logo1-1.svg\",\"width\":96,\"height\":31,\"caption\":\"neoss\"},\"image\":{\"@id\":\"https:\/\/www.neoss.com\/de\/#\/schema\/logo\/image\/\"},\"sameAs\":[\"https:\/\/www.facebook.com\/NeossGroup\"]}]}<\/script>\n<!-- \/ Yoast SEO Premium plugin. -->","yoast_head_json":{"title":"Die Neoss Geschichte","robots":{"index":"index","follow":"follow","max-snippet":"max-snippet:-1","max-image-preview":"max-image-preview:large","max-video-preview":"max-video-preview:-1"},"canonical":"https:\/\/www.neoss.com\/de\/die-neoss-geschichte\/","og_locale":"de_DE","og_type":"article","og_title":"Die Neoss Geschichte","og_description":"Die Neoss Geschichte In der \u00dcberzeugung, dass die bestehenden Implantatsysteme zu komplex waren, gr\u00fcndeten Professor Neil Meredith und Fredrik Engman im Jahr 2000 Neoss\u00ae. Ihre Idee war es, sowohl das Implantatdesign als auch die Behandlung zu rationalisieren, um eine wirklich einfache L\u00f6sung zu schaffen. Durch beharrliche Bem\u00fchungen und enge Zusammenarbeit schufen sie ein hochwertiges, optimiertes [&hellip;]","og_url":"https:\/\/www.neoss.com\/de\/die-neoss-geschichte\/","og_site_name":"Deutschland","article_publisher":"https:\/\/www.facebook.com\/NeossGroup","article_modified_time":"2025-06-11T07:59:08+00:00","og_image":[{"url":"https:\/\/neoss-web.azureedge.net\/Neoss-GROUP_12-min-1-1.jpg","type":"","width":"","height":""}],"twitter_card":"summary_large_image","twitter_misc":{"Est. reading time":"1 minute"},"schema":{"@context":"https:\/\/schema.org","@graph":[{"@type":"WebPage","@id":"https:\/\/www.neoss.com\/de\/die-neoss-geschichte\/","url":"https:\/\/www.neoss.com\/de\/die-neoss-geschichte\/","name":"Die Neoss Geschichte","isPartOf":{"@id":"https:\/\/www.neoss.com\/de\/#website"},"primaryImageOfPage":{"@id":"https:\/\/www.neoss.com\/de\/die-neoss-geschichte\/#primaryimage"},"image":{"@id":"https:\/\/www.neoss.com\/de\/die-neoss-geschichte\/#primaryimage"},"thumbnailUrl":"https:\/\/blob.neoss.com\/Neoss-GROUP_12-min-1-1.jpg","datePublished":"2025-01-15T08:55:18+00:00","dateModified":"2025-06-11T07:59:08+00:00","breadcrumb":{"@id":"https:\/\/www.neoss.com\/de\/die-neoss-geschichte\/#breadcrumb"},"inLanguage":"de-DE","potentialAction":[{"@type":"ReadAction","target":["https:\/\/www.neoss.com\/de\/die-neoss-geschichte\/"]}]},{"@type":"ImageObject","inLanguage":"de-DE","@id":"https:\/\/www.neoss.com\/de\/die-neoss-geschichte\/#primaryimage","url":"https:\/\/blob.neoss.com\/Neoss-GROUP_12-min-1-1.jpg","contentUrl":"https:\/\/blob.neoss.com\/Neoss-GROUP_12-min-1-1.jpg"},{"@type":"BreadcrumbList","@id":"https:\/\/www.neoss.com\/de\/die-neoss-geschichte\/#breadcrumb","itemListElement":[{"@type":"ListItem","position":1,"name":"Home","item":"https:\/\/www.neoss.com\/de\/"},{"@type":"ListItem","position":2,"name":"Die Neoss Geschichte"}]},{"@type":"WebSite","@id":"https:\/\/www.neoss.com\/de\/#website","url":"https:\/\/www.neoss.com\/de\/","name":"Neoss - Intelligent Simplicity","description":"","publisher":{"@id":"https:\/\/www.neoss.com\/de\/#organization"},"potentialAction":[{"@type":"SearchAction","target":{"@type":"EntryPoint","urlTemplate":"https:\/\/www.neoss.com\/de\/?s={search_term_string}"},"query-input":{"@type":"PropertyValueSpecification","valueRequired":true,"valueName":"search_term_string"}}],"inLanguage":"de-DE"},{"@type":"Organization","@id":"https:\/\/www.neoss.com\/de\/#organization","name":"neoss","url":"https:\/\/www.neoss.com\/de\/","logo":{"@type":"ImageObject","inLanguage":"de-DE","@id":"https:\/\/www.neoss.com\/de\/#\/schema\/logo\/image\/","url":"https:\/\/blob.neoss.com\/logo\/neoss-logo1-1.svg","contentUrl":"https:\/\/blob.neoss.com\/logo\/neoss-logo1-1.svg","width":96,"height":31,"caption":"neoss"},"image":{"@id":"https:\/\/www.neoss.com\/de\/#\/schema\/logo\/image\/"},"sameAs":["https:\/\/www.facebook.com\/NeossGroup"]}]}},"_links":{"self":[{"href":"https:\/\/www.neoss.com\/de\/wp-json\/wp\/v2\/pages\/337","targetHints":{"allow":["GET"]}}],"collection":[{"href":"https:\/\/www.neoss.com\/de\/wp-json\/wp\/v2\/pages"}],"about":[{"href":"https:\/\/www.neoss.com\/de\/wp-json\/wp\/v2\/types\/page"}],"author":[{"embeddable":true,"href":"https:\/\/www.neoss.com\/de\/wp-json\/wp\/v2\/users\/3"}],"replies":[{"embeddable":true,"href":"https:\/\/www.neoss.com\/de\/wp-json\/wp\/v2\/comments?post=337"}],"version-history":[{"count":8,"href":"https:\/\/www.neoss.com\/de\/wp-json\/wp\/v2\/pages\/337\/revisions"}],"predecessor-version":[{"id":8339,"href":"https:\/\/www.neoss.com\/de\/wp-json\/wp\/v2\/pages\/337\/revisions\/8339"}],"wp:attachment":[{"href":"https:\/\/www.neoss.com\/de\/wp-json\/wp\/v2\/media?parent=337"}],"wp:term":[{"taxonomy":"category","embeddable":true,"href":"https:\/\/www.neoss.com\/de\/wp-json\/wp\/v2\/categories?post=337"},{"taxonomy":"post_tag","embeddable":true,"href":"https:\/\/www.neoss.com\/de\/wp-json\/wp\/v2\/tags?post=337"},{"taxonomy":"page_type","embeddable":true,"href":"https:\/\/www.neoss.com\/de\/wp-json\/wp\/v2\/page_type?post=337"}],"curies":[{"name":"wp","href":"https:\/\/api.w.org\/{rel}","templated":true}]}}