{"id":3587,"date":"2025-01-26T14:25:51","date_gmt":"2025-01-26T06:25:51","guid":{"rendered":"https:\/\/www.neoss.com\/de\/?page_id=3587"},"modified":"2025-04-23T16:44:12","modified_gmt":"2025-04-23T08:44:12","slug":"biomaterials-product-overview-menu","status":"publish","type":"page","link":"https:\/\/www.neoss.com\/de\/biomaterials-product-overview-menu\/","title":{"rendered":"Biomaterials &#8211; Product Overview &#8211; Menu"},"content":{"rendered":"\t\t<div data-elementor-type=\"wp-page\" data-elementor-id=\"3587\" class=\"elementor elementor-3587\" data-elementor-post-type=\"page\">\n\t\t\t\t<div class=\"elementor-element elementor-element-4ca903e e-flex e-con-boxed e-con e-parent\" data-id=\"4ca903e\" data-element_type=\"container\">\n\t\t\t\t\t<div class=\"e-con-inner\">\n\t\t\t\t<div class=\"elementor-element elementor-element-2cfa1fa elementor-widget elementor-widget-heading\" data-id=\"2cfa1fa\" data-element_type=\"widget\" data-widget_type=\"heading.default\">\n\t\t\t\t<div class=\"elementor-widget-container\">\n\t\t\t<style>\/*! elementor - v3.23.0 - 05-08-2024 *\/\n.elementor-heading-title{padding:0;margin:0;line-height:1}.elementor-widget-heading .elementor-heading-title[class*=elementor-size-]>a{color:inherit;font-size:inherit;line-height:inherit}.elementor-widget-heading .elementor-heading-title.elementor-size-small{font-size:15px}.elementor-widget-heading .elementor-heading-title.elementor-size-medium{font-size:19px}.elementor-widget-heading .elementor-heading-title.elementor-size-large{font-size:29px}.elementor-widget-heading .elementor-heading-title.elementor-size-xl{font-size:39px}.elementor-widget-heading .elementor-heading-title.elementor-size-xxl{font-size:59px}<\/style><h1 class=\"elementor-heading-title elementor-size-default\">Biomaterialien<\/h1>\t\t<\/div>\n\t\t\t\t<\/div>\n\t\t\t\t<div class=\"elementor-element elementor-element-301872a elementor-widget elementor-widget-text-editor\" data-id=\"301872a\" data-element_type=\"widget\" data-widget_type=\"text-editor.default\">\n\t\t\t\t<div class=\"elementor-widget-container\">\n\t\t\t<style>\/*! elementor - v3.23.0 - 05-08-2024 *\/\n.elementor-widget-text-editor.elementor-drop-cap-view-stacked .elementor-drop-cap{background-color:#69727d;color:#fff}.elementor-widget-text-editor.elementor-drop-cap-view-framed .elementor-drop-cap{color:#69727d;border:3px solid;background-color:transparent}.elementor-widget-text-editor:not(.elementor-drop-cap-view-default) .elementor-drop-cap{margin-top:8px}.elementor-widget-text-editor:not(.elementor-drop-cap-view-default) .elementor-drop-cap-letter{width:1em;height:1em}.elementor-widget-text-editor .elementor-drop-cap{float:left;text-align:center;line-height:1;font-size:50px}.elementor-widget-text-editor .elementor-drop-cap-letter{display:inline-block}<\/style><div class=\"aa-text__body checkmark-list\">\t\t\t\tKlicken Sie auf die Produktgruppe, \u00fcber die Sie mehr erfahren m\u00f6chten!\n\n\t\t\t\t<\/div>\t\t<\/div>\n\t\t\t\t<\/div>\n\t\t\t\t\t<\/div>\n\t\t\t\t<\/div>\n\t\t<div class=\"elementor-element elementor-element-924873b e-flex e-con-boxed e-con e-parent\" data-id=\"924873b\" data-element_type=\"container\">\n\t\t\t\t\t<div class=\"e-con-inner\">\n\t\t<div class=\"elementor-element elementor-element-e998b20 e-grid e-con-full e-con e-child\" data-id=\"e998b20\" data-element_type=\"container\">\n\t\t<div class=\"elementor-element elementor-element-4f17526 e-con-full e-flex e-con e-child\" data-id=\"4f17526\" data-element_type=\"container\">\n\t\t<div class=\"elementor-element elementor-element-6622278 e-con-full e-flex e-con e-child\" data-id=\"6622278\" data-element_type=\"container\">\n\t\t\t\t<div class=\"elementor-element elementor-element-c348c5d elementor-widget elementor-widget-image\" data-id=\"c348c5d\" data-element_type=\"widget\" data-widget_type=\"image.default\">\n\t\t\t\t<div class=\"elementor-widget-container\">\n\t\t\t<style>\/*! elementor - v3.23.0 - 05-08-2024 *\/\n.elementor-widget-image{text-align:center}.elementor-widget-image a{display:inline-block}.elementor-widget-image a img[src$=\".svg\"]{width:48px}.elementor-widget-image img{vertical-align:middle;display:inline-block}<\/style>\t\t\t\t\t\t\t\t\t\t\t<a href=\"https:\/\/shop-de.neoss.com\/products\/the-graft?_gl=1*va2dfl*_gcl_au*NDM1NzM3ODE0LjE3NDEwNzM3NTY.*_ga*MTc0MjIxNjkxLjE3NDEwNzM3NTY.*_ga_GQ5V7B72KS*MTc0NTIxNDg5Ni4xMzUuMS4xNzQ1MjE5MjEzLjAuMC4w\">\n\t\t\t\t\t\t\t<img decoding=\"async\" src=\"https:\/\/neoss-web.azureedge.net\/global\/Images\/Product%20Images\/Biomaterials\/Bone%20graft-1.webp\" title=\"\" alt=\"\" class=\"elementor-animation-grow\" loading=\"lazy\" \/>\t\t\t\t\t\t\t\t<\/a>\n\t\t\t\t\t\t\t\t\t\t\t\t\t<\/div>\n\t\t\t\t<\/div>\n\t\t\t\t<\/div>\n\t\t<div class=\"elementor-element elementor-element-9463ec6 e-con-full e-flex e-con e-child\" data-id=\"9463ec6\" data-element_type=\"container\">\n\t\t\t\t<div class=\"elementor-element elementor-element-5aa4c61 elementor-widget elementor-widget-heading\" data-id=\"5aa4c61\" data-element_type=\"widget\" data-widget_type=\"heading.default\">\n\t\t\t\t<div class=\"elementor-widget-container\">\n\t\t\t<h5 class=\"elementor-heading-title elementor-size-default\"><a href=\"https:\/\/shop-de.neoss.com\/products\/the-graft?_gl=1*va2dfl*_gcl_au*NDM1NzM3ODE0LjE3NDEwNzM3NTY.*_ga*MTc0MjIxNjkxLjE3NDEwNzM3NTY.*_ga_GQ5V7B72KS*MTc0NTIxNDg5Ni4xMzUuMS4xNzQ1MjE5MjEzLjAuMC4w\">Knochenersatzmaterial<\/a><\/h5>\t\t<\/div>\n\t\t\t\t<\/div>\n\t\t\t\t<\/div>\n\t\t\t\t<\/div>\n\t\t<div class=\"elementor-element elementor-element-fe8c8e6 e-con-full e-flex e-con e-child\" data-id=\"fe8c8e6\" data-element_type=\"container\">\n\t\t<div class=\"elementor-element elementor-element-d60f98e e-con-full e-flex e-con e-child\" data-id=\"d60f98e\" data-element_type=\"container\">\n\t\t\t\t<div class=\"elementor-element elementor-element-29974c0 elementor-widget elementor-widget-image\" data-id=\"29974c0\" data-element_type=\"widget\" data-widget_type=\"image.default\">\n\t\t\t\t<div class=\"elementor-widget-container\">\n\t\t\t\t\t\t\t\t\t\t\t\t\t\t<a href=\"https:\/\/shop-de.neoss.com\/products\/neogen%C2%AE-collagen-membranes?_gl=1*va2dfl*_gcl_au*NDM1NzM3ODE0LjE3NDEwNzM3NTY.*_ga*MTc0MjIxNjkxLjE3NDEwNzM3NTY.*_ga_GQ5V7B72KS*MTc0NTIxNDg5Ni4xMzUuMS4xNzQ1MjE5MjEzLjAuMC4w\">\n\t\t\t\t\t\t\t<img decoding=\"async\" src=\"https:\/\/neoss-web.azureedge.net\/global\/Images\/Product%20Images\/Biomaterials\/Flex.webp\" title=\"\" alt=\"\" class=\"elementor-animation-grow\" loading=\"lazy\" \/>\t\t\t\t\t\t\t\t<\/a>\n\t\t\t\t\t\t\t\t\t\t\t\t\t<\/div>\n\t\t\t\t<\/div>\n\t\t\t\t<\/div>\n\t\t<div class=\"elementor-element elementor-element-862746f e-con-full e-flex e-con e-child\" data-id=\"862746f\" data-element_type=\"container\">\n\t\t\t\t<div class=\"elementor-element elementor-element-ca1094c elementor-widget elementor-widget-heading\" data-id=\"ca1094c\" data-element_type=\"widget\" data-widget_type=\"heading.default\">\n\t\t\t\t<div class=\"elementor-widget-container\">\n\t\t\t<h5 class=\"elementor-heading-title elementor-size-default\"><a href=\"https:\/\/shop-de.neoss.com\/products\/neogen%C2%AE-collagen-membranes?_gl=1*va2dfl*_gcl_au*NDM1NzM3ODE0LjE3NDEwNzM3NTY.*_ga*MTc0MjIxNjkxLjE3NDEwNzM3NTY.*_ga_GQ5V7B72KS*MTc0NTIxNDg5Ni4xMzUuMS4xNzQ1MjE5MjEzLjAuMC4w\"> Resorbierbare Membranen<\/a><\/h5>\t\t<\/div>\n\t\t\t\t<\/div>\n\t\t\t\t<\/div>\n\t\t\t\t<\/div>\n\t\t<div class=\"elementor-element elementor-element-286386c e-con-full e-flex e-con e-child\" data-id=\"286386c\" data-element_type=\"container\">\n\t\t<div class=\"elementor-element elementor-element-93f4a4e e-con-full e-flex e-con e-child\" data-id=\"93f4a4e\" data-element_type=\"container\">\n\t\t\t\t<div class=\"elementor-element elementor-element-0e32ef6 elementor-widget elementor-widget-image\" data-id=\"0e32ef6\" data-element_type=\"widget\" data-widget_type=\"image.default\">\n\t\t\t\t<div class=\"elementor-widget-container\">\n\t\t\t<style>\/*! elementor - v3.23.0 - 05-08-2024 *\/\n.elementor-widget-image{text-align:center}.elementor-widget-image a{display:inline-block}.elementor-widget-image a img[src$=\".svg\"]{width:48px}.elementor-widget-image img{vertical-align:middle;display:inline-block}<\/style>\t\t\t\t\t\t\t\t\t\t\t<a href=\"https:\/\/www.neoss.com\/de\/biomaterialien-product-overview-nicht-resorbierbare-membranen\/\">\n\t\t\t\t\t\t\t<img decoding=\"async\" src=\"https:\/\/neoss-web.azureedge.net\/global\/Images\/Product%20Images\/Biomaterials\/Membranes.webp\" title=\"\" alt=\"\" class=\"elementor-animation-grow\" loading=\"lazy\" \/>\t\t\t\t\t\t\t\t<\/a>\n\t\t\t\t\t\t\t\t\t\t\t\t\t<\/div>\n\t\t\t\t<\/div>\n\t\t\t\t<\/div>\n\t\t<div class=\"elementor-element elementor-element-783355c e-con-full e-flex e-con e-child\" data-id=\"783355c\" data-element_type=\"container\">\n\t\t\t\t<div class=\"elementor-element elementor-element-3e7fc49 elementor-widget elementor-widget-heading\" data-id=\"3e7fc49\" data-element_type=\"widget\" data-widget_type=\"heading.default\">\n\t\t\t\t<div class=\"elementor-widget-container\">\n\t\t\t<style>\/*! elementor - v3.23.0 - 05-08-2024 *\/\n.elementor-heading-title{padding:0;margin:0;line-height:1}.elementor-widget-heading .elementor-heading-title[class*=elementor-size-]>a{color:inherit;font-size:inherit;line-height:inherit}.elementor-widget-heading .elementor-heading-title.elementor-size-small{font-size:15px}.elementor-widget-heading .elementor-heading-title.elementor-size-medium{font-size:19px}.elementor-widget-heading .elementor-heading-title.elementor-size-large{font-size:29px}.elementor-widget-heading .elementor-heading-title.elementor-size-xl{font-size:39px}.elementor-widget-heading .elementor-heading-title.elementor-size-xxl{font-size:59px}<\/style><h5 class=\"elementor-heading-title elementor-size-default\"><a href=\"https:\/\/www.neoss.com\/de\/biomaterialien-product-overview-nicht-resorbierbare-membranen\/\">Nicht resorbierbare Membranen<\/a><\/h5>\t\t<\/div>\n\t\t\t\t<\/div>\n\t\t\t\t<\/div>\n\t\t\t\t<\/div>\n\t\t<div class=\"elementor-element elementor-element-aaefc3d e-con-full e-flex e-con e-child\" data-id=\"aaefc3d\" data-element_type=\"container\">\n\t\t<div class=\"elementor-element elementor-element-1af58b1 e-con-full e-flex e-con e-child\" data-id=\"1af58b1\" data-element_type=\"container\">\n\t\t\t\t<div class=\"elementor-element elementor-element-6ffaa5b elementor-widget elementor-widget-image\" data-id=\"6ffaa5b\" data-element_type=\"widget\" data-widget_type=\"image.default\">\n\t\t\t\t<div class=\"elementor-widget-container\">\n\t\t\t\t\t\t\t\t\t\t\t\t\t\t<a href=\"https:\/\/www.neoss.com\/de\/biomaterialien-product-overview-nahte\/\">\n\t\t\t\t\t\t\t<img decoding=\"async\" src=\"https:\/\/neoss-web.azureedge.net\/global\/Images\/Product%20Images\/Biomaterials\/Biotex%20Sutures.webp\" title=\"\" alt=\"\" class=\"elementor-animation-grow\" loading=\"lazy\" \/>\t\t\t\t\t\t\t\t<\/a>\n\t\t\t\t\t\t\t\t\t\t\t\t\t<\/div>\n\t\t\t\t<\/div>\n\t\t\t\t<\/div>\n\t\t<div class=\"elementor-element elementor-element-7d8cfc1 e-con-full e-flex e-con e-child\" data-id=\"7d8cfc1\" data-element_type=\"container\">\n\t\t\t\t<div class=\"elementor-element elementor-element-6858b0f elementor-widget elementor-widget-heading\" data-id=\"6858b0f\" data-element_type=\"widget\" data-widget_type=\"heading.default\">\n\t\t\t\t<div class=\"elementor-widget-container\">\n\t\t\t<h5 class=\"elementor-heading-title elementor-size-default\"><a href=\"https:\/\/www.neoss.com\/de\/biomaterialien-product-overview-nahte\/\">N\u00e4hte<\/a><\/h5>\t\t<\/div>\n\t\t\t\t<\/div>\n\t\t\t\t<\/div>\n\t\t\t\t<\/div>\n\t\t<div class=\"elementor-element elementor-element-95941d0 e-con-full e-flex e-con e-child\" data-id=\"95941d0\" data-element_type=\"container\">\n\t\t<div class=\"elementor-element elementor-element-f98ea60 e-con-full e-flex e-con e-child\" data-id=\"f98ea60\" data-element_type=\"container\">\n\t\t\t\t<div class=\"elementor-element elementor-element-e072391 elementor-widget elementor-widget-image\" data-id=\"e072391\" data-element_type=\"widget\" data-widget_type=\"image.default\">\n\t\t\t\t<div class=\"elementor-widget-container\">\n\t\t\t\t\t\t\t\t\t\t\t\t\t\t<a href=\"https:\/\/shop-de.neoss.com\/products\/fixation-kit?_gl=1*sa9plq*_gcl_au*NDM1NzM3ODE0LjE3NDEwNzM3NTY.*_ga*MTc0MjIxNjkxLjE3NDEwNzM3NTY.*_ga_GQ5V7B72KS*MTc0NTIxNDg5Ni4xMzUuMS4xNzQ1MjE5NzAzLjAuMC4w\">\n\t\t\t\t\t\t\t<img decoding=\"async\" src=\"https:\/\/neoss-web.azureedge.net\/global\/Images\/Product%20Images\/Biomaterials\/Fixation%20kits.webp\" title=\"\" alt=\"\" class=\"elementor-animation-grow\" loading=\"lazy\" \/>\t\t\t\t\t\t\t\t<\/a>\n\t\t\t\t\t\t\t\t\t\t\t\t\t<\/div>\n\t\t\t\t<\/div>\n\t\t\t\t<\/div>\n\t\t<div class=\"elementor-element elementor-element-2d3fa06 e-con-full e-flex e-con e-child\" data-id=\"2d3fa06\" data-element_type=\"container\">\n\t\t\t\t<div class=\"elementor-element elementor-element-777c7b7 elementor-widget elementor-widget-heading\" data-id=\"777c7b7\" data-element_type=\"widget\" data-widget_type=\"heading.default\">\n\t\t\t\t<div class=\"elementor-widget-container\">\n\t\t\t<h5 class=\"elementor-heading-title elementor-size-default\"><a href=\"https:\/\/shop-de.neoss.com\/products\/fixation-kit?_gl=1*sa9plq*_gcl_au*NDM1NzM3ODE0LjE3NDEwNzM3NTY.*_ga*MTc0MjIxNjkxLjE3NDEwNzM3NTY.*_ga_GQ5V7B72KS*MTc0NTIxNDg5Ni4xMzUuMS4xNzQ1MjE5NzAzLjAuMC4w\"> Pin-Set<\/a><\/h5>\t\t<\/div>\n\t\t\t\t<\/div>\n\t\t\t\t<\/div>\n\t\t\t\t<\/div>\n\t\t\t\t<\/div>\n\t\t\t\t\t<\/div>\n\t\t\t\t<\/div>\n\t\t\t\t<\/div>\n\t\t","protected":false},"excerpt":{"rendered":"<p>Biomaterialien Klicken Sie auf die Produktgruppe, \u00fcber die Sie mehr erfahren m\u00f6chten! Knochenersatzmaterial Resorbierbare Membranen Nicht resorbierbare Membranen N\u00e4hte Pin-Set<\/p>\n","protected":false},"author":3,"featured_media":0,"parent":0,"menu_order":0,"comment_status":"closed","ping_status":"closed","template":"","meta":{"_acf_changed":false,"content-type":"","_relevanssi_hide_post":"","_relevanssi_hide_content":"","_relevanssi_pin_for_all":"","_relevanssi_pin_keywords":"","_relevanssi_unpin_keywords":"","_relevanssi_related_keywords":"","_relevanssi_related_include_ids":"","_relevanssi_related_exclude_ids":"","_relevanssi_related_no_append":"","_relevanssi_related_not_related":"","_relevanssi_related_posts":"","_relevanssi_noindex_reason":"","footnotes":""},"categories":[41],"tags":[],"page_type":[19],"class_list":["post-3587","page","type-page","status-publish","hentry","category-normal","page_type-product"],"acf":[],"yoast_head":"<!-- This site is optimized with the Yoast SEO Premium plugin v24.8 (Yoast SEO v24.8.1) - https:\/\/yoast.com\/wordpress\/plugins\/seo\/ -->\n<title>Biomaterials - Product Overview - Menu<\/title>\n<meta name=\"robots\" content=\"index, follow, max-snippet:-1, max-image-preview:large, max-video-preview:-1\" \/>\n<link rel=\"canonical\" href=\"https:\/\/www.neoss.com\/de\/biomaterials-product-overview-menu\/\" \/>\n<meta property=\"og:locale\" content=\"de_DE\" \/>\n<meta property=\"og:type\" content=\"article\" \/>\n<meta property=\"og:title\" content=\"Biomaterials - Product Overview - Menu\" \/>\n<meta property=\"og:description\" content=\"Biomaterialien Klicken Sie auf die Produktgruppe, \u00fcber die Sie mehr erfahren m\u00f6chten! Knochenersatzmaterial Resorbierbare Membranen Nicht resorbierbare Membranen N\u00e4hte Pin-Set\" \/>\n<meta property=\"og:url\" content=\"https:\/\/www.neoss.com\/de\/biomaterials-product-overview-menu\/\" \/>\n<meta property=\"og:site_name\" content=\"Deutschland\" \/>\n<meta property=\"article:publisher\" content=\"https:\/\/www.facebook.com\/NeossGroup\" \/>\n<meta property=\"article:modified_time\" content=\"2025-04-23T08:44:12+00:00\" \/>\n<meta property=\"og:image\" content=\"https:\/\/neoss-web.azureedge.net\/global\/Images\/Product%20Images\/Biomaterials\/Bone%20graft-1.webp\" \/>\n<meta name=\"twitter:card\" content=\"summary_large_image\" \/>\n<meta name=\"twitter:label1\" content=\"Est. reading time\" \/>\n\t<meta name=\"twitter:data1\" content=\"2 minutes\" \/>\n<script type=\"application\/ld+json\" class=\"yoast-schema-graph\">{\"@context\":\"https:\/\/schema.org\",\"@graph\":[{\"@type\":\"WebPage\",\"@id\":\"https:\/\/www.neoss.com\/de\/biomaterials-product-overview-menu\/\",\"url\":\"https:\/\/www.neoss.com\/de\/biomaterials-product-overview-menu\/\",\"name\":\"Biomaterials - Product Overview - Menu\",\"isPartOf\":{\"@id\":\"https:\/\/www.neoss.com\/de\/#website\"},\"primaryImageOfPage\":{\"@id\":\"https:\/\/www.neoss.com\/de\/biomaterials-product-overview-menu\/#primaryimage\"},\"image\":{\"@id\":\"https:\/\/www.neoss.com\/de\/biomaterials-product-overview-menu\/#primaryimage\"},\"thumbnailUrl\":\"https:\/\/blob.neoss.com\/global\/Images\/Product%20Images\/Biomaterials\/Bone%20graft-1.webp\",\"datePublished\":\"2025-01-26T06:25:51+00:00\",\"dateModified\":\"2025-04-23T08:44:12+00:00\",\"breadcrumb\":{\"@id\":\"https:\/\/www.neoss.com\/de\/biomaterials-product-overview-menu\/#breadcrumb\"},\"inLanguage\":\"de-DE\",\"potentialAction\":[{\"@type\":\"ReadAction\",\"target\":[\"https:\/\/www.neoss.com\/de\/biomaterials-product-overview-menu\/\"]}]},{\"@type\":\"ImageObject\",\"inLanguage\":\"de-DE\",\"@id\":\"https:\/\/www.neoss.com\/de\/biomaterials-product-overview-menu\/#primaryimage\",\"url\":\"https:\/\/blob.neoss.com\/global\/Images\/Product%20Images\/Biomaterials\/Bone%20graft-1.webp\",\"contentUrl\":\"https:\/\/blob.neoss.com\/global\/Images\/Product%20Images\/Biomaterials\/Bone%20graft-1.webp\"},{\"@type\":\"BreadcrumbList\",\"@id\":\"https:\/\/www.neoss.com\/de\/biomaterials-product-overview-menu\/#breadcrumb\",\"itemListElement\":[{\"@type\":\"ListItem\",\"position\":1,\"name\":\"Home\",\"item\":\"https:\/\/www.neoss.com\/de\/\"},{\"@type\":\"ListItem\",\"position\":2,\"name\":\"Biomaterials &#8211; Product Overview &#8211; Menu\"}]},{\"@type\":\"WebSite\",\"@id\":\"https:\/\/www.neoss.com\/de\/#website\",\"url\":\"https:\/\/www.neoss.com\/de\/\",\"name\":\"Neoss - Intelligent Simplicity\",\"description\":\"\",\"publisher\":{\"@id\":\"https:\/\/www.neoss.com\/de\/#organization\"},\"potentialAction\":[{\"@type\":\"SearchAction\",\"target\":{\"@type\":\"EntryPoint\",\"urlTemplate\":\"https:\/\/www.neoss.com\/de\/?s={search_term_string}\"},\"query-input\":{\"@type\":\"PropertyValueSpecification\",\"valueRequired\":true,\"valueName\":\"search_term_string\"}}],\"inLanguage\":\"de-DE\"},{\"@type\":\"Organization\",\"@id\":\"https:\/\/www.neoss.com\/de\/#organization\",\"name\":\"neoss\",\"url\":\"https:\/\/www.neoss.com\/de\/\",\"logo\":{\"@type\":\"ImageObject\",\"inLanguage\":\"de-DE\",\"@id\":\"https:\/\/www.neoss.com\/de\/#\/schema\/logo\/image\/\",\"url\":\"https:\/\/blob.neoss.com\/logo\/neoss-logo1-1.svg\",\"contentUrl\":\"https:\/\/blob.neoss.com\/logo\/neoss-logo1-1.svg\",\"width\":96,\"height\":31,\"caption\":\"neoss\"},\"image\":{\"@id\":\"https:\/\/www.neoss.com\/de\/#\/schema\/logo\/image\/\"},\"sameAs\":[\"https:\/\/www.facebook.com\/NeossGroup\"]}]}<\/script>\n<!-- \/ Yoast SEO Premium plugin. -->","yoast_head_json":{"title":"Biomaterials - Product Overview - Menu","robots":{"index":"index","follow":"follow","max-snippet":"max-snippet:-1","max-image-preview":"max-image-preview:large","max-video-preview":"max-video-preview:-1"},"canonical":"https:\/\/www.neoss.com\/de\/biomaterials-product-overview-menu\/","og_locale":"de_DE","og_type":"article","og_title":"Biomaterials - Product Overview - Menu","og_description":"Biomaterialien Klicken Sie auf die Produktgruppe, \u00fcber die Sie mehr erfahren m\u00f6chten! Knochenersatzmaterial Resorbierbare Membranen Nicht resorbierbare Membranen N\u00e4hte Pin-Set","og_url":"https:\/\/www.neoss.com\/de\/biomaterials-product-overview-menu\/","og_site_name":"Deutschland","article_publisher":"https:\/\/www.facebook.com\/NeossGroup","article_modified_time":"2025-04-23T08:44:12+00:00","og_image":[{"url":"https:\/\/neoss-web.azureedge.net\/global\/Images\/Product%20Images\/Biomaterials\/Bone%20graft-1.webp","type":"","width":"","height":""}],"twitter_card":"summary_large_image","twitter_misc":{"Est. reading time":"2 minutes"},"schema":{"@context":"https:\/\/schema.org","@graph":[{"@type":"WebPage","@id":"https:\/\/www.neoss.com\/de\/biomaterials-product-overview-menu\/","url":"https:\/\/www.neoss.com\/de\/biomaterials-product-overview-menu\/","name":"Biomaterials - Product Overview - Menu","isPartOf":{"@id":"https:\/\/www.neoss.com\/de\/#website"},"primaryImageOfPage":{"@id":"https:\/\/www.neoss.com\/de\/biomaterials-product-overview-menu\/#primaryimage"},"image":{"@id":"https:\/\/www.neoss.com\/de\/biomaterials-product-overview-menu\/#primaryimage"},"thumbnailUrl":"https:\/\/blob.neoss.com\/global\/Images\/Product%20Images\/Biomaterials\/Bone%20graft-1.webp","datePublished":"2025-01-26T06:25:51+00:00","dateModified":"2025-04-23T08:44:12+00:00","breadcrumb":{"@id":"https:\/\/www.neoss.com\/de\/biomaterials-product-overview-menu\/#breadcrumb"},"inLanguage":"de-DE","potentialAction":[{"@type":"ReadAction","target":["https:\/\/www.neoss.com\/de\/biomaterials-product-overview-menu\/"]}]},{"@type":"ImageObject","inLanguage":"de-DE","@id":"https:\/\/www.neoss.com\/de\/biomaterials-product-overview-menu\/#primaryimage","url":"https:\/\/blob.neoss.com\/global\/Images\/Product%20Images\/Biomaterials\/Bone%20graft-1.webp","contentUrl":"https:\/\/blob.neoss.com\/global\/Images\/Product%20Images\/Biomaterials\/Bone%20graft-1.webp"},{"@type":"BreadcrumbList","@id":"https:\/\/www.neoss.com\/de\/biomaterials-product-overview-menu\/#breadcrumb","itemListElement":[{"@type":"ListItem","position":1,"name":"Home","item":"https:\/\/www.neoss.com\/de\/"},{"@type":"ListItem","position":2,"name":"Biomaterials &#8211; Product Overview &#8211; Menu"}]},{"@type":"WebSite","@id":"https:\/\/www.neoss.com\/de\/#website","url":"https:\/\/www.neoss.com\/de\/","name":"Neoss - Intelligent Simplicity","description":"","publisher":{"@id":"https:\/\/www.neoss.com\/de\/#organization"},"potentialAction":[{"@type":"SearchAction","target":{"@type":"EntryPoint","urlTemplate":"https:\/\/www.neoss.com\/de\/?s={search_term_string}"},"query-input":{"@type":"PropertyValueSpecification","valueRequired":true,"valueName":"search_term_string"}}],"inLanguage":"de-DE"},{"@type":"Organization","@id":"https:\/\/www.neoss.com\/de\/#organization","name":"neoss","url":"https:\/\/www.neoss.com\/de\/","logo":{"@type":"ImageObject","inLanguage":"de-DE","@id":"https:\/\/www.neoss.com\/de\/#\/schema\/logo\/image\/","url":"https:\/\/blob.neoss.com\/logo\/neoss-logo1-1.svg","contentUrl":"https:\/\/blob.neoss.com\/logo\/neoss-logo1-1.svg","width":96,"height":31,"caption":"neoss"},"image":{"@id":"https:\/\/www.neoss.com\/de\/#\/schema\/logo\/image\/"},"sameAs":["https:\/\/www.facebook.com\/NeossGroup"]}]}},"_links":{"self":[{"href":"https:\/\/www.neoss.com\/de\/wp-json\/wp\/v2\/pages\/3587","targetHints":{"allow":["GET"]}}],"collection":[{"href":"https:\/\/www.neoss.com\/de\/wp-json\/wp\/v2\/pages"}],"about":[{"href":"https:\/\/www.neoss.com\/de\/wp-json\/wp\/v2\/types\/page"}],"author":[{"embeddable":true,"href":"https:\/\/www.neoss.com\/de\/wp-json\/wp\/v2\/users\/3"}],"replies":[{"embeddable":true,"href":"https:\/\/www.neoss.com\/de\/wp-json\/wp\/v2\/comments?post=3587"}],"version-history":[{"count":8,"href":"https:\/\/www.neoss.com\/de\/wp-json\/wp\/v2\/pages\/3587\/revisions"}],"predecessor-version":[{"id":7720,"href":"https:\/\/www.neoss.com\/de\/wp-json\/wp\/v2\/pages\/3587\/revisions\/7720"}],"wp:attachment":[{"href":"https:\/\/www.neoss.com\/de\/wp-json\/wp\/v2\/media?parent=3587"}],"wp:term":[{"taxonomy":"category","embeddable":true,"href":"https:\/\/www.neoss.com\/de\/wp-json\/wp\/v2\/categories?post=3587"},{"taxonomy":"post_tag","embeddable":true,"href":"https:\/\/www.neoss.com\/de\/wp-json\/wp\/v2\/tags?post=3587"},{"taxonomy":"page_type","embeddable":true,"href":"https:\/\/www.neoss.com\/de\/wp-json\/wp\/v2\/page_type?post=3587"}],"curies":[{"name":"wp","href":"https:\/\/api.w.org\/{rel}","templated":true}]}}