{"id":7721,"date":"2025-04-23T18:32:44","date_gmt":"2025-04-23T10:32:44","guid":{"rendered":"https:\/\/www.neoss.com\/de\/?page_id=7721"},"modified":"2025-04-23T18:32:48","modified_gmt":"2025-04-23T10:32:48","slug":"agbsfuerfortbildungen","status":"publish","type":"page","link":"https:\/\/www.neoss.com\/de\/agbsfuerfortbildungen\/","title":{"rendered":"Agbsfuerfortbildungen"},"content":{"rendered":"\t\t<div data-elementor-type=\"wp-page\" data-elementor-id=\"7721\" class=\"elementor elementor-7721\" data-elementor-post-type=\"page\">\n\t\t\t\t<div class=\"elementor-element elementor-element-5f68940 e-con-full e-flex e-con e-parent\" data-id=\"5f68940\" data-element_type=\"container\">\n\t\t<div class=\"elementor-element elementor-element-823f24d e-flex e-con-boxed e-con e-child\" data-id=\"823f24d\" data-element_type=\"container\">\n\t\t\t\t\t<div class=\"e-con-inner\">\n\t\t\t\t<div class=\"elementor-element elementor-element-2747d5f elementor-widget elementor-widget-heading\" data-id=\"2747d5f\" data-element_type=\"widget\" data-widget_type=\"heading.default\">\n\t\t\t\t<div class=\"elementor-widget-container\">\n\t\t\t<span class=\"elementor-heading-title elementor-size-default\">Neoss\u00ae\n<\/span>\t\t<\/div>\n\t\t\t\t<\/div>\n\t\t\t\t<div class=\"elementor-element elementor-element-725ebfa elementor-widget elementor-widget-heading\" data-id=\"725ebfa\" data-element_type=\"widget\" data-widget_type=\"heading.default\">\n\t\t\t\t<div class=\"elementor-widget-container\">\n\t\t\t<h1 class=\"elementor-heading-title elementor-size-default\">Fortbildungen<\/h1>\t\t<\/div>\n\t\t\t\t<\/div>\n\t\t\t\t\t<\/div>\n\t\t\t\t<\/div>\n\t\t<div class=\"elementor-element elementor-element-27c39cb e-con-full e-flex e-con e-child\" data-id=\"27c39cb\" data-element_type=\"container\">\n\t\t\t\t<div class=\"elementor-element elementor-element-98ea311 elementor-widget elementor-widget-image\" data-id=\"98ea311\" data-element_type=\"widget\" data-widget_type=\"image.default\">\n\t\t\t\t<div class=\"elementor-widget-container\">\n\t\t\t\t\t\t\t\t\t\t\t\t\t<img decoding=\"async\" src=\"https:\/\/neoss-web.azureedge.net\/global\/Images\/City%20images\/Sthlm-02-1220x763-1.jpeg\" title=\"\" alt=\"\" loading=\"lazy\" \/>\t\t\t\t\t\t\t\t\t\t\t\t\t<\/div>\n\t\t\t\t<\/div>\n\t\t\t\t<\/div>\n\t\t\t\t<\/div>\n\t\t<div class=\"elementor-element elementor-element-a001b56 e-flex e-con-boxed e-con e-parent\" data-id=\"a001b56\" data-element_type=\"container\">\n\t\t\t\t\t<div class=\"e-con-inner\">\n\t\t\t\t<div class=\"elementor-element elementor-element-43a186a mtext elementor-widget elementor-widget-text-editor\" data-id=\"43a186a\" data-element_type=\"widget\" data-widget_type=\"text-editor.default\">\n\t\t\t\t<div class=\"elementor-widget-container\">\n\t\t\t<div class=\"aa-text__body checkmark-list\">\t\t\t\t<div class=\"aa-text__body  checkmark-list\">\n\t\t\t\t\t\n\t\t\t\t\t\t<h4><strong>Allgemeine Gesch\u00e4ftsbedingungen f\u00fcr Fortbildungsveranstaltungen der Neoss GmbH<\/strong><\/h4>\n<p><br>Die nachfolgenden Allgemeinen Bedingungen gelten f\u00fcr alle von der Neoss GmbH<br>angebotenen und durchgef\u00fchrten Fortbildungsveranstaltungen.<\/p>\n<p><br>1. Anmeldung\/Anmeldebest\u00e4tigung<\/p>\n<p>1.1 Die Kursusanmeldung muss schriftlich erfolgen, bitte nutzen Sie hierf\u00fcr unser<br>Anmeldeformular.<br>1.2 Angemeldete Teilnehmer erhalten ca. 2 Wochen vor dem Veranstaltungstermin<br>eine schriftliche Anmeldebest\u00e4tigung. Damit wird die Anmeldung verbindlich.<br>1.3 Sollte die Teilnehmerzahl f\u00fcr einen Kursus begrenzt sein, so werden die<br>Anmeldungen nach der Reihenfolge ihres Eingangs ber\u00fccksichtigt.<\/p>\n<p><br>2. Kursusgeb\u00fchr, Zahlung<\/p>\n<p>2.1 Werden Kursusgeb\u00fchren f\u00fcr Fortbildungsveranstaltungen erhoben, so wird die<br>entsprechende Teilnahmegeb\u00fchr, sofern im Anmeldeformular nicht anders<br>angegeben, nach Teilnahme am Kursus in Rechnung gestellt.<br>2.2 Eine Barzahlung bzw. Zahlung mit Kreditkarte vor Ort ist aus organisatorischen<br>Gr\u00fcnden nicht m\u00f6glich.<br>2.3 Eine eventuelle Verpfl egung w\u00e4hrend der Veranstaltung ist in der Kursusgeb\u00fchr<br>enthalten.<\/p>\n<p><br>3. Absage durch Teilnehmer\/Ersatzteilnehmer<\/p>\n<p>3.1 Jede Absage der Teilnahme an einer Fortbildungsveranstaltung muss schriftlich<br>erfolgen.<br>3.2 F\u00fcr Absagen der Teilnahme an einer Fortbildungsveranstaltung gelten folgende<br>Stornogeb\u00fchren:<br>3.2.1 Erfolgt die Absage durch den Teilnehmer bis zu einer Woche vor dem<br>Veranstaltungstermin, so wird keine Kursusgeb\u00fchr f\u00e4llig.<br>3.2.2 Bei sp\u00e4terer Absage werden 50 % der Kursusgeb\u00fchr zur\u00fcckerstattet.<br>3.3 In jedem Fall ist die Teilnahmeberechtigung auf einem vom<br>Angemeldeten vermittelten Ersatzteilnehmer \u00fcbertragbar.<\/p>\n<p><br>4. Absage von Veranstaltungen durch die Neoss GmbH<\/p>\n<p>4.1 Die Neoss GmbH beh\u00e4lt sich vor, eine Fortbildungsveranstaltung wegen zu geringer<br>Teilnehmerzahl oder aus anderen Gr\u00fcnden, z. B. Erkrankung eines Referenten auch<br>kurzfristig abzusagen. In diesem Fall werden die Teilnehmer umgehend<br>benachrichtigt. Ein Anspruch auf Schadensersatz besteht in diesem Fall nicht.<br>4.2 Wir behalten uns inhaltliche und organisatorische \u00c4nderungen bei der<br>Durchf\u00fchrung der Fortbildungsveranstaltungen vor. Sollte ein angemeldeter<br>Teilnehmer wegen einer Termin\u00e4nderung durch die Neoss GmbH daran gehindert<br>sein, die Fortbildungsveranstaltung zu besuchen, so kann er\/sie vom Vertrag kostenfrei<br>zur\u00fccktreten.<\/p>\n<p>5. Haftung<\/p>\n<p>5.1 Die Referenten tragen in den Veranstaltungen ihre pers\u00f6nlichen Erfahrungen vor.<br>Aussagen \u00fcber einzelne Behandlungskonzepte sind subjektiv. Die Neoss GmbH<br>kann keine Haftung im Hinblick auf von Referenten vorgetragene Behandlungskonzepte<br>und Inhalte der Vortr\u00e4ge \u00fcbernehmen.<br>5.2 Veranstaltungen, die von einem anderen Veranstalter als Neoss GmbH durchgef\u00fchrt<br>werden, sind in unseren Veranstaltungs\u00fcbersichten nur zur Information<br>aufgef\u00fchrt. Die Angaben sind unverbindlich. Die Neoss GmbH kann keine Haftung<br>f\u00fcr solche Informationen \u00fcbernehmen.<\/p>\n<p>6. Urheberrecht<\/p>\n<p>6.1 Wir behalten uns alle Rechte an den Fortbildungsunterlagen vor. Diese d\u00fcrfen<br>weder ganz noch teilweise ohne unsere vorherige schriftliche Zustimmung<br>reproduziert oder insbesondere unter Verwendung elektronischer Systeme<br>verarbeitet, vervielf\u00e4ltigt, verbreitet oder zur \u00f6ffentlichen Wiedergabe benutzt<br>werden.<br>6.2 Das Fotografi eren, Filmen und Mitschneiden auf allen Ton- und Bildtr\u00e4gern ist in<br>unseren Fortbildungsveranstaltungen nicht gestattet.<\/p>\n<p>7. Gerichtsstand \u2013 Erf\u00fcllungsort \u2013 Anwendbares Recht<\/p>\n<p>7.1 Es gilt ausschlie\u00dflich deutsches Recht unter Ausschluss des UN-Kaufrechtes.<br>7.2 Sofern der Teilnehmer Kaufmann ist, ist unser Gesch\u00e4ftssitz Gerichtsstand; wir sind<br>jedoch berechtigt, den Besteller auch an seinem Wohnsitzgericht zu verklagen.<br>7.3 Sofern sich aus der Auftragsbest\u00e4tigung nichts Anderes ergibt, ist unser Gesch\u00e4ftssitz<br>Erf\u00fcllungsort.<\/p>\n<p>8. Datenschutz<\/p>\n<p>Sie k\u00f6nnen unsere Datenschutzrichtlinien online einsehen unter:<br>www.neoss.com\/de\/datenschutzrichtlinie<\/p>\n\t\t\t\t\t\n\t\t\t\t<\/div>\t\t\t\t<\/div>\t\t<\/div>\n\t\t\t\t<\/div>\n\t\t\t\t\t<\/div>\n\t\t\t\t<\/div>\n\t\t\t\t<\/div>\n\t\t","protected":false},"excerpt":{"rendered":"<p>Neoss\u00ae Fortbildungen Allgemeine Gesch\u00e4ftsbedingungen f\u00fcr Fortbildungsveranstaltungen der Neoss GmbH Die nachfolgenden Allgemeinen Bedingungen gelten f\u00fcr alle von der Neoss GmbHangebotenen und durchgef\u00fchrten Fortbildungsveranstaltungen. 1. Anmeldung\/Anmeldebest\u00e4tigung 1.1 Die Kursusanmeldung muss schriftlich erfolgen, bitte nutzen Sie hierf\u00fcr unserAnmeldeformular.1.2 Angemeldete Teilnehmer erhalten ca. 2 Wochen vor dem Veranstaltungstermineine schriftliche Anmeldebest\u00e4tigung. Damit wird die Anmeldung verbindlich.1.3 Sollte die Teilnehmerzahl [&hellip;]<\/p>\n","protected":false},"author":4,"featured_media":0,"parent":0,"menu_order":0,"comment_status":"closed","ping_status":"closed","template":"","meta":{"_acf_changed":false,"content-type":"","_relevanssi_hide_post":"","_relevanssi_hide_content":"","_relevanssi_pin_for_all":"","_relevanssi_pin_keywords":"","_relevanssi_unpin_keywords":"","_relevanssi_related_keywords":"","_relevanssi_related_include_ids":"","_relevanssi_related_exclude_ids":"","_relevanssi_related_no_append":"","_relevanssi_related_not_related":"","_relevanssi_related_posts":"","_relevanssi_noindex_reason":"","footnotes":""},"categories":[40],"tags":[],"page_type":[18],"class_list":["post-7721","page","type-page","status-publish","hentry","category-to-delete","page_type-page"],"acf":[],"yoast_head":"<!-- This site is optimized with the Yoast SEO Premium plugin v24.8 (Yoast SEO v24.8.1) - https:\/\/yoast.com\/wordpress\/plugins\/seo\/ -->\n<title>AGBs f\u00fcr Fortbildungsveranstaltungen der Neoss GmbH<\/title>\n<meta name=\"robots\" content=\"index, follow, max-snippet:-1, max-image-preview:large, max-video-preview:-1\" \/>\n<link rel=\"canonical\" href=\"https:\/\/www.neoss.com\/de\/agbsfuerfortbildungen\/\" \/>\n<meta property=\"og:locale\" content=\"de_DE\" \/>\n<meta property=\"og:type\" content=\"article\" \/>\n<meta property=\"og:title\" content=\"Agbsfuerfortbildungen\" \/>\n<meta property=\"og:description\" content=\"Neoss\u00ae Fortbildungen Allgemeine Gesch\u00e4ftsbedingungen f\u00fcr Fortbildungsveranstaltungen der Neoss GmbH Die nachfolgenden Allgemeinen Bedingungen gelten f\u00fcr alle von der Neoss GmbHangebotenen und durchgef\u00fchrten Fortbildungsveranstaltungen. 1. Anmeldung\/Anmeldebest\u00e4tigung 1.1 Die Kursusanmeldung muss schriftlich erfolgen, bitte nutzen Sie hierf\u00fcr unserAnmeldeformular.1.2 Angemeldete Teilnehmer erhalten ca. 2 Wochen vor dem Veranstaltungstermineine schriftliche Anmeldebest\u00e4tigung. Damit wird die Anmeldung verbindlich.1.3 Sollte die Teilnehmerzahl [&hellip;]\" \/>\n<meta property=\"og:url\" content=\"https:\/\/www.neoss.com\/de\/agbsfuerfortbildungen\/\" \/>\n<meta property=\"og:site_name\" content=\"Deutschland\" \/>\n<meta property=\"article:publisher\" content=\"https:\/\/www.facebook.com\/NeossGroup\" \/>\n<meta property=\"article:modified_time\" content=\"2025-04-23T10:32:48+00:00\" \/>\n<meta property=\"og:image\" content=\"https:\/\/neoss-web.azureedge.net\/global\/Images\/City%20images\/Sthlm-02-1220x763-1.jpeg\" \/>\n<meta name=\"twitter:card\" content=\"summary_large_image\" \/>\n<meta name=\"twitter:label1\" content=\"Est. reading time\" \/>\n\t<meta name=\"twitter:data1\" content=\"3 minutes\" \/>\n<script type=\"application\/ld+json\" class=\"yoast-schema-graph\">{\"@context\":\"https:\/\/schema.org\",\"@graph\":[{\"@type\":\"WebPage\",\"@id\":\"https:\/\/www.neoss.com\/de\/agbsfuerfortbildungen\/\",\"url\":\"https:\/\/www.neoss.com\/de\/agbsfuerfortbildungen\/\",\"name\":\"AGBs f\u00fcr Fortbildungsveranstaltungen der Neoss GmbH\",\"isPartOf\":{\"@id\":\"https:\/\/www.neoss.com\/de\/#website\"},\"primaryImageOfPage\":{\"@id\":\"https:\/\/www.neoss.com\/de\/agbsfuerfortbildungen\/#primaryimage\"},\"image\":{\"@id\":\"https:\/\/www.neoss.com\/de\/agbsfuerfortbildungen\/#primaryimage\"},\"thumbnailUrl\":\"https:\/\/blob.neoss.com\/global\/Images\/City%20images\/Sthlm-02-1220x763-1.jpeg\",\"datePublished\":\"2025-04-23T10:32:44+00:00\",\"dateModified\":\"2025-04-23T10:32:48+00:00\",\"breadcrumb\":{\"@id\":\"https:\/\/www.neoss.com\/de\/agbsfuerfortbildungen\/#breadcrumb\"},\"inLanguage\":\"de-DE\",\"potentialAction\":[{\"@type\":\"ReadAction\",\"target\":[\"https:\/\/www.neoss.com\/de\/agbsfuerfortbildungen\/\"]}]},{\"@type\":\"ImageObject\",\"inLanguage\":\"de-DE\",\"@id\":\"https:\/\/www.neoss.com\/de\/agbsfuerfortbildungen\/#primaryimage\",\"url\":\"https:\/\/blob.neoss.com\/global\/Images\/City%20images\/Sthlm-02-1220x763-1.jpeg\",\"contentUrl\":\"https:\/\/blob.neoss.com\/global\/Images\/City%20images\/Sthlm-02-1220x763-1.jpeg\"},{\"@type\":\"BreadcrumbList\",\"@id\":\"https:\/\/www.neoss.com\/de\/agbsfuerfortbildungen\/#breadcrumb\",\"itemListElement\":[{\"@type\":\"ListItem\",\"position\":1,\"name\":\"Home\",\"item\":\"https:\/\/www.neoss.com\/de\/\"},{\"@type\":\"ListItem\",\"position\":2,\"name\":\"Agbsfuerfortbildungen\"}]},{\"@type\":\"WebSite\",\"@id\":\"https:\/\/www.neoss.com\/de\/#website\",\"url\":\"https:\/\/www.neoss.com\/de\/\",\"name\":\"Neoss - Intelligent Simplicity\",\"description\":\"\",\"publisher\":{\"@id\":\"https:\/\/www.neoss.com\/de\/#organization\"},\"potentialAction\":[{\"@type\":\"SearchAction\",\"target\":{\"@type\":\"EntryPoint\",\"urlTemplate\":\"https:\/\/www.neoss.com\/de\/?s={search_term_string}\"},\"query-input\":{\"@type\":\"PropertyValueSpecification\",\"valueRequired\":true,\"valueName\":\"search_term_string\"}}],\"inLanguage\":\"de-DE\"},{\"@type\":\"Organization\",\"@id\":\"https:\/\/www.neoss.com\/de\/#organization\",\"name\":\"neoss\",\"url\":\"https:\/\/www.neoss.com\/de\/\",\"logo\":{\"@type\":\"ImageObject\",\"inLanguage\":\"de-DE\",\"@id\":\"https:\/\/www.neoss.com\/de\/#\/schema\/logo\/image\/\",\"url\":\"https:\/\/blob.neoss.com\/logo\/neoss-logo1-1.svg\",\"contentUrl\":\"https:\/\/blob.neoss.com\/logo\/neoss-logo1-1.svg\",\"width\":96,\"height\":31,\"caption\":\"neoss\"},\"image\":{\"@id\":\"https:\/\/www.neoss.com\/de\/#\/schema\/logo\/image\/\"},\"sameAs\":[\"https:\/\/www.facebook.com\/NeossGroup\"]}]}<\/script>\n<!-- \/ Yoast SEO Premium plugin. -->","yoast_head_json":{"title":"AGBs f\u00fcr Fortbildungsveranstaltungen der Neoss GmbH","robots":{"index":"index","follow":"follow","max-snippet":"max-snippet:-1","max-image-preview":"max-image-preview:large","max-video-preview":"max-video-preview:-1"},"canonical":"https:\/\/www.neoss.com\/de\/agbsfuerfortbildungen\/","og_locale":"de_DE","og_type":"article","og_title":"Agbsfuerfortbildungen","og_description":"Neoss\u00ae Fortbildungen Allgemeine Gesch\u00e4ftsbedingungen f\u00fcr Fortbildungsveranstaltungen der Neoss GmbH Die nachfolgenden Allgemeinen Bedingungen gelten f\u00fcr alle von der Neoss GmbHangebotenen und durchgef\u00fchrten Fortbildungsveranstaltungen. 1. Anmeldung\/Anmeldebest\u00e4tigung 1.1 Die Kursusanmeldung muss schriftlich erfolgen, bitte nutzen Sie hierf\u00fcr unserAnmeldeformular.1.2 Angemeldete Teilnehmer erhalten ca. 2 Wochen vor dem Veranstaltungstermineine schriftliche Anmeldebest\u00e4tigung. Damit wird die Anmeldung verbindlich.1.3 Sollte die Teilnehmerzahl [&hellip;]","og_url":"https:\/\/www.neoss.com\/de\/agbsfuerfortbildungen\/","og_site_name":"Deutschland","article_publisher":"https:\/\/www.facebook.com\/NeossGroup","article_modified_time":"2025-04-23T10:32:48+00:00","og_image":[{"url":"https:\/\/neoss-web.azureedge.net\/global\/Images\/City%20images\/Sthlm-02-1220x763-1.jpeg","type":"","width":"","height":""}],"twitter_card":"summary_large_image","twitter_misc":{"Est. reading time":"3 minutes"},"schema":{"@context":"https:\/\/schema.org","@graph":[{"@type":"WebPage","@id":"https:\/\/www.neoss.com\/de\/agbsfuerfortbildungen\/","url":"https:\/\/www.neoss.com\/de\/agbsfuerfortbildungen\/","name":"AGBs f\u00fcr Fortbildungsveranstaltungen der Neoss GmbH","isPartOf":{"@id":"https:\/\/www.neoss.com\/de\/#website"},"primaryImageOfPage":{"@id":"https:\/\/www.neoss.com\/de\/agbsfuerfortbildungen\/#primaryimage"},"image":{"@id":"https:\/\/www.neoss.com\/de\/agbsfuerfortbildungen\/#primaryimage"},"thumbnailUrl":"https:\/\/blob.neoss.com\/global\/Images\/City%20images\/Sthlm-02-1220x763-1.jpeg","datePublished":"2025-04-23T10:32:44+00:00","dateModified":"2025-04-23T10:32:48+00:00","breadcrumb":{"@id":"https:\/\/www.neoss.com\/de\/agbsfuerfortbildungen\/#breadcrumb"},"inLanguage":"de-DE","potentialAction":[{"@type":"ReadAction","target":["https:\/\/www.neoss.com\/de\/agbsfuerfortbildungen\/"]}]},{"@type":"ImageObject","inLanguage":"de-DE","@id":"https:\/\/www.neoss.com\/de\/agbsfuerfortbildungen\/#primaryimage","url":"https:\/\/blob.neoss.com\/global\/Images\/City%20images\/Sthlm-02-1220x763-1.jpeg","contentUrl":"https:\/\/blob.neoss.com\/global\/Images\/City%20images\/Sthlm-02-1220x763-1.jpeg"},{"@type":"BreadcrumbList","@id":"https:\/\/www.neoss.com\/de\/agbsfuerfortbildungen\/#breadcrumb","itemListElement":[{"@type":"ListItem","position":1,"name":"Home","item":"https:\/\/www.neoss.com\/de\/"},{"@type":"ListItem","position":2,"name":"Agbsfuerfortbildungen"}]},{"@type":"WebSite","@id":"https:\/\/www.neoss.com\/de\/#website","url":"https:\/\/www.neoss.com\/de\/","name":"Neoss - Intelligent Simplicity","description":"","publisher":{"@id":"https:\/\/www.neoss.com\/de\/#organization"},"potentialAction":[{"@type":"SearchAction","target":{"@type":"EntryPoint","urlTemplate":"https:\/\/www.neoss.com\/de\/?s={search_term_string}"},"query-input":{"@type":"PropertyValueSpecification","valueRequired":true,"valueName":"search_term_string"}}],"inLanguage":"de-DE"},{"@type":"Organization","@id":"https:\/\/www.neoss.com\/de\/#organization","name":"neoss","url":"https:\/\/www.neoss.com\/de\/","logo":{"@type":"ImageObject","inLanguage":"de-DE","@id":"https:\/\/www.neoss.com\/de\/#\/schema\/logo\/image\/","url":"https:\/\/blob.neoss.com\/logo\/neoss-logo1-1.svg","contentUrl":"https:\/\/blob.neoss.com\/logo\/neoss-logo1-1.svg","width":96,"height":31,"caption":"neoss"},"image":{"@id":"https:\/\/www.neoss.com\/de\/#\/schema\/logo\/image\/"},"sameAs":["https:\/\/www.facebook.com\/NeossGroup"]}]}},"_links":{"self":[{"href":"https:\/\/www.neoss.com\/de\/wp-json\/wp\/v2\/pages\/7721","targetHints":{"allow":["GET"]}}],"collection":[{"href":"https:\/\/www.neoss.com\/de\/wp-json\/wp\/v2\/pages"}],"about":[{"href":"https:\/\/www.neoss.com\/de\/wp-json\/wp\/v2\/types\/page"}],"author":[{"embeddable":true,"href":"https:\/\/www.neoss.com\/de\/wp-json\/wp\/v2\/users\/4"}],"replies":[{"embeddable":true,"href":"https:\/\/www.neoss.com\/de\/wp-json\/wp\/v2\/comments?post=7721"}],"version-history":[{"count":4,"href":"https:\/\/www.neoss.com\/de\/wp-json\/wp\/v2\/pages\/7721\/revisions"}],"predecessor-version":[{"id":7725,"href":"https:\/\/www.neoss.com\/de\/wp-json\/wp\/v2\/pages\/7721\/revisions\/7725"}],"wp:attachment":[{"href":"https:\/\/www.neoss.com\/de\/wp-json\/wp\/v2\/media?parent=7721"}],"wp:term":[{"taxonomy":"category","embeddable":true,"href":"https:\/\/www.neoss.com\/de\/wp-json\/wp\/v2\/categories?post=7721"},{"taxonomy":"post_tag","embeddable":true,"href":"https:\/\/www.neoss.com\/de\/wp-json\/wp\/v2\/tags?post=7721"},{"taxonomy":"page_type","embeddable":true,"href":"https:\/\/www.neoss.com\/de\/wp-json\/wp\/v2\/page_type?post=7721"}],"curies":[{"name":"wp","href":"https:\/\/api.w.org\/{rel}","templated":true}]}}