{"id":2210,"date":"2025-01-21T13:51:31","date_gmt":"2025-01-21T05:51:31","guid":{"rendered":"https:\/\/www.neoss.com\/it\/?page_id=2210"},"modified":"2026-03-27T22:45:41","modified_gmt":"2026-03-27T14:45:41","slug":"cad-libraries","status":"publish","type":"page","link":"https:\/\/www.neoss.com\/it\/cad-libraries\/","title":{"rendered":"Cad Libraries"},"content":{"rendered":"\t\t<div data-elementor-type=\"wp-page\" data-elementor-id=\"2210\" class=\"elementor elementor-2210\" data-elementor-post-type=\"page\">\n\t\t\t\t<div class=\"elementor-element elementor-element-d0a0916 e-flex e-con-boxed e-con e-parent\" data-id=\"d0a0916\" data-element_type=\"container\">\n\t\t\t\t\t<div class=\"e-con-inner\">\n\t\t<div class=\"elementor-element elementor-element-5644715 e-con-full e-flex e-con e-child\" data-id=\"5644715\" data-element_type=\"container\">\n\t\t\t\t<div class=\"elementor-element elementor-element-6874d64 elementor-widget elementor-widget-image\" data-id=\"6874d64\" data-element_type=\"widget\" data-widget_type=\"image.default\">\n\t\t\t\t<div class=\"elementor-widget-container\">\n\t\t\t<style>\/*! elementor - v3.23.0 - 05-08-2024 *\/\n.elementor-widget-image{text-align:center}.elementor-widget-image a{display:inline-block}.elementor-widget-image a img[src$=\".svg\"]{width:48px}.elementor-widget-image img{vertical-align:middle;display:inline-block}<\/style>\t\t\t\t\t\t\t\t\t\t<img decoding=\"async\" src=\"https:\/\/neoss-web.azureedge.net\/3Shape%20V2.webp\" title=\"\" alt=\"\" loading=\"lazy\" \/>\t\t\t\t\t\t\t\t\t\t\t\t\t<\/div>\n\t\t\t\t<\/div>\n\t\t\t\t<div class=\"elementor-element elementor-element-ea09df6 elementor-widget elementor-widget-text-editor\" data-id=\"ea09df6\" data-element_type=\"widget\" data-widget_type=\"text-editor.default\">\n\t\t\t\t<div class=\"elementor-widget-container\">\n\t\t\t<style>\/*! elementor - v3.23.0 - 05-08-2024 *\/\n.elementor-widget-text-editor.elementor-drop-cap-view-stacked .elementor-drop-cap{background-color:#69727d;color:#fff}.elementor-widget-text-editor.elementor-drop-cap-view-framed .elementor-drop-cap{color:#69727d;border:3px solid;background-color:transparent}.elementor-widget-text-editor:not(.elementor-drop-cap-view-default) .elementor-drop-cap{margin-top:8px}.elementor-widget-text-editor:not(.elementor-drop-cap-view-default) .elementor-drop-cap-letter{width:1em;height:1em}.elementor-widget-text-editor .elementor-drop-cap{float:left;text-align:center;line-height:1;font-size:50px}.elementor-widget-text-editor .elementor-drop-cap-letter{display:inline-block}<\/style><div class=\"aa-text__body checkmark-list\">\t\t\t\t<div class=\"aa-card__body checkmark-list\"><p><strong>LIBRERIE 3SHAPE<\/strong><br \/>Neoss supporta l&#8217;interazione quotidiana con il flusso di lavoro digitale 3Shape offrendo una serie di prodotti compatibili con il sistema 3Shape. <br \/>Neoss Main. Version 5.0.4: 2025-03-11<span data-olk-copy-source=\"MessageBody\"><br \/>Neoss InLab. Version 1.0.0: 2026-03-27<\/span><\/p><\/div>\t\t\t\t<\/div>\t\t<\/div>\n\t\t\t\t<\/div>\n\t\t\t\t<div class=\"elementor-element elementor-element-1846de7 red-button elementor-widget elementor-widget-button\" data-id=\"1846de7\" data-element_type=\"widget\" data-widget_type=\"button.default\">\n\t\t\t\t<div class=\"elementor-widget-container\">\n\t\t\t\t\t<div class=\"elementor-button-wrapper\">\n\t\t\t<a class=\"elementor-button elementor-button-link elementor-size-sm\" href=\"https:\/\/info.neoss.com\/cad-library-3shape\">\n\t\t\t\t\t\t<span class=\"elementor-button-content-wrapper\">\n\t\t\t\t\t\t\t\t\t<span class=\"elementor-button-text\">Download<\/span>\n\t\t\t\t\t<\/span>\n\t\t\t\t\t<\/a>\n\t\t<\/div>\n\t\t\t\t<\/div>\n\t\t\t\t<\/div>\n\t\t\t\t<\/div>\n\t\t<div class=\"elementor-element elementor-element-3595c98 e-con-full e-flex e-con e-child\" data-id=\"3595c98\" data-element_type=\"container\">\n\t\t\t\t<div class=\"elementor-element elementor-element-25031af elementor-widget elementor-widget-image\" data-id=\"25031af\" data-element_type=\"widget\" data-widget_type=\"image.default\">\n\t\t\t\t<div class=\"elementor-widget-container\">\n\t\t\t\t\t\t\t\t\t\t\t\t\t<img decoding=\"async\" src=\"https:\/\/neoss-web.azureedge.net\/Exocad%20v2.webp\" title=\"\" alt=\"\" loading=\"lazy\" \/>\t\t\t\t\t\t\t\t\t\t\t\t\t<\/div>\n\t\t\t\t<\/div>\n\t\t\t\t<div class=\"elementor-element elementor-element-be5e135 elementor-widget elementor-widget-text-editor\" data-id=\"be5e135\" data-element_type=\"widget\" data-widget_type=\"text-editor.default\">\n\t\t\t\t<div class=\"elementor-widget-container\">\n\t\t\t<div class=\"aa-text__body checkmark-list\">\t\t\t\t<div class=\"aa-card__body checkmark-list\"><p><strong>LIBRERIE EXOCAD<\/strong><\/p><p>Neoss continuer\u00e0 ad ampliare le opzioni disponibili per utilizzare tutti i vantaggi offerti dal sistema implantare Neoss e dal flusso di lavoro digitale Exocad.<br \/>Neoss Main. Version 5.0.6: 2025-09-29<br \/>Neoss InLab. Version 1.0.0: 2026-03-27<\/p><\/div>\t\t\t\t<\/div>\t\t<\/div>\n\t\t\t\t<\/div>\n\t\t\t\t<div class=\"elementor-element elementor-element-a40b047 red-button elementor-widget elementor-widget-button\" data-id=\"a40b047\" data-element_type=\"widget\" data-widget_type=\"button.default\">\n\t\t\t\t<div class=\"elementor-widget-container\">\n\t\t\t\t\t<div class=\"elementor-button-wrapper\">\n\t\t\t<a class=\"elementor-button elementor-button-link elementor-size-sm\" href=\"https:\/\/info.neoss.com\/cad-library-exocad\">\n\t\t\t\t\t\t<span class=\"elementor-button-content-wrapper\">\n\t\t\t\t\t\t\t\t\t<span class=\"elementor-button-text\">Download<\/span>\n\t\t\t\t\t<\/span>\n\t\t\t\t\t<\/a>\n\t\t<\/div>\n\t\t\t\t<\/div>\n\t\t\t\t<\/div>\n\t\t\t\t<\/div>\n\t\t\t\t\t<\/div>\n\t\t\t\t<\/div>\n\t\t<div class=\"elementor-element elementor-element-c7eb3a0 e-con-full e-flex e-con e-parent\" data-id=\"c7eb3a0\" data-element_type=\"container\">\n\t\t<div class=\"elementor-element elementor-element-ba75922 e-con-full e-flex e-con e-child\" data-id=\"ba75922\" data-element_type=\"container\">\n\t\t\t\t<div class=\"elementor-element elementor-element-8a8d9fe elementor-widget elementor-widget-image\" data-id=\"8a8d9fe\" data-element_type=\"widget\" data-widget_type=\"image.default\">\n\t\t\t\t<div class=\"elementor-widget-container\">\n\t\t\t\t\t\t\t\t\t\t\t\t\t<img decoding=\"async\" src=\"https:\/\/neoss-web.azureedge.net\/ScanKey%20family%20image%20-%20empty%20key-1.png\" title=\"\" alt=\"\" loading=\"lazy\" \/>\t\t\t\t\t\t\t\t\t\t\t\t\t<\/div>\n\t\t\t\t<\/div>\n\t\t\t\t<\/div>\n\t\t<div class=\"elementor-element elementor-element-fe227d9 e-con-full e-flex e-con e-child\" data-id=\"fe227d9\" data-element_type=\"container\">\n\t\t\t\t<div class=\"elementor-element elementor-element-4eceb07 elementor-widget__width-initial elementor-widget elementor-widget-heading\" data-id=\"4eceb07\" data-element_type=\"widget\" data-widget_type=\"heading.default\">\n\t\t\t\t<div class=\"elementor-widget-container\">\n\t\t\t<style>\/*! elementor - v3.23.0 - 05-08-2024 *\/\n.elementor-heading-title{padding:0;margin:0;line-height:1}.elementor-widget-heading .elementor-heading-title[class*=elementor-size-]>a{color:inherit;font-size:inherit;line-height:inherit}.elementor-widget-heading .elementor-heading-title.elementor-size-small{font-size:15px}.elementor-widget-heading .elementor-heading-title.elementor-size-medium{font-size:19px}.elementor-widget-heading .elementor-heading-title.elementor-size-large{font-size:29px}.elementor-widget-heading .elementor-heading-title.elementor-size-xl{font-size:39px}.elementor-widget-heading .elementor-heading-title.elementor-size-xxl{font-size:59px}<\/style><h1 class=\"elementor-heading-title elementor-size-default\">Nuovo kit ScanKey per Neoss Universal Ti Scanbody\n<\/h1>\t\t<\/div>\n\t\t\t\t<\/div>\n\t\t\t\t<div class=\"elementor-element elementor-element-d47fa0c elementor-widget elementor-widget-heading\" data-id=\"d47fa0c\" data-element_type=\"widget\" data-widget_type=\"heading.default\">\n\t\t\t\t<div class=\"elementor-widget-container\">\n\t\t\t<span class=\"elementor-heading-title elementor-size-default\">Supportiamo il tuo successo\n<\/span>\t\t<\/div>\n\t\t\t\t<\/div>\n\t\t\t\t<div class=\"elementor-element elementor-element-e1f040f elementor-widget__width-initial elementor-widget elementor-widget-text-editor\" data-id=\"e1f040f\" data-element_type=\"widget\" data-widget_type=\"text-editor.default\">\n\t\t\t\t<div class=\"elementor-widget-container\">\n\t\t\t<div class=\"aa-text__body checkmark-list\">\t\t\t\t<p>Neoss Universal Ti ScanBody \u00e8 realizzato in titanio di alta qualit\u00e0 e trattato in superficie per prestazioni ottimali. Da questa pagina \u00e8 possibile scaricare e stampare il kit ScanKey, che pu\u00f2 funzionare con lo Scanbody per eseguire la scansione dell&#8217;intera arcata con uno scanner intraorale.<\/p><p><a href=\"#Scankey\">ScanKey Kit<\/a><\/p>\t\t\t\t<\/div>\t\t<\/div>\n\t\t\t\t<\/div>\n\t\t\t\t<\/div>\n\t\t<div class=\"elementor-element elementor-element-6a951fe e-con-full up-and-down-f-bottom-animation elementor-hidden-mobile e-flex e-con e-child\" data-id=\"6a951fe\" data-element_type=\"container\" data-settings=\"{&quot;position&quot;:&quot;absolute&quot;}\">\n\t\t\t\t<div class=\"elementor-element elementor-element-c54196b aa-label elementor-widget elementor-widget-heading\" data-id=\"c54196b\" data-element_type=\"widget\" data-widget_type=\"heading.default\">\n\t\t\t\t<div class=\"elementor-widget-container\">\n\t\t\t<span class=\"elementor-heading-title elementor-size-default\"><a href=\"#Details\">Explore<\/a><\/span>\t\t<\/div>\n\t\t\t\t<\/div>\n\t\t\t\t<div class=\"elementor-element elementor-element-05b4715 elementor-widget elementor-widget-html\" data-id=\"05b4715\" data-element_type=\"widget\" data-widget_type=\"html.default\">\n\t\t\t\t<div class=\"elementor-widget-container\">\n\t\t\t<a href=\"#Details\">\n<svg width=\"10\" height=\"70\" viewBox=\"0 0 10 70\" fill=\"white\" xmlns=\"http:\/\/www.w3.org\/2000\/svg\">\n\t\t\t\t<path fill-rule=\"evenodd\" clip-rule=\"evenodd\" d=\"M0.00259018 65.4635L4.47056 69.9314L5.10234 69.9314L9.57031 65.4635L8.93854 64.8317L5.2328 68.5366L5.2328 3.90604e-08L4.33921 0L4.33921 68.5374L0.634361 64.8308L0.00259018 65.4635Z\" fill=\"white\"><\/path>\n\t\t\t<\/svg><\/a>\t\t<\/div>\n\t\t\t\t<\/div>\n\t\t\t\t<\/div>\n\t\t\t\t<\/div>\n\t\t<div class=\"elementor-element elementor-element-3ee1b895 e-flex e-con-boxed e-con e-parent\" data-id=\"3ee1b895\" data-element_type=\"container\" id=\"ScanKey\">\n\t\t\t\t\t<div class=\"e-con-inner\">\n\t\t<div class=\"elementor-element elementor-element-2655da59 e-con-full e-flex e-con e-child\" data-id=\"2655da59\" data-element_type=\"container\">\n\t\t\t\t<div class=\"elementor-element elementor-element-5ba28b0a elementor-widget elementor-widget-image\" data-id=\"5ba28b0a\" data-element_type=\"widget\" id=\"Scankey\" data-widget_type=\"image.default\">\n\t\t\t\t<div class=\"elementor-widget-container\">\n\t\t\t\t\t\t\t\t\t\t\t\t\t<img decoding=\"async\" src=\"https:\/\/neoss-web.azureedge.net\/\/ScanKey%20SP%2c%20Access%2c%20Multi_Unit%20Frame.webp\" title=\"\" alt=\"\" loading=\"lazy\" \/>\t\t\t\t\t\t\t\t\t\t\t\t\t<\/div>\n\t\t\t\t<\/div>\n\t\t\t\t<div class=\"elementor-element elementor-element-2512d46a elementor-widget elementor-widget-heading\" data-id=\"2512d46a\" data-element_type=\"widget\" data-widget_type=\"heading.default\">\n\t\t\t\t<div class=\"elementor-widget-container\">\n\t\t\t<h4 class=\"elementor-heading-title elementor-size-default\">ScanKey Kit<\/h4>\t\t<\/div>\n\t\t\t\t<\/div>\n\t\t\t\t<div class=\"elementor-element elementor-element-7d9fb068 red-button elementor-widget elementor-widget-button\" data-id=\"7d9fb068\" data-element_type=\"widget\" data-widget_type=\"button.default\">\n\t\t\t\t<div class=\"elementor-widget-container\">\n\t\t\t\t\t<div class=\"elementor-button-wrapper\">\n\t\t\t<a class=\"elementor-button elementor-button-link elementor-size-sm\" href=\"https:\/\/info.neoss.com\/it\/cad-library-scan-key-it\">\n\t\t\t\t\t\t<span class=\"elementor-button-content-wrapper\">\n\t\t\t\t\t\t\t\t\t<span class=\"elementor-button-text\">Download<\/span>\n\t\t\t\t\t<\/span>\n\t\t\t\t\t<\/a>\n\t\t<\/div>\n\t\t\t\t<\/div>\n\t\t\t\t<\/div>\n\t\t\t\t<\/div>\n\t\t<div class=\"elementor-element elementor-element-88bbd9b e-con-full e-flex e-con e-child\" data-id=\"88bbd9b\" data-element_type=\"container\">\n\t\t\t\t<div class=\"elementor-element elementor-element-1b10857f elementor-widget elementor-widget-image\" data-id=\"1b10857f\" data-element_type=\"widget\" data-widget_type=\"image.default\">\n\t\t\t\t<div class=\"elementor-widget-container\">\n\t\t\t\t\t\t\t\t\t\t\t\t\t<img decoding=\"async\" src=\"https:\/\/neoss-web.azureedge.net\/Digital%20Analog%20Neoss%20Fixation%20tool%2016764_0%20tilted.webp\" title=\"\" alt=\"\" loading=\"lazy\" \/>\t\t\t\t\t\t\t\t\t\t\t\t\t<\/div>\n\t\t\t\t<\/div>\n\t\t\t\t<div class=\"elementor-element elementor-element-2ec66fb1 elementor-widget elementor-widget-heading\" data-id=\"2ec66fb1\" data-element_type=\"widget\" data-widget_type=\"heading.default\">\n\t\t\t\t<div class=\"elementor-widget-container\">\n\t\t\t<h4 class=\"elementor-heading-title elementor-size-default\"><br><br><br><br>Strumento di fissaggio per analogo digitale Neoss\n<\/h4>\t\t<\/div>\n\t\t\t\t<\/div>\n\t\t\t\t<div class=\"elementor-element elementor-element-2e315703 red-button elementor-widget elementor-widget-button\" data-id=\"2e315703\" data-element_type=\"widget\" data-widget_type=\"button.default\">\n\t\t\t\t<div class=\"elementor-widget-container\">\n\t\t\t\t\t<div class=\"elementor-button-wrapper\">\n\t\t\t<a class=\"elementor-button elementor-button-link elementor-size-sm\" href=\"https:\/\/info.neoss.com\/it\/cad-library-strumento-di-fisaggio-analogico-it\">\n\t\t\t\t\t\t<span class=\"elementor-button-content-wrapper\">\n\t\t\t\t\t\t\t\t\t<span class=\"elementor-button-text\">Download<\/span>\n\t\t\t\t\t<\/span>\n\t\t\t\t\t<\/a>\n\t\t<\/div>\n\t\t\t\t<\/div>\n\t\t\t\t<\/div>\n\t\t\t\t<\/div>\n\t\t\t\t\t<\/div>\n\t\t\t\t<\/div>\n\t\t<div class=\"elementor-element elementor-element-f012b99 e-flex e-con-boxed e-con e-parent\" data-id=\"f012b99\" data-element_type=\"container\">\n\t\t\t\t\t<div class=\"e-con-inner\">\n\t\t\t\t<div class=\"elementor-element elementor-element-cb360a0 elementor-widget elementor-widget-image\" data-id=\"cb360a0\" data-element_type=\"widget\" data-widget_type=\"image.default\">\n\t\t\t\t<div class=\"elementor-widget-container\">\n\t\t\t\t\t\t\t\t\t\t\t\t\t<img decoding=\"async\" src=\"https:\/\/neoss-web.azureedge.net\/global\/Images\/theme-assets\/neoss-case-placeholder-04.jpg\" title=\"\" alt=\"\" loading=\"lazy\" \/>\t\t\t\t\t\t\t\t\t\t\t\t\t<\/div>\n\t\t\t\t<\/div>\n\t\t<div class=\"elementor-element elementor-element-e0944db e-con-full e-flex e-con e-child\" data-id=\"e0944db\" data-element_type=\"container\">\n\t\t<div class=\"elementor-element elementor-element-56b516f e-con-full e-flex e-con e-child\" data-id=\"56b516f\" data-element_type=\"container\">\n\t\t\t\t<div class=\"elementor-element elementor-element-66d917a elementor-widget elementor-widget-heading\" data-id=\"66d917a\" data-element_type=\"widget\" data-widget_type=\"heading.default\">\n\t\t\t\t<div class=\"elementor-widget-container\">\n\t\t\t<span class=\"elementor-heading-title elementor-size-default\">Contattaci<\/span>\t\t<\/div>\n\t\t\t\t<\/div>\n\t\t\t\t<div class=\"elementor-element elementor-element-d9a9f5d elementor-widget elementor-widget-heading\" data-id=\"d9a9f5d\" data-element_type=\"widget\" data-widget_type=\"heading.default\">\n\t\t\t\t<div class=\"elementor-widget-container\">\n\t\t\t<h3 class=\"elementor-heading-title elementor-size-default\">Non riesci a scaricare le librerie ai link qui sopra? Contattaci\n<\/h3>\t\t<\/div>\n\t\t\t\t<\/div>\n\t\t\t\t<div class=\"elementor-element elementor-element-1e1a3f5 aa-form-button--1 elementor-widget elementor-widget-hubspot-form\" data-id=\"1e1a3f5\" data-element_type=\"widget\" data-widget_type=\"hubspot-form.default\">\n\t\t\t\t<div class=\"elementor-widget-container\">\n\t\t\t\n\t\t\t\t\t<script>\n\t\t\t\t\t\twindow.hsFormsOnReady = window.hsFormsOnReady || [];\n\t\t\t\t\t\twindow.hsFormsOnReady.push(()=>{\n\t\t\t\t\t\t\thbspt.forms.create({\n\t\t\t\t\t\t\t\tportalId: 19798429,\n\t\t\t\t\t\t\t\tformId: \"64373712-ff79-4040-b6a6-9c85d9694228\",\n\t\t\t\t\t\t\t\ttarget: \"#hbspt-form-1777596496000-7051208641\",\n\t\t\t\t\t\t\t\tregion: \"na1\",\n\t\t\t\t\t\t\t\t\n\t\t\t\t\t\t})});\n\t\t\t\t\t<\/script>\n\t\t\t\t\t<div class=\"hbspt-form\" id=\"hbspt-form-1777596496000-7051208641\"><\/div>\t\t<\/div>\n\t\t\t\t<\/div>\n\t\t\t\t<\/div>\n\t\t\t\t<\/div>\n\t\t\t\t\t<\/div>\n\t\t\t\t<\/div>\n\t\t\t\t<\/div>\n\t\t","protected":false},"excerpt":{"rendered":"<p>LIBRERIE 3SHAPENeoss supporta l&#8217;interazione quotidiana con il flusso di lavoro digitale 3Shape offrendo una serie di prodotti compatibili con il sistema 3Shape. Neoss Main. Version 5.0.4: 2025-03-11Neoss InLab. Version 1.0.0: 2026-03-27 Download LIBRERIE EXOCAD Neoss continuer\u00e0 ad ampliare le opzioni disponibili per utilizzare tutti i vantaggi offerti dal sistema implantare Neoss e dal flusso di [&hellip;]<\/p>\n","protected":false},"author":3,"featured_media":0,"parent":0,"menu_order":0,"comment_status":"closed","ping_status":"closed","template":"","meta":{"_acf_changed":false,"content-type":"","_relevanssi_hide_post":"","_relevanssi_hide_content":"","_relevanssi_pin_for_all":"","_relevanssi_pin_keywords":"","_relevanssi_unpin_keywords":"","_relevanssi_related_keywords":"","_relevanssi_related_include_ids":"","_relevanssi_related_exclude_ids":"","_relevanssi_related_no_append":"","_relevanssi_related_not_related":"","_relevanssi_related_posts":"","_relevanssi_noindex_reason":"","footnotes":""},"categories":[43],"tags":[],"page_type":[18],"class_list":["post-2210","page","type-page","status-publish","hentry","category-normal","page_type-page"],"acf":[],"yoast_head":"<!-- This site is optimized with the Yoast SEO Premium plugin v24.8 (Yoast SEO v24.8.1) - https:\/\/yoast.com\/wordpress\/plugins\/seo\/ -->\n<title>Cad Libraries<\/title>\n<meta name=\"robots\" content=\"index, follow, max-snippet:-1, max-image-preview:large, max-video-preview:-1\" \/>\n<link rel=\"canonical\" href=\"https:\/\/www.neoss.com\/it\/cad-libraries\/\" \/>\n<meta property=\"og:locale\" content=\"it_IT\" \/>\n<meta property=\"og:type\" content=\"article\" \/>\n<meta property=\"og:title\" content=\"Cad Libraries\" \/>\n<meta property=\"og:description\" content=\"LIBRERIE 3SHAPENeoss supporta l&#8217;interazione quotidiana con il flusso di lavoro digitale 3Shape offrendo una serie di prodotti compatibili con il sistema 3Shape. Neoss Main. Version 5.0.4: 2025-03-11Neoss InLab. Version 1.0.0: 2026-03-27 Download LIBRERIE EXOCAD Neoss continuer\u00e0 ad ampliare le opzioni disponibili per utilizzare tutti i vantaggi offerti dal sistema implantare Neoss e dal flusso di [&hellip;]\" \/>\n<meta property=\"og:url\" content=\"https:\/\/www.neoss.com\/it\/cad-libraries\/\" \/>\n<meta property=\"og:site_name\" content=\"Italia\" \/>\n<meta property=\"article:publisher\" content=\"https:\/\/www.facebook.com\/NeossGroup\" \/>\n<meta property=\"article:modified_time\" content=\"2026-03-27T14:45:41+00:00\" \/>\n<meta property=\"og:image\" content=\"https:\/\/neoss-web.azureedge.net\/3Shape%20V2.webp\" \/>\n<meta name=\"twitter:card\" content=\"summary_large_image\" \/>\n<meta name=\"twitter:label1\" content=\"Est. reading time\" \/>\n\t<meta name=\"twitter:data1\" content=\"5 minutes\" \/>\n<script type=\"application\/ld+json\" class=\"yoast-schema-graph\">{\"@context\":\"https:\/\/schema.org\",\"@graph\":[{\"@type\":\"WebPage\",\"@id\":\"https:\/\/www.neoss.com\/it\/cad-libraries\/\",\"url\":\"https:\/\/www.neoss.com\/it\/cad-libraries\/\",\"name\":\"Cad Libraries\",\"isPartOf\":{\"@id\":\"https:\/\/www.neoss.com\/it\/#website\"},\"primaryImageOfPage\":{\"@id\":\"https:\/\/www.neoss.com\/it\/cad-libraries\/#primaryimage\"},\"image\":{\"@id\":\"https:\/\/www.neoss.com\/it\/cad-libraries\/#primaryimage\"},\"thumbnailUrl\":\"https:\/\/neoss-web.azureedge.net\/3Shape%20V2.webp\",\"datePublished\":\"2025-01-21T05:51:31+00:00\",\"dateModified\":\"2026-03-27T14:45:41+00:00\",\"breadcrumb\":{\"@id\":\"https:\/\/www.neoss.com\/it\/cad-libraries\/#breadcrumb\"},\"inLanguage\":\"it-IT\",\"potentialAction\":[{\"@type\":\"ReadAction\",\"target\":[\"https:\/\/www.neoss.com\/it\/cad-libraries\/\"]}]},{\"@type\":\"ImageObject\",\"inLanguage\":\"it-IT\",\"@id\":\"https:\/\/www.neoss.com\/it\/cad-libraries\/#primaryimage\",\"url\":\"https:\/\/neoss-web.azureedge.net\/3Shape%20V2.webp\",\"contentUrl\":\"https:\/\/neoss-web.azureedge.net\/3Shape%20V2.webp\"},{\"@type\":\"BreadcrumbList\",\"@id\":\"https:\/\/www.neoss.com\/it\/cad-libraries\/#breadcrumb\",\"itemListElement\":[{\"@type\":\"ListItem\",\"position\":1,\"name\":\"Home\",\"item\":\"https:\/\/www.neoss.com\/it\/\"},{\"@type\":\"ListItem\",\"position\":2,\"name\":\"Cad Libraries\"}]},{\"@type\":\"WebSite\",\"@id\":\"https:\/\/www.neoss.com\/it\/#website\",\"url\":\"https:\/\/www.neoss.com\/it\/\",\"name\":\"Neoss - Intelligent Simplicity\",\"description\":\"\",\"publisher\":{\"@id\":\"https:\/\/www.neoss.com\/it\/#organization\"},\"potentialAction\":[{\"@type\":\"SearchAction\",\"target\":{\"@type\":\"EntryPoint\",\"urlTemplate\":\"https:\/\/www.neoss.com\/it\/?s={search_term_string}\"},\"query-input\":{\"@type\":\"PropertyValueSpecification\",\"valueRequired\":true,\"valueName\":\"search_term_string\"}}],\"inLanguage\":\"it-IT\"},{\"@type\":\"Organization\",\"@id\":\"https:\/\/www.neoss.com\/it\/#organization\",\"name\":\"neoss\",\"url\":\"https:\/\/www.neoss.com\/it\/\",\"logo\":{\"@type\":\"ImageObject\",\"inLanguage\":\"it-IT\",\"@id\":\"https:\/\/www.neoss.com\/it\/#\/schema\/logo\/image\/\",\"url\":\"https:\/\/blob.neoss.com\/logo\/neoss-logo-small1-1.png\",\"contentUrl\":\"https:\/\/blob.neoss.com\/logo\/neoss-logo-small1-1.png\",\"width\":31,\"height\":31,\"caption\":\"neoss\"},\"image\":{\"@id\":\"https:\/\/www.neoss.com\/it\/#\/schema\/logo\/image\/\"},\"sameAs\":[\"https:\/\/www.facebook.com\/NeossGroup\"]}]}<\/script>\n<!-- \/ Yoast SEO Premium plugin. -->","yoast_head_json":{"title":"Cad Libraries","robots":{"index":"index","follow":"follow","max-snippet":"max-snippet:-1","max-image-preview":"max-image-preview:large","max-video-preview":"max-video-preview:-1"},"canonical":"https:\/\/www.neoss.com\/it\/cad-libraries\/","og_locale":"it_IT","og_type":"article","og_title":"Cad Libraries","og_description":"LIBRERIE 3SHAPENeoss supporta l&#8217;interazione quotidiana con il flusso di lavoro digitale 3Shape offrendo una serie di prodotti compatibili con il sistema 3Shape. Neoss Main. Version 5.0.4: 2025-03-11Neoss InLab. Version 1.0.0: 2026-03-27 Download LIBRERIE EXOCAD Neoss continuer\u00e0 ad ampliare le opzioni disponibili per utilizzare tutti i vantaggi offerti dal sistema implantare Neoss e dal flusso di [&hellip;]","og_url":"https:\/\/www.neoss.com\/it\/cad-libraries\/","og_site_name":"Italia","article_publisher":"https:\/\/www.facebook.com\/NeossGroup","article_modified_time":"2026-03-27T14:45:41+00:00","og_image":[{"url":"https:\/\/neoss-web.azureedge.net\/3Shape%20V2.webp","type":"","width":"","height":""}],"twitter_card":"summary_large_image","twitter_misc":{"Est. reading time":"5 minutes"},"schema":{"@context":"https:\/\/schema.org","@graph":[{"@type":"WebPage","@id":"https:\/\/www.neoss.com\/it\/cad-libraries\/","url":"https:\/\/www.neoss.com\/it\/cad-libraries\/","name":"Cad Libraries","isPartOf":{"@id":"https:\/\/www.neoss.com\/it\/#website"},"primaryImageOfPage":{"@id":"https:\/\/www.neoss.com\/it\/cad-libraries\/#primaryimage"},"image":{"@id":"https:\/\/www.neoss.com\/it\/cad-libraries\/#primaryimage"},"thumbnailUrl":"https:\/\/neoss-web.azureedge.net\/3Shape%20V2.webp","datePublished":"2025-01-21T05:51:31+00:00","dateModified":"2026-03-27T14:45:41+00:00","breadcrumb":{"@id":"https:\/\/www.neoss.com\/it\/cad-libraries\/#breadcrumb"},"inLanguage":"it-IT","potentialAction":[{"@type":"ReadAction","target":["https:\/\/www.neoss.com\/it\/cad-libraries\/"]}]},{"@type":"ImageObject","inLanguage":"it-IT","@id":"https:\/\/www.neoss.com\/it\/cad-libraries\/#primaryimage","url":"https:\/\/neoss-web.azureedge.net\/3Shape%20V2.webp","contentUrl":"https:\/\/neoss-web.azureedge.net\/3Shape%20V2.webp"},{"@type":"BreadcrumbList","@id":"https:\/\/www.neoss.com\/it\/cad-libraries\/#breadcrumb","itemListElement":[{"@type":"ListItem","position":1,"name":"Home","item":"https:\/\/www.neoss.com\/it\/"},{"@type":"ListItem","position":2,"name":"Cad Libraries"}]},{"@type":"WebSite","@id":"https:\/\/www.neoss.com\/it\/#website","url":"https:\/\/www.neoss.com\/it\/","name":"Neoss - Intelligent Simplicity","description":"","publisher":{"@id":"https:\/\/www.neoss.com\/it\/#organization"},"potentialAction":[{"@type":"SearchAction","target":{"@type":"EntryPoint","urlTemplate":"https:\/\/www.neoss.com\/it\/?s={search_term_string}"},"query-input":{"@type":"PropertyValueSpecification","valueRequired":true,"valueName":"search_term_string"}}],"inLanguage":"it-IT"},{"@type":"Organization","@id":"https:\/\/www.neoss.com\/it\/#organization","name":"neoss","url":"https:\/\/www.neoss.com\/it\/","logo":{"@type":"ImageObject","inLanguage":"it-IT","@id":"https:\/\/www.neoss.com\/it\/#\/schema\/logo\/image\/","url":"https:\/\/blob.neoss.com\/logo\/neoss-logo-small1-1.png","contentUrl":"https:\/\/blob.neoss.com\/logo\/neoss-logo-small1-1.png","width":31,"height":31,"caption":"neoss"},"image":{"@id":"https:\/\/www.neoss.com\/it\/#\/schema\/logo\/image\/"},"sameAs":["https:\/\/www.facebook.com\/NeossGroup"]}]}},"_links":{"self":[{"href":"https:\/\/www.neoss.com\/it\/wp-json\/wp\/v2\/pages\/2210","targetHints":{"allow":["GET"]}}],"collection":[{"href":"https:\/\/www.neoss.com\/it\/wp-json\/wp\/v2\/pages"}],"about":[{"href":"https:\/\/www.neoss.com\/it\/wp-json\/wp\/v2\/types\/page"}],"author":[{"embeddable":true,"href":"https:\/\/www.neoss.com\/it\/wp-json\/wp\/v2\/users\/3"}],"replies":[{"embeddable":true,"href":"https:\/\/www.neoss.com\/it\/wp-json\/wp\/v2\/comments?post=2210"}],"version-history":[{"count":32,"href":"https:\/\/www.neoss.com\/it\/wp-json\/wp\/v2\/pages\/2210\/revisions"}],"predecessor-version":[{"id":8915,"href":"https:\/\/www.neoss.com\/it\/wp-json\/wp\/v2\/pages\/2210\/revisions\/8915"}],"wp:attachment":[{"href":"https:\/\/www.neoss.com\/it\/wp-json\/wp\/v2\/media?parent=2210"}],"wp:term":[{"taxonomy":"category","embeddable":true,"href":"https:\/\/www.neoss.com\/it\/wp-json\/wp\/v2\/categories?post=2210"},{"taxonomy":"post_tag","embeddable":true,"href":"https:\/\/www.neoss.com\/it\/wp-json\/wp\/v2\/tags?post=2210"},{"taxonomy":"page_type","embeddable":true,"href":"https:\/\/www.neoss.com\/it\/wp-json\/wp\/v2\/page_type?post=2210"}],"curies":[{"name":"wp","href":"https:\/\/api.w.org\/{rel}","templated":true}]}}