{"id":337,"date":"2025-01-15T08:55:18","date_gmt":"2025-01-15T08:55:18","guid":{"rendered":"https:\/\/www.neoss.com\/it\/?page_id=337"},"modified":"2025-04-22T19:14:55","modified_gmt":"2025-04-22T11:14:55","slug":"la-storia-di-neoss","status":"publish","type":"page","link":"https:\/\/www.neoss.com\/it\/la-storia-di-neoss\/","title":{"rendered":"La Storia di Neoss"},"content":{"rendered":"\t\t<div data-elementor-type=\"wp-page\" data-elementor-id=\"337\" class=\"elementor elementor-337\" data-elementor-post-type=\"page\">\n\t\t\t\t<div class=\"elementor-element elementor-element-83c7f9c e-con-full e-flex e-con e-parent\" data-id=\"83c7f9c\" data-element_type=\"container\">\n\t\t<div class=\"elementor-element elementor-element-82aaa2d e-flex e-con-boxed e-con e-child\" data-id=\"82aaa2d\" data-element_type=\"container\">\n\t\t\t\t\t<div class=\"e-con-inner\">\n\t\t\t\t<div class=\"elementor-element elementor-element-7e9d8a8 elementor-widget elementor-widget-heading\" data-id=\"7e9d8a8\" data-element_type=\"widget\" data-widget_type=\"heading.default\">\n\t\t\t\t<div class=\"elementor-widget-container\">\n\t\t\t<h2 class=\"elementor-heading-title elementor-size-default\"> La storia di Neoss\n<\/h2>\t\t<\/div>\n\t\t\t\t<\/div>\n\t\t\t\t<div class=\"elementor-element elementor-element-38d8459 elementor-widget elementor-widget-text-editor\" data-id=\"38d8459\" data-element_type=\"widget\" data-widget_type=\"text-editor.default\">\n\t\t\t\t<div class=\"elementor-widget-container\">\n\t\t\t<div class=\"aa-text__body checkmark-list\">\t\t\t\t<div class=\"aa-big-column__body checkmark-list\">\n                            <p data-start=\"0\" data-end=\"344\">Nel 2000, due professionisti con una visione decisero di cambiare il mondo dell\u2019implantologia dentale. <br>Il Prof. Neil Meredith e l\u2019Ing. Fredrik Engman guardavano con frustrazione i sistemi implantari esistenti: troppo complessi, pieni di componenti superflui, poco intuitivi per i professionisti. Sapevano che doveva esserci un modo migliore.<\/p>\n<p data-start=\"346\" data-end=\"731\">Guidati dall\u2019idea che la semplicit\u00e0 potesse migliorare la vita di clinici e pazienti, iniziarono un percorso di ricerca e sviluppo senza compromessi. Lavorando fianco a fianco, combinarono esperienza scientifica e ingegneristica per creare qualcosa di rivoluzionario: un sistema implantare ottimizzato, con un numero ridotto di componenti ma senza rinunciare a prestazioni e qualit\u00e0.<\/p>\n<p data-start=\"733\" data-end=\"962\" data-is-last-node=\"\" data-is-only-node=\"\">Nasceva cos\u00ec Neoss\u00ae. Non solo un impianto, ma una soluzione intelligente, progettata per rendere il lavoro pi\u00f9 efficiente e i trattamenti pi\u00f9 accessibili. E da allora, quel sogno di semplicit\u00e0 continua a guidare ogni innovazione.<\/p>\n                        <\/div>\t\t\t\t<\/div>\t\t<\/div>\n\t\t\t\t<\/div>\n\t\t\t\t\t<\/div>\n\t\t\t\t<\/div>\n\t\t<div class=\"elementor-element elementor-element-d47e741 e-con-full e-flex e-con e-child\" data-id=\"d47e741\" data-element_type=\"container\">\n\t\t\t\t<div class=\"elementor-element elementor-element-e52bd92 elementor-widget elementor-widget-image\" data-id=\"e52bd92\" data-element_type=\"widget\" data-widget_type=\"image.default\">\n\t\t\t\t<div class=\"elementor-widget-container\">\n\t\t\t\t\t\t\t\t\t\t\t\t\t<img decoding=\"async\" src=\"https:\/\/neoss-web.azureedge.net\/Neoss-GROUP_12-min-1-1.jpg\" title=\"\" alt=\"\" loading=\"lazy\" \/>\t\t\t\t\t\t\t\t\t\t\t\t\t<\/div>\n\t\t\t\t<\/div>\n\t\t\t\t<\/div>\n\t\t\t\t<\/div>\n\t\t<div class=\"elementor-element elementor-element-f05cffd e-flex e-con-boxed e-con e-parent\" data-id=\"f05cffd\" data-element_type=\"container\">\n\t\t\t\t\t<div class=\"e-con-inner\">\n\t\t\t\t<div class=\"elementor-element elementor-element-1debf09 elementor-widget elementor-widget-heading\" data-id=\"1debf09\" data-element_type=\"widget\" data-widget_type=\"heading.default\">\n\t\t\t\t<div class=\"elementor-widget-container\">\n\t\t\t<h2 class=\"elementor-heading-title elementor-size-default\">Intelligent Simplicity\n<\/h2>\t\t<\/div>\n\t\t\t\t<\/div>\n\t\t\t\t<div class=\"elementor-element elementor-element-373f2b3 elementor-widget elementor-widget-text-editor\" data-id=\"373f2b3\" data-element_type=\"widget\" data-widget_type=\"text-editor.default\">\n\t\t\t\t<div class=\"elementor-widget-container\">\n\t\t\t<div class=\"aa-text__body checkmark-list\">\t\t\t\t<div class=\"aa-text__body  checkmark-list\">\n\t\t\t\t\t\n\t\t\t\t\t\t<p><span><span dir=\"ltr\">Neoss offre soluzioni intelligenti e di facile utilizzo. Le nostre soluzioni di trattamento consentono ai professionisti del settore dentale di offrire ai propri pazienti trattamenti affidabili ed economici, con risultati predicibili e a lungo termine. <br>Sviluppando soluzioni di trattamento intelligenti e lavorando a stretto contatto con i nostri clienti, Neoss rende il complesso meno complicato. Noi la chiamiamo Intelligent Simplicity.<\/span><\/span><\/p>\n\t\t\t\t\t\n\t\t\t\t<\/div>\t\t\t\t<\/div>\t\t<\/div>\n\t\t\t\t<\/div>\n\t\t\t\t\t<\/div>\n\t\t\t\t<\/div>\n\t\t<div class=\"elementor-element elementor-element-1f59f57 e-flex e-con-boxed e-con e-parent\" data-id=\"1f59f57\" data-element_type=\"container\" data-settings=\"{&quot;background_background&quot;:&quot;gradient&quot;}\">\n\t\t\t\t\t<div class=\"e-con-inner\">\n\t\t\t\t<div class=\"elementor-element elementor-element-941cd69 elementor-widget__width-initial elementor-widget elementor-widget-heading\" data-id=\"941cd69\" data-element_type=\"widget\" data-widget_type=\"heading.default\">\n\t\t\t\t<div class=\"elementor-widget-container\">\n\t\t\t<h4 class=\"elementor-heading-title elementor-size-default\">Resta aggiornato sul mondo Neoss, i live webinar, i nuovi prodotti, la ricerca clinica e molto altro ancora!<\/h4>\t\t<\/div>\n\t\t\t\t<\/div>\n\t\t\t\t<div class=\"elementor-element elementor-element-97d2563 white-button elementor-widget elementor-widget-button\" data-id=\"97d2563\" data-element_type=\"widget\" data-widget_type=\"button.default\">\n\t\t\t\t<div class=\"elementor-widget-container\">\n\t\t\t\t\t<div class=\"elementor-button-wrapper\">\n\t\t\t<a class=\"elementor-button elementor-button-link elementor-size-sm\" href=\"\/email-subscription\">\n\t\t\t\t\t\t<span class=\"elementor-button-content-wrapper\">\n\t\t\t\t\t\t\t\t\t<span class=\"elementor-button-text\">Iscriviti<\/span>\n\t\t\t\t\t<\/span>\n\t\t\t\t\t<\/a>\n\t\t<\/div>\n\t\t\t\t<\/div>\n\t\t\t\t<\/div>\n\t\t\t\t\t<\/div>\n\t\t\t\t<\/div>\n\t\t\t\t<\/div>\n\t\t","protected":false},"excerpt":{"rendered":"<p>La storia di Neoss Nel 2000, due professionisti con una visione decisero di cambiare il mondo dell\u2019implantologia dentale. Il Prof. Neil Meredith e l\u2019Ing. Fredrik Engman guardavano con frustrazione i sistemi implantari esistenti: troppo complessi, pieni di componenti superflui, poco intuitivi per i professionisti. Sapevano che doveva esserci un modo migliore. Guidati dall\u2019idea che la [&hellip;]<\/p>\n","protected":false},"author":3,"featured_media":0,"parent":0,"menu_order":0,"comment_status":"closed","ping_status":"closed","template":"","meta":{"_acf_changed":false,"content-type":"","_relevanssi_hide_post":"","_relevanssi_hide_content":"","_relevanssi_pin_for_all":"","_relevanssi_pin_keywords":"","_relevanssi_unpin_keywords":"","_relevanssi_related_keywords":"","_relevanssi_related_include_ids":"","_relevanssi_related_exclude_ids":"","_relevanssi_related_no_append":"","_relevanssi_related_not_related":"","_relevanssi_related_posts":"","_relevanssi_noindex_reason":"","footnotes":""},"categories":[43],"tags":[],"page_type":[18],"class_list":["post-337","page","type-page","status-publish","hentry","category-normal","page_type-page"],"acf":[],"yoast_head":"<!-- This site is optimized with the Yoast SEO Premium plugin v24.8 (Yoast SEO v24.8.1) - https:\/\/yoast.com\/wordpress\/plugins\/seo\/ -->\n<title>La Storia di Neoss<\/title>\n<meta name=\"robots\" content=\"index, follow, max-snippet:-1, max-image-preview:large, max-video-preview:-1\" \/>\n<link rel=\"canonical\" href=\"https:\/\/www.neoss.com\/it\/la-storia-di-neoss\/\" \/>\n<meta property=\"og:locale\" content=\"it_IT\" \/>\n<meta property=\"og:type\" content=\"article\" \/>\n<meta property=\"og:title\" content=\"La Storia di Neoss\" \/>\n<meta property=\"og:description\" content=\"La storia di Neoss Nel 2000, due professionisti con una visione decisero di cambiare il mondo dell\u2019implantologia dentale. Il Prof. Neil Meredith e l\u2019Ing. Fredrik Engman guardavano con frustrazione i sistemi implantari esistenti: troppo complessi, pieni di componenti superflui, poco intuitivi per i professionisti. Sapevano che doveva esserci un modo migliore. Guidati dall\u2019idea che la [&hellip;]\" \/>\n<meta property=\"og:url\" content=\"https:\/\/www.neoss.com\/it\/la-storia-di-neoss\/\" \/>\n<meta property=\"og:site_name\" content=\"Italia\" \/>\n<meta property=\"article:publisher\" content=\"https:\/\/www.facebook.com\/NeossGroup\" \/>\n<meta property=\"article:modified_time\" content=\"2025-04-22T11:14:55+00:00\" \/>\n<meta property=\"og:image\" content=\"https:\/\/neoss-web.azureedge.net\/Neoss-GROUP_12-min-1-1.jpg\" \/>\n<meta name=\"twitter:card\" content=\"summary_large_image\" \/>\n<meta name=\"twitter:label1\" content=\"Est. reading time\" \/>\n\t<meta name=\"twitter:data1\" content=\"2 minutes\" \/>\n<script type=\"application\/ld+json\" class=\"yoast-schema-graph\">{\"@context\":\"https:\/\/schema.org\",\"@graph\":[{\"@type\":\"WebPage\",\"@id\":\"https:\/\/www.neoss.com\/it\/la-storia-di-neoss\/\",\"url\":\"https:\/\/www.neoss.com\/it\/la-storia-di-neoss\/\",\"name\":\"La Storia di Neoss\",\"isPartOf\":{\"@id\":\"https:\/\/www.neoss.com\/it\/#website\"},\"primaryImageOfPage\":{\"@id\":\"https:\/\/www.neoss.com\/it\/la-storia-di-neoss\/#primaryimage\"},\"image\":{\"@id\":\"https:\/\/www.neoss.com\/it\/la-storia-di-neoss\/#primaryimage\"},\"thumbnailUrl\":\"https:\/\/blob.neoss.com\/Neoss-GROUP_12-min-1-1.jpg\",\"datePublished\":\"2025-01-15T08:55:18+00:00\",\"dateModified\":\"2025-04-22T11:14:55+00:00\",\"breadcrumb\":{\"@id\":\"https:\/\/www.neoss.com\/it\/la-storia-di-neoss\/#breadcrumb\"},\"inLanguage\":\"it-IT\",\"potentialAction\":[{\"@type\":\"ReadAction\",\"target\":[\"https:\/\/www.neoss.com\/it\/la-storia-di-neoss\/\"]}]},{\"@type\":\"ImageObject\",\"inLanguage\":\"it-IT\",\"@id\":\"https:\/\/www.neoss.com\/it\/la-storia-di-neoss\/#primaryimage\",\"url\":\"https:\/\/blob.neoss.com\/Neoss-GROUP_12-min-1-1.jpg\",\"contentUrl\":\"https:\/\/blob.neoss.com\/Neoss-GROUP_12-min-1-1.jpg\"},{\"@type\":\"BreadcrumbList\",\"@id\":\"https:\/\/www.neoss.com\/it\/la-storia-di-neoss\/#breadcrumb\",\"itemListElement\":[{\"@type\":\"ListItem\",\"position\":1,\"name\":\"Home\",\"item\":\"https:\/\/www.neoss.com\/it\/\"},{\"@type\":\"ListItem\",\"position\":2,\"name\":\"La Storia di Neoss\"}]},{\"@type\":\"WebSite\",\"@id\":\"https:\/\/www.neoss.com\/it\/#website\",\"url\":\"https:\/\/www.neoss.com\/it\/\",\"name\":\"Neoss - Intelligent Simplicity\",\"description\":\"\",\"publisher\":{\"@id\":\"https:\/\/www.neoss.com\/it\/#organization\"},\"potentialAction\":[{\"@type\":\"SearchAction\",\"target\":{\"@type\":\"EntryPoint\",\"urlTemplate\":\"https:\/\/www.neoss.com\/it\/?s={search_term_string}\"},\"query-input\":{\"@type\":\"PropertyValueSpecification\",\"valueRequired\":true,\"valueName\":\"search_term_string\"}}],\"inLanguage\":\"it-IT\"},{\"@type\":\"Organization\",\"@id\":\"https:\/\/www.neoss.com\/it\/#organization\",\"name\":\"neoss\",\"url\":\"https:\/\/www.neoss.com\/it\/\",\"logo\":{\"@type\":\"ImageObject\",\"inLanguage\":\"it-IT\",\"@id\":\"https:\/\/www.neoss.com\/it\/#\/schema\/logo\/image\/\",\"url\":\"https:\/\/blob.neoss.com\/logo\/neoss-logo-small1-1.png\",\"contentUrl\":\"https:\/\/blob.neoss.com\/logo\/neoss-logo-small1-1.png\",\"width\":31,\"height\":31,\"caption\":\"neoss\"},\"image\":{\"@id\":\"https:\/\/www.neoss.com\/it\/#\/schema\/logo\/image\/\"},\"sameAs\":[\"https:\/\/www.facebook.com\/NeossGroup\"]}]}<\/script>\n<!-- \/ Yoast SEO Premium plugin. -->","yoast_head_json":{"title":"La Storia di Neoss","robots":{"index":"index","follow":"follow","max-snippet":"max-snippet:-1","max-image-preview":"max-image-preview:large","max-video-preview":"max-video-preview:-1"},"canonical":"https:\/\/www.neoss.com\/it\/la-storia-di-neoss\/","og_locale":"it_IT","og_type":"article","og_title":"La Storia di Neoss","og_description":"La storia di Neoss Nel 2000, due professionisti con una visione decisero di cambiare il mondo dell\u2019implantologia dentale. Il Prof. Neil Meredith e l\u2019Ing. Fredrik Engman guardavano con frustrazione i sistemi implantari esistenti: troppo complessi, pieni di componenti superflui, poco intuitivi per i professionisti. Sapevano che doveva esserci un modo migliore. Guidati dall\u2019idea che la [&hellip;]","og_url":"https:\/\/www.neoss.com\/it\/la-storia-di-neoss\/","og_site_name":"Italia","article_publisher":"https:\/\/www.facebook.com\/NeossGroup","article_modified_time":"2025-04-22T11:14:55+00:00","og_image":[{"url":"https:\/\/neoss-web.azureedge.net\/Neoss-GROUP_12-min-1-1.jpg","type":"","width":"","height":""}],"twitter_card":"summary_large_image","twitter_misc":{"Est. reading time":"2 minutes"},"schema":{"@context":"https:\/\/schema.org","@graph":[{"@type":"WebPage","@id":"https:\/\/www.neoss.com\/it\/la-storia-di-neoss\/","url":"https:\/\/www.neoss.com\/it\/la-storia-di-neoss\/","name":"La Storia di Neoss","isPartOf":{"@id":"https:\/\/www.neoss.com\/it\/#website"},"primaryImageOfPage":{"@id":"https:\/\/www.neoss.com\/it\/la-storia-di-neoss\/#primaryimage"},"image":{"@id":"https:\/\/www.neoss.com\/it\/la-storia-di-neoss\/#primaryimage"},"thumbnailUrl":"https:\/\/blob.neoss.com\/Neoss-GROUP_12-min-1-1.jpg","datePublished":"2025-01-15T08:55:18+00:00","dateModified":"2025-04-22T11:14:55+00:00","breadcrumb":{"@id":"https:\/\/www.neoss.com\/it\/la-storia-di-neoss\/#breadcrumb"},"inLanguage":"it-IT","potentialAction":[{"@type":"ReadAction","target":["https:\/\/www.neoss.com\/it\/la-storia-di-neoss\/"]}]},{"@type":"ImageObject","inLanguage":"it-IT","@id":"https:\/\/www.neoss.com\/it\/la-storia-di-neoss\/#primaryimage","url":"https:\/\/blob.neoss.com\/Neoss-GROUP_12-min-1-1.jpg","contentUrl":"https:\/\/blob.neoss.com\/Neoss-GROUP_12-min-1-1.jpg"},{"@type":"BreadcrumbList","@id":"https:\/\/www.neoss.com\/it\/la-storia-di-neoss\/#breadcrumb","itemListElement":[{"@type":"ListItem","position":1,"name":"Home","item":"https:\/\/www.neoss.com\/it\/"},{"@type":"ListItem","position":2,"name":"La Storia di Neoss"}]},{"@type":"WebSite","@id":"https:\/\/www.neoss.com\/it\/#website","url":"https:\/\/www.neoss.com\/it\/","name":"Neoss - Intelligent Simplicity","description":"","publisher":{"@id":"https:\/\/www.neoss.com\/it\/#organization"},"potentialAction":[{"@type":"SearchAction","target":{"@type":"EntryPoint","urlTemplate":"https:\/\/www.neoss.com\/it\/?s={search_term_string}"},"query-input":{"@type":"PropertyValueSpecification","valueRequired":true,"valueName":"search_term_string"}}],"inLanguage":"it-IT"},{"@type":"Organization","@id":"https:\/\/www.neoss.com\/it\/#organization","name":"neoss","url":"https:\/\/www.neoss.com\/it\/","logo":{"@type":"ImageObject","inLanguage":"it-IT","@id":"https:\/\/www.neoss.com\/it\/#\/schema\/logo\/image\/","url":"https:\/\/blob.neoss.com\/logo\/neoss-logo-small1-1.png","contentUrl":"https:\/\/blob.neoss.com\/logo\/neoss-logo-small1-1.png","width":31,"height":31,"caption":"neoss"},"image":{"@id":"https:\/\/www.neoss.com\/it\/#\/schema\/logo\/image\/"},"sameAs":["https:\/\/www.facebook.com\/NeossGroup"]}]}},"_links":{"self":[{"href":"https:\/\/www.neoss.com\/it\/wp-json\/wp\/v2\/pages\/337","targetHints":{"allow":["GET"]}}],"collection":[{"href":"https:\/\/www.neoss.com\/it\/wp-json\/wp\/v2\/pages"}],"about":[{"href":"https:\/\/www.neoss.com\/it\/wp-json\/wp\/v2\/types\/page"}],"author":[{"embeddable":true,"href":"https:\/\/www.neoss.com\/it\/wp-json\/wp\/v2\/users\/3"}],"replies":[{"embeddable":true,"href":"https:\/\/www.neoss.com\/it\/wp-json\/wp\/v2\/comments?post=337"}],"version-history":[{"count":8,"href":"https:\/\/www.neoss.com\/it\/wp-json\/wp\/v2\/pages\/337\/revisions"}],"predecessor-version":[{"id":7620,"href":"https:\/\/www.neoss.com\/it\/wp-json\/wp\/v2\/pages\/337\/revisions\/7620"}],"wp:attachment":[{"href":"https:\/\/www.neoss.com\/it\/wp-json\/wp\/v2\/media?parent=337"}],"wp:term":[{"taxonomy":"category","embeddable":true,"href":"https:\/\/www.neoss.com\/it\/wp-json\/wp\/v2\/categories?post=337"},{"taxonomy":"post_tag","embeddable":true,"href":"https:\/\/www.neoss.com\/it\/wp-json\/wp\/v2\/tags?post=337"},{"taxonomy":"page_type","embeddable":true,"href":"https:\/\/www.neoss.com\/it\/wp-json\/wp\/v2\/page_type?post=337"}],"curies":[{"name":"wp","href":"https:\/\/api.w.org\/{rel}","templated":true}]}}