{"id":1938,"date":"2025-01-20T14:33:34","date_gmt":"2025-01-20T06:33:34","guid":{"rendered":"https:\/\/www.neoss.com\/sv\/?page_id=1938"},"modified":"2026-04-08T09:56:00","modified_gmt":"2026-04-08T07:56:00","slug":"protetik-produktoversikt-tackprotesdistans","status":"publish","type":"page","link":"https:\/\/www.neoss.com\/sv\/protetik-produktoversikt-tackprotesdistans\/","title":{"rendered":"Protetik &#8211; Produkt\u00f6versikt &#8211; T\u00e4ckprotesdistans"},"content":{"rendered":"\t\t<div data-elementor-type=\"wp-page\" data-elementor-id=\"1938\" class=\"elementor elementor-1938\" data-elementor-post-type=\"page\">\n\t\t\t\t<div class=\"elementor-element elementor-element-5baa74e p-bread e-flex e-con-boxed e-con e-parent\" data-id=\"5baa74e\" data-element_type=\"container\">\n\t\t\t\t\t<div class=\"e-con-inner\">\n\t\t\t\t<div class=\"elementor-element elementor-element-8a84467 elementor-icon-list--layout-inline bread elementor-list-item-link-full_width elementor-widget elementor-widget-icon-list\" data-id=\"8a84467\" data-element_type=\"widget\" data-widget_type=\"icon-list.default\">\n\t\t\t\t<div class=\"elementor-widget-container\">\n\t\t\t<link rel=\"stylesheet\" href=\"https:\/\/www.neoss.com\/sv\/wp-content\/uploads\/sites\/8\/elementor\/css\/custom-widget-icon-list.min.css?ver=1753261257\">\t\t<ul class=\"elementor-icon-list-items elementor-inline-items\">\n\t\t\t\t\t\t\t<li class=\"elementor-icon-list-item elementor-inline-item\">\n\t\t\t\t\t\t\t\t\t\t\t<a href=\"\/\">\n\n\t\t\t\t\t\t\t\t\t\t\t<span class=\"elementor-icon-list-text\">Home<\/span>\n\t\t\t\t\t\t\t\t\t\t\t<\/a>\n\t\t\t\t\t\t\t\t\t<\/li>\n\t\t\t\t\t\t\t\t<li class=\"elementor-icon-list-item elementor-inline-item\">\n\t\t\t\t\t\t\t\t\t\t\t<a href=\"https:\/\/www.neoss.com\/sv\/protetik-produktoversikt-tackprotesdistans\/\">\n\n\t\t\t\t\t\t\t\t\t\t\t<span class=\"elementor-icon-list-text\">T\u00e4ckprotesdistans<\/span>\n\t\t\t\t\t\t\t\t\t\t\t<\/a>\n\t\t\t\t\t\t\t\t\t<\/li>\n\t\t\t\t\t\t\t\t<li class=\"elementor-icon-list-item elementor-inline-item\">\n\t\t\t\t\t\t\t\t\t\t<span class=\"elementor-icon-list-text\">K\u00f6p<\/span>\n\t\t\t\t\t\t\t\t\t<\/li>\n\t\t\t\t\t\t<\/ul>\n\t\t\t\t<\/div>\n\t\t\t\t<\/div>\n\t\t\t\t\t<\/div>\n\t\t\t\t<\/div>\n\t\t<div class=\"elementor-element elementor-element-43180ea e-flex e-con-boxed e-con e-parent\" data-id=\"43180ea\" data-element_type=\"container\">\n\t\t\t\t\t<div class=\"e-con-inner\">\n\t\t\t\t<div class=\"elementor-element elementor-element-03a1d49 elementor-widget elementor-widget-heading\" data-id=\"03a1d49\" data-element_type=\"widget\" data-widget_type=\"heading.default\">\n\t\t\t\t<div class=\"elementor-widget-container\">\n\t\t\t<style>\/*! elementor - v3.23.0 - 05-08-2024 *\/\n.elementor-heading-title{padding:0;margin:0;line-height:1}.elementor-widget-heading .elementor-heading-title[class*=elementor-size-]>a{color:inherit;font-size:inherit;line-height:inherit}.elementor-widget-heading .elementor-heading-title.elementor-size-small{font-size:15px}.elementor-widget-heading .elementor-heading-title.elementor-size-medium{font-size:19px}.elementor-widget-heading .elementor-heading-title.elementor-size-large{font-size:29px}.elementor-widget-heading .elementor-heading-title.elementor-size-xl{font-size:39px}.elementor-widget-heading .elementor-heading-title.elementor-size-xxl{font-size:59px}<\/style><span class=\"elementor-heading-title elementor-size-default\">Protetik<\/span>\t\t<\/div>\n\t\t\t\t<\/div>\n\t\t\t\t<div class=\"elementor-element elementor-element-489cb21 elementor-widget elementor-widget-heading\" data-id=\"489cb21\" data-element_type=\"widget\" data-widget_type=\"heading.default\">\n\t\t\t\t<div class=\"elementor-widget-container\">\n\t\t\t<h1 class=\"elementor-heading-title elementor-size-default\">T\u00e4ckprotesdistans\n<\/h1>\t\t<\/div>\n\t\t\t\t<\/div>\n\t\t\t\t\t<\/div>\n\t\t\t\t<\/div>\n\t\t<div class=\"elementor-element elementor-element-1f78d46 w1200-100 e-flex e-con-boxed e-con e-parent\" data-id=\"1f78d46\" data-element_type=\"container\">\n\t\t\t\t\t<div class=\"e-con-inner\">\n\t\t<div class=\"elementor-element elementor-element-76cd566 e-grid e-con-full e-con e-child\" data-id=\"76cd566\" data-element_type=\"container\">\n\t\t<div class=\"elementor-element elementor-element-140fecf e-con-full e-flex e-con e-child\" data-id=\"140fecf\" data-element_type=\"container\">\n\t\t<div class=\"elementor-element elementor-element-5cdaa27 e-con-full e-flex e-con e-child\" data-id=\"5cdaa27\" data-element_type=\"container\">\n\t\t\t\t<div class=\"elementor-element elementor-element-92ee73b elementor-widget elementor-widget-image\" data-id=\"92ee73b\" data-element_type=\"widget\" data-widget_type=\"image.default\">\n\t\t\t\t<div class=\"elementor-widget-container\">\n\t\t\t<style>\/*! elementor - v3.23.0 - 05-08-2024 *\/\n.elementor-widget-image{text-align:center}.elementor-widget-image a{display:inline-block}.elementor-widget-image a img[src$=\".svg\"]{width:48px}.elementor-widget-image img{vertical-align:middle;display:inline-block}<\/style>\t\t\t\t\t\t\t\t\t\t\t<a href=\"https:\/\/shop-se.neoss.com\/products\/equator-abutments?_gl=1*1jonqxb*_gcl_au*NDM1NzM3ODE0LjE3NDEwNzM3NTY.*_ga*MTc0MjIxNjkxLjE3NDEwNzM3NTY.*_ga_GQ5V7B72KS*MTc0NDg1NDMyNC4xMTguMS4xNzQ0ODU1ODk1LjAuMC4w\">\n\t\t\t\t\t\t\t<img decoding=\"async\" src=\"https:\/\/neoss-web.azureedge.net\/global\/Images\/Product%20Images\/Prosthetics\/Overdentures\/90201%20-%20Neoss%20Equator%20Abutment%20Kit.webp\" title=\"\" alt=\"\" class=\"elementor-animation-grow\" loading=\"lazy\" \/>\t\t\t\t\t\t\t\t<\/a>\n\t\t\t\t\t\t\t\t\t\t\t\t\t<\/div>\n\t\t\t\t<\/div>\n\t\t\t\t<\/div>\n\t\t<div class=\"elementor-element elementor-element-3da7f5e e-con-full e-flex e-con e-child\" data-id=\"3da7f5e\" data-element_type=\"container\">\n\t\t\t\t<div class=\"elementor-element elementor-element-38fd4b2 elementor-widget elementor-widget-heading\" data-id=\"38fd4b2\" data-element_type=\"widget\" data-widget_type=\"heading.default\">\n\t\t\t\t<div class=\"elementor-widget-container\">\n\t\t\t<h5 class=\"elementor-heading-title elementor-size-default\"><a href=\"https:\/\/shop-se.neoss.com\/products\/equator-abutments?_gl=1*1jonqxb*_gcl_au*NDM1NzM3ODE0LjE3NDEwNzM3NTY.*_ga*MTc0MjIxNjkxLjE3NDEwNzM3NTY.*_ga_GQ5V7B72KS*MTc0NDg1NDMyNC4xMTguMS4xNzQ0ODU1ODk1LjAuMC4w\">Equator Distanskit<\/a><\/h5>\t\t<\/div>\n\t\t\t\t<\/div>\n\t\t\t\t<\/div>\n\t\t\t\t<\/div>\n\t\t<div class=\"elementor-element elementor-element-04fd960 e-con-full e-flex e-con e-child\" data-id=\"04fd960\" data-element_type=\"container\">\n\t\t<div class=\"elementor-element elementor-element-3a568a0 e-con-full e-flex e-con e-child\" data-id=\"3a568a0\" data-element_type=\"container\">\n\t\t\t\t<div class=\"elementor-element elementor-element-0e19a46 elementor-widget elementor-widget-image\" data-id=\"0e19a46\" data-element_type=\"widget\" data-widget_type=\"image.default\">\n\t\t\t\t<div class=\"elementor-widget-container\">\n\t\t\t\t\t\t\t\t\t\t\t\t\t\t<a href=\"https:\/\/shop-se.neoss.com\/products\/equator-abutment-accessories?_gl=1*1jonqxb*_gcl_au*NDM1NzM3ODE0LjE3NDEwNzM3NTY.*_ga*MTc0MjIxNjkxLjE3NDEwNzM3NTY.*_ga_GQ5V7B72KS*MTc0NDg1NDMyNC4xMTguMS4xNzQ0ODU1ODk1LjAuMC4w\">\n\t\t\t\t\t\t\t<img decoding=\"async\" src=\"https:\/\/neoss-web.azureedge.net\/global\/Images\/Product%20Images\/Prosthetics\/Overdentures\/Neoss%20Equator%20Abutment%20Accessories.webp\" title=\"\" alt=\"\" class=\"elementor-animation-grow\" loading=\"lazy\" \/>\t\t\t\t\t\t\t\t<\/a>\n\t\t\t\t\t\t\t\t\t\t\t\t\t<\/div>\n\t\t\t\t<\/div>\n\t\t\t\t<\/div>\n\t\t<div class=\"elementor-element elementor-element-6622fca e-con-full e-flex e-con e-child\" data-id=\"6622fca\" data-element_type=\"container\">\n\t\t\t\t<div class=\"elementor-element elementor-element-1ef82ce elementor-widget elementor-widget-heading\" data-id=\"1ef82ce\" data-element_type=\"widget\" data-widget_type=\"heading.default\">\n\t\t\t\t<div class=\"elementor-widget-container\">\n\t\t\t<h5 class=\"elementor-heading-title elementor-size-default\"><a href=\"https:\/\/shop-se.neoss.com\/products\/equator-abutment-accessories?_gl=1*1jonqxb*_gcl_au*NDM1NzM3ODE0LjE3NDEwNzM3NTY.*_ga*MTc0MjIxNjkxLjE3NDEwNzM3NTY.*_ga_GQ5V7B72KS*MTc0NDg1NDMyNC4xMTguMS4xNzQ0ODU1ODk1LjAuMC4w\">Equator Distanser Tillbeh\u00f6r<\/a><\/h5>\t\t<\/div>\n\t\t\t\t<\/div>\n\t\t\t\t<\/div>\n\t\t\t\t<\/div>\n\t\t<div class=\"elementor-element elementor-element-6b0c144 e-con-full e-flex e-con e-child\" data-id=\"6b0c144\" data-element_type=\"container\">\n\t\t<div class=\"elementor-element elementor-element-5bec86b e-con-full e-flex e-con e-child\" data-id=\"5bec86b\" data-element_type=\"container\">\n\t\t\t\t<div class=\"elementor-element elementor-element-2636d02 elementor-widget elementor-widget-image\" data-id=\"2636d02\" data-element_type=\"widget\" data-widget_type=\"image.default\">\n\t\t\t\t<div class=\"elementor-widget-container\">\n\t\t\t\t\t\t\t\t\t\t\t\t\t\t<a href=\"https:\/\/shop-se.neoss.com\/products\/bar-abutments?_gl=1*1b9f8g0*_gcl_au*NDM1NzM3ODE0LjE3NDEwNzM3NTY.*_ga*MTc0MjIxNjkxLjE3NDEwNzM3NTY.*_ga_GQ5V7B72KS*MTc0NDg1NDMyNC4xMTguMS4xNzQ0ODU1ODk1LjAuMC4w\">\n\t\t\t\t\t\t\t<img decoding=\"async\" src=\"https:\/\/neoss-web.azureedge.net\/global\/Images\/Product%20Images\/Prosthetics\/Overdentures\/31168%20Bar%20Abutment%20Gold.webp\" title=\"\" alt=\"\" class=\"elementor-animation-grow\" loading=\"lazy\" \/>\t\t\t\t\t\t\t\t<\/a>\n\t\t\t\t\t\t\t\t\t\t\t\t\t<\/div>\n\t\t\t\t<\/div>\n\t\t\t\t<\/div>\n\t\t<div class=\"elementor-element elementor-element-e74ba33 e-con-full e-flex e-con e-child\" data-id=\"e74ba33\" data-element_type=\"container\">\n\t\t\t\t<div class=\"elementor-element elementor-element-3db7d1f elementor-widget elementor-widget-heading\" data-id=\"3db7d1f\" data-element_type=\"widget\" data-widget_type=\"heading.default\">\n\t\t\t\t<div class=\"elementor-widget-container\">\n\t\t\t<h5 class=\"elementor-heading-title elementor-size-default\"><a href=\"https:\/\/shop-se.neoss.com\/products\/bar-abutments?_gl=1*1b9f8g0*_gcl_au*NDM1NzM3ODE0LjE3NDEwNzM3NTY.*_ga*MTc0MjIxNjkxLjE3NDEwNzM3NTY.*_ga_GQ5V7B72KS*MTc0NDg1NDMyNC4xMTguMS4xNzQ0ODU1ODk1LjAuMC4w\">Bar Abutments<\/a><\/h5>\t\t<\/div>\n\t\t\t\t<\/div>\n\t\t\t\t<\/div>\n\t\t\t\t<\/div>\n\t\t\t\t<\/div>\n\t\t\t\t\t<\/div>\n\t\t\t\t<\/div>\n\t\t<div class=\"elementor-element elementor-element-41d055b e-flex e-con-boxed e-con e-parent\" data-id=\"41d055b\" data-element_type=\"container\" data-settings=\"{&quot;background_background&quot;:&quot;gradient&quot;}\">\n\t\t\t\t\t<div class=\"e-con-inner\">\n\t\t\t\t<div class=\"elementor-element elementor-element-83e1030 elementor-widget__width-initial elementor-widget elementor-widget-heading\" data-id=\"83e1030\" data-element_type=\"widget\" data-widget_type=\"heading.default\">\n\t\t\t\t<div class=\"elementor-widget-container\">\n\t\t\t<h4 class=\"elementor-heading-title elementor-size-default\">Ta del av de senaste nyheterna fr\u00e5n Neoss, live webinarier, nya produkter och mycket mer!\n<\/h4>\t\t<\/div>\n\t\t\t\t<\/div>\n\t\t\t\t<div class=\"elementor-element elementor-element-f40c966 white-button elementor-widget elementor-widget-button\" data-id=\"f40c966\" data-element_type=\"widget\" data-widget_type=\"button.default\">\n\t\t\t\t<div class=\"elementor-widget-container\">\n\t\t\t\t\t<div class=\"elementor-button-wrapper\">\n\t\t\t<a class=\"elementor-button elementor-button-link elementor-size-sm\" href=\"https:\/\/www.neoss.com\/sv\/nyhetsbrev\/\">\n\t\t\t\t\t\t<span class=\"elementor-button-content-wrapper\">\n\t\t\t\t\t\t\t\t\t<span class=\"elementor-button-text\">Prenumerera<\/span>\n\t\t\t\t\t<\/span>\n\t\t\t\t\t<\/a>\n\t\t<\/div>\n\t\t\t\t<\/div>\n\t\t\t\t<\/div>\n\t\t\t\t\t<\/div>\n\t\t\t\t<\/div>\n\t\t<div class=\"elementor-element elementor-element-58d7b43 e-con-full e-flex e-con e-parent\" data-id=\"58d7b43\" data-element_type=\"container\">\n\t\t<div class=\"elementor-element elementor-element-748a9de e-flex e-con-boxed e-con e-child\" data-id=\"748a9de\" data-element_type=\"container\">\n\t\t\t\t\t<div class=\"e-con-inner\">\n\t\t\t\t<div class=\"elementor-element elementor-element-34a2803 elementor-widget elementor-widget-heading\" data-id=\"34a2803\" data-element_type=\"widget\" data-widget_type=\"heading.default\">\n\t\t\t\t<div class=\"elementor-widget-container\">\n\t\t\t<span class=\"elementor-heading-title elementor-size-default\">Kontakta oss om\n<\/span>\t\t<\/div>\n\t\t\t\t<\/div>\n\t\t\t\t<div class=\"elementor-element elementor-element-3bf546f elementor-widget elementor-widget-heading\" data-id=\"3bf546f\" data-element_type=\"widget\" data-widget_type=\"heading.default\">\n\t\t\t\t<div class=\"elementor-widget-container\">\n\t\t\t<h2 class=\"elementor-heading-title elementor-size-default\">Protetik<\/h2>\t\t<\/div>\n\t\t\t\t<\/div>\n\t\t\t\t<div class=\"elementor-element elementor-element-cd56825 aa-form-button--1 elementor-widget elementor-widget-hubspot-form\" data-id=\"cd56825\" data-element_type=\"widget\" data-widget_type=\"hubspot-form.default\">\n\t\t\t\t<div class=\"elementor-widget-container\">\n\t\t\t\n\t\t\t\t\t<script>\n\t\t\t\t\t\twindow.hsFormsOnReady = window.hsFormsOnReady || [];\n\t\t\t\t\t\twindow.hsFormsOnReady.push(()=>{\n\t\t\t\t\t\t\thbspt.forms.create({\n\t\t\t\t\t\t\t\tportalId: 19798429,\n\t\t\t\t\t\t\t\tformId: \"aff7e3f2-f7ce-47d2-bbc0-5d43c860e3e0\",\n\t\t\t\t\t\t\t\ttarget: \"#hbspt-form-1777492809000-6313718636\",\n\t\t\t\t\t\t\t\tregion: \"na1\",\n\t\t\t\t\t\t\t\t\n\t\t\t\t\t\t})});\n\t\t\t\t\t<\/script>\n\t\t\t\t\t<div class=\"hbspt-form\" id=\"hbspt-form-1777492809000-6313718636\"><\/div>\t\t<\/div>\n\t\t\t\t<\/div>\n\t\t\t\t\t<\/div>\n\t\t\t\t<\/div>\n\t\t<div class=\"elementor-element elementor-element-12accdc e-con-full e-flex e-con e-child\" data-id=\"12accdc\" data-element_type=\"container\" data-settings=\"{&quot;background_background&quot;:&quot;classic&quot;}\">\n\t\t\t\t<div class=\"elementor-element elementor-element-bd32d2c p-bottom-cover elementor-widget elementor-widget-image\" data-id=\"bd32d2c\" data-element_type=\"widget\" data-widget_type=\"image.default\">\n\t\t\t\t<div class=\"elementor-widget-container\">\n\t\t\t\t\t\t\t\t\t\t\t\t\t<img decoding=\"async\" src=\"https:\/\/neoss-web.azureedge.net\/global\/Images\/theme-assets\/neoss-placeholder.png\" title=\"\" alt=\"\" loading=\"lazy\" \/>\t\t\t\t\t\t\t\t\t\t\t\t\t<\/div>\n\t\t\t\t<\/div>\n\t\t\t\t<\/div>\n\t\t\t\t<\/div>\n\t\t\t\t<\/div>\n\t\t","protected":false},"excerpt":{"rendered":"<p>Home T\u00e4ckprotesdistans K\u00f6p Protetik T\u00e4ckprotesdistans Equator Distanskit Equator Distanser Tillbeh\u00f6r Bar Abutments Ta del av de senaste nyheterna fr\u00e5n Neoss, live webinarier, nya produkter och mycket mer! Prenumerera Kontakta oss om Protetik<\/p>\n","protected":false},"author":3,"featured_media":0,"parent":0,"menu_order":0,"comment_status":"closed","ping_status":"closed","template":"","meta":{"_acf_changed":false,"content-type":"","_relevanssi_hide_post":"","_relevanssi_hide_content":"","_relevanssi_pin_for_all":"","_relevanssi_pin_keywords":"","_relevanssi_unpin_keywords":"","_relevanssi_related_keywords":"","_relevanssi_related_include_ids":"","_relevanssi_related_exclude_ids":"","_relevanssi_related_no_append":"","_relevanssi_related_not_related":"","_relevanssi_related_posts":"","_relevanssi_noindex_reason":"","footnotes":""},"categories":[40],"tags":[],"page_type":[19],"class_list":["post-1938","page","type-page","status-publish","hentry","category-to-delete","page_type-product"],"acf":[],"yoast_head":"<!-- This site is optimized with the Yoast SEO Premium plugin v24.8 (Yoast SEO v24.8.1) - https:\/\/yoast.com\/wordpress\/plugins\/seo\/ -->\n<title>Protetik - Produkt\u00f6versikt - T\u00e4ckprotesdistans<\/title>\n<meta name=\"robots\" content=\"index, follow, max-snippet:-1, max-image-preview:large, max-video-preview:-1\" \/>\n<link rel=\"canonical\" href=\"https:\/\/www.neoss.com\/sv\/protetik-produktoversikt-tackprotesdistans\/\" \/>\n<meta property=\"og:locale\" content=\"sv_SE\" \/>\n<meta property=\"og:type\" content=\"article\" \/>\n<meta property=\"og:title\" content=\"Protetik - Produkt\u00f6versikt - T\u00e4ckprotesdistans\" \/>\n<meta property=\"og:description\" content=\"Home T\u00e4ckprotesdistans K\u00f6p Protetik T\u00e4ckprotesdistans Equator Distanskit Equator Distanser Tillbeh\u00f6r Bar Abutments Ta del av de senaste nyheterna fr\u00e5n Neoss, live webinarier, nya produkter och mycket mer! Prenumerera Kontakta oss om Protetik\" \/>\n<meta property=\"og:url\" content=\"https:\/\/www.neoss.com\/sv\/protetik-produktoversikt-tackprotesdistans\/\" \/>\n<meta property=\"og:site_name\" content=\"Sverige\" \/>\n<meta property=\"article:publisher\" content=\"https:\/\/www.facebook.com\/NeossGroup\" \/>\n<meta property=\"article:modified_time\" content=\"2026-04-08T07:56:00+00:00\" \/>\n<meta property=\"og:image\" content=\"https:\/\/neoss-web.azureedge.net\/global\/Images\/Product%20Images\/Prosthetics\/Overdentures\/90201%20-%20Neoss%20Equator%20Abutment%20Kit.webp\" \/>\n<meta name=\"twitter:card\" content=\"summary_large_image\" \/>\n<meta name=\"twitter:label1\" content=\"Est. reading time\" \/>\n\t<meta name=\"twitter:data1\" content=\"4 minutes\" \/>\n<script type=\"application\/ld+json\" class=\"yoast-schema-graph\">{\"@context\":\"https:\/\/schema.org\",\"@graph\":[{\"@type\":\"WebPage\",\"@id\":\"https:\/\/www.neoss.com\/sv\/protetik-produktoversikt-tackprotesdistans\/\",\"url\":\"https:\/\/www.neoss.com\/sv\/protetik-produktoversikt-tackprotesdistans\/\",\"name\":\"Protetik - Produkt\u00f6versikt - T\u00e4ckprotesdistans\",\"isPartOf\":{\"@id\":\"https:\/\/www.neoss.com\/sv\/#website\"},\"primaryImageOfPage\":{\"@id\":\"https:\/\/www.neoss.com\/sv\/protetik-produktoversikt-tackprotesdistans\/#primaryimage\"},\"image\":{\"@id\":\"https:\/\/www.neoss.com\/sv\/protetik-produktoversikt-tackprotesdistans\/#primaryimage\"},\"thumbnailUrl\":\"https:\/\/neoss-web.azureedge.net\/global\/Images\/Product%20Images\/Prosthetics\/Overdentures\/90201%20-%20Neoss%20Equator%20Abutment%20Kit.webp\",\"datePublished\":\"2025-01-20T06:33:34+00:00\",\"dateModified\":\"2026-04-08T07:56:00+00:00\",\"breadcrumb\":{\"@id\":\"https:\/\/www.neoss.com\/sv\/protetik-produktoversikt-tackprotesdistans\/#breadcrumb\"},\"inLanguage\":\"sv-SE\",\"potentialAction\":[{\"@type\":\"ReadAction\",\"target\":[\"https:\/\/www.neoss.com\/sv\/protetik-produktoversikt-tackprotesdistans\/\"]}]},{\"@type\":\"ImageObject\",\"inLanguage\":\"sv-SE\",\"@id\":\"https:\/\/www.neoss.com\/sv\/protetik-produktoversikt-tackprotesdistans\/#primaryimage\",\"url\":\"https:\/\/neoss-web.azureedge.net\/global\/Images\/Product%20Images\/Prosthetics\/Overdentures\/90201%20-%20Neoss%20Equator%20Abutment%20Kit.webp\",\"contentUrl\":\"https:\/\/neoss-web.azureedge.net\/global\/Images\/Product%20Images\/Prosthetics\/Overdentures\/90201%20-%20Neoss%20Equator%20Abutment%20Kit.webp\"},{\"@type\":\"BreadcrumbList\",\"@id\":\"https:\/\/www.neoss.com\/sv\/protetik-produktoversikt-tackprotesdistans\/#breadcrumb\",\"itemListElement\":[{\"@type\":\"ListItem\",\"position\":1,\"name\":\"Home\",\"item\":\"https:\/\/www.neoss.com\/sv\/\"},{\"@type\":\"ListItem\",\"position\":2,\"name\":\"Protetik &#8211; Produkt\u00f6versikt &#8211; T\u00e4ckprotesdistans\"}]},{\"@type\":\"WebSite\",\"@id\":\"https:\/\/www.neoss.com\/sv\/#website\",\"url\":\"https:\/\/www.neoss.com\/sv\/\",\"name\":\"Neoss - Intelligent Simplicity\",\"description\":\"\",\"publisher\":{\"@id\":\"https:\/\/www.neoss.com\/sv\/#organization\"},\"potentialAction\":[{\"@type\":\"SearchAction\",\"target\":{\"@type\":\"EntryPoint\",\"urlTemplate\":\"https:\/\/www.neoss.com\/sv\/?s={search_term_string}\"},\"query-input\":{\"@type\":\"PropertyValueSpecification\",\"valueRequired\":true,\"valueName\":\"search_term_string\"}}],\"inLanguage\":\"sv-SE\"},{\"@type\":\"Organization\",\"@id\":\"https:\/\/www.neoss.com\/sv\/#organization\",\"name\":\"neoss\",\"url\":\"https:\/\/www.neoss.com\/sv\/\",\"logo\":{\"@type\":\"ImageObject\",\"inLanguage\":\"sv-SE\",\"@id\":\"https:\/\/www.neoss.com\/sv\/#\/schema\/logo\/image\/\",\"url\":\"https:\/\/blob.neoss.com\/logo\/neoss-logo1-1.svg\",\"contentUrl\":\"https:\/\/blob.neoss.com\/logo\/neoss-logo1-1.svg\",\"width\":96,\"height\":31,\"caption\":\"neoss\"},\"image\":{\"@id\":\"https:\/\/www.neoss.com\/sv\/#\/schema\/logo\/image\/\"},\"sameAs\":[\"https:\/\/www.facebook.com\/NeossGroup\"]}]}<\/script>\n<!-- \/ Yoast SEO Premium plugin. -->","yoast_head_json":{"title":"Protetik - Produkt\u00f6versikt - T\u00e4ckprotesdistans","robots":{"index":"index","follow":"follow","max-snippet":"max-snippet:-1","max-image-preview":"max-image-preview:large","max-video-preview":"max-video-preview:-1"},"canonical":"https:\/\/www.neoss.com\/sv\/protetik-produktoversikt-tackprotesdistans\/","og_locale":"sv_SE","og_type":"article","og_title":"Protetik - Produkt\u00f6versikt - T\u00e4ckprotesdistans","og_description":"Home T\u00e4ckprotesdistans K\u00f6p Protetik T\u00e4ckprotesdistans Equator Distanskit Equator Distanser Tillbeh\u00f6r Bar Abutments Ta del av de senaste nyheterna fr\u00e5n Neoss, live webinarier, nya produkter och mycket mer! Prenumerera Kontakta oss om Protetik","og_url":"https:\/\/www.neoss.com\/sv\/protetik-produktoversikt-tackprotesdistans\/","og_site_name":"Sverige","article_publisher":"https:\/\/www.facebook.com\/NeossGroup","article_modified_time":"2026-04-08T07:56:00+00:00","og_image":[{"url":"https:\/\/neoss-web.azureedge.net\/global\/Images\/Product%20Images\/Prosthetics\/Overdentures\/90201%20-%20Neoss%20Equator%20Abutment%20Kit.webp","type":"","width":"","height":""}],"twitter_card":"summary_large_image","twitter_misc":{"Est. reading time":"4 minutes"},"schema":{"@context":"https:\/\/schema.org","@graph":[{"@type":"WebPage","@id":"https:\/\/www.neoss.com\/sv\/protetik-produktoversikt-tackprotesdistans\/","url":"https:\/\/www.neoss.com\/sv\/protetik-produktoversikt-tackprotesdistans\/","name":"Protetik - Produkt\u00f6versikt - T\u00e4ckprotesdistans","isPartOf":{"@id":"https:\/\/www.neoss.com\/sv\/#website"},"primaryImageOfPage":{"@id":"https:\/\/www.neoss.com\/sv\/protetik-produktoversikt-tackprotesdistans\/#primaryimage"},"image":{"@id":"https:\/\/www.neoss.com\/sv\/protetik-produktoversikt-tackprotesdistans\/#primaryimage"},"thumbnailUrl":"https:\/\/neoss-web.azureedge.net\/global\/Images\/Product%20Images\/Prosthetics\/Overdentures\/90201%20-%20Neoss%20Equator%20Abutment%20Kit.webp","datePublished":"2025-01-20T06:33:34+00:00","dateModified":"2026-04-08T07:56:00+00:00","breadcrumb":{"@id":"https:\/\/www.neoss.com\/sv\/protetik-produktoversikt-tackprotesdistans\/#breadcrumb"},"inLanguage":"sv-SE","potentialAction":[{"@type":"ReadAction","target":["https:\/\/www.neoss.com\/sv\/protetik-produktoversikt-tackprotesdistans\/"]}]},{"@type":"ImageObject","inLanguage":"sv-SE","@id":"https:\/\/www.neoss.com\/sv\/protetik-produktoversikt-tackprotesdistans\/#primaryimage","url":"https:\/\/neoss-web.azureedge.net\/global\/Images\/Product%20Images\/Prosthetics\/Overdentures\/90201%20-%20Neoss%20Equator%20Abutment%20Kit.webp","contentUrl":"https:\/\/neoss-web.azureedge.net\/global\/Images\/Product%20Images\/Prosthetics\/Overdentures\/90201%20-%20Neoss%20Equator%20Abutment%20Kit.webp"},{"@type":"BreadcrumbList","@id":"https:\/\/www.neoss.com\/sv\/protetik-produktoversikt-tackprotesdistans\/#breadcrumb","itemListElement":[{"@type":"ListItem","position":1,"name":"Home","item":"https:\/\/www.neoss.com\/sv\/"},{"@type":"ListItem","position":2,"name":"Protetik &#8211; Produkt\u00f6versikt &#8211; T\u00e4ckprotesdistans"}]},{"@type":"WebSite","@id":"https:\/\/www.neoss.com\/sv\/#website","url":"https:\/\/www.neoss.com\/sv\/","name":"Neoss - Intelligent Simplicity","description":"","publisher":{"@id":"https:\/\/www.neoss.com\/sv\/#organization"},"potentialAction":[{"@type":"SearchAction","target":{"@type":"EntryPoint","urlTemplate":"https:\/\/www.neoss.com\/sv\/?s={search_term_string}"},"query-input":{"@type":"PropertyValueSpecification","valueRequired":true,"valueName":"search_term_string"}}],"inLanguage":"sv-SE"},{"@type":"Organization","@id":"https:\/\/www.neoss.com\/sv\/#organization","name":"neoss","url":"https:\/\/www.neoss.com\/sv\/","logo":{"@type":"ImageObject","inLanguage":"sv-SE","@id":"https:\/\/www.neoss.com\/sv\/#\/schema\/logo\/image\/","url":"https:\/\/blob.neoss.com\/logo\/neoss-logo1-1.svg","contentUrl":"https:\/\/blob.neoss.com\/logo\/neoss-logo1-1.svg","width":96,"height":31,"caption":"neoss"},"image":{"@id":"https:\/\/www.neoss.com\/sv\/#\/schema\/logo\/image\/"},"sameAs":["https:\/\/www.facebook.com\/NeossGroup"]}]}},"_links":{"self":[{"href":"https:\/\/www.neoss.com\/sv\/wp-json\/wp\/v2\/pages\/1938","targetHints":{"allow":["GET"]}}],"collection":[{"href":"https:\/\/www.neoss.com\/sv\/wp-json\/wp\/v2\/pages"}],"about":[{"href":"https:\/\/www.neoss.com\/sv\/wp-json\/wp\/v2\/types\/page"}],"author":[{"embeddable":true,"href":"https:\/\/www.neoss.com\/sv\/wp-json\/wp\/v2\/users\/3"}],"replies":[{"embeddable":true,"href":"https:\/\/www.neoss.com\/sv\/wp-json\/wp\/v2\/comments?post=1938"}],"version-history":[{"count":11,"href":"https:\/\/www.neoss.com\/sv\/wp-json\/wp\/v2\/pages\/1938\/revisions"}],"predecessor-version":[{"id":9142,"href":"https:\/\/www.neoss.com\/sv\/wp-json\/wp\/v2\/pages\/1938\/revisions\/9142"}],"wp:attachment":[{"href":"https:\/\/www.neoss.com\/sv\/wp-json\/wp\/v2\/media?parent=1938"}],"wp:term":[{"taxonomy":"category","embeddable":true,"href":"https:\/\/www.neoss.com\/sv\/wp-json\/wp\/v2\/categories?post=1938"},{"taxonomy":"post_tag","embeddable":true,"href":"https:\/\/www.neoss.com\/sv\/wp-json\/wp\/v2\/tags?post=1938"},{"taxonomy":"page_type","embeddable":true,"href":"https:\/\/www.neoss.com\/sv\/wp-json\/wp\/v2\/page_type?post=1938"}],"curies":[{"name":"wp","href":"https:\/\/api.w.org\/{rel}","templated":true}]}}