{"id":2188,"date":"2025-01-21T13:46:34","date_gmt":"2025-01-21T05:46:34","guid":{"rendered":"https:\/\/www.neoss.com\/sv\/?page_id=2188"},"modified":"2025-06-11T13:52:33","modified_gmt":"2025-06-11T05:52:33","slug":"digitalt-produktoversikt-digitala-avtryckstoppar","status":"publish","type":"page","link":"https:\/\/www.neoss.com\/sv\/digitalt-produktoversikt-digitala-avtryckstoppar\/","title":{"rendered":"Produkt\u00f6versikt &#8211; Digitala Avtryckstoppar"},"content":{"rendered":"\t\t<div data-elementor-type=\"wp-page\" data-elementor-id=\"2188\" class=\"elementor elementor-2188\" data-elementor-post-type=\"page\">\n\t\t\t\t<div class=\"elementor-element elementor-element-a7da3f1 p-bread e-flex e-con-boxed e-con e-parent\" data-id=\"a7da3f1\" data-element_type=\"container\">\n\t\t\t\t\t<div class=\"e-con-inner\">\n\t\t\t\t<div class=\"elementor-element elementor-element-0fba907 elementor-icon-list--layout-inline bread elementor-list-item-link-full_width elementor-widget elementor-widget-icon-list\" data-id=\"0fba907\" data-element_type=\"widget\" data-widget_type=\"icon-list.default\">\n\t\t\t\t<div class=\"elementor-widget-container\">\n\t\t\t<link rel=\"stylesheet\" href=\"https:\/\/www.neoss.com\/sv\/wp-content\/uploads\/sites\/8\/elementor\/css\/custom-widget-icon-list.min.css?ver=1753261257\">\t\t<ul class=\"elementor-icon-list-items elementor-inline-items\">\n\t\t\t\t\t\t\t<li class=\"elementor-icon-list-item elementor-inline-item\">\n\t\t\t\t\t\t\t\t\t\t\t<a href=\"\/\">\n\n\t\t\t\t\t\t\t\t\t\t\t<span class=\"elementor-icon-list-text\">Home<\/span>\n\t\t\t\t\t\t\t\t\t\t\t<\/a>\n\t\t\t\t\t\t\t\t\t<\/li>\n\t\t\t\t\t\t\t\t<li class=\"elementor-icon-list-item elementor-inline-item\">\n\t\t\t\t\t\t\t\t\t\t\t<a href=\"https:\/\/www.neoss.com\/sv\/digitalt-produktoversikt-digitala-avtryckstoppar\/\">\n\n\t\t\t\t\t\t\t\t\t\t\t<span class=\"elementor-icon-list-text\">Digitala Avtryckstoppar<\/span>\n\t\t\t\t\t\t\t\t\t\t\t<\/a>\n\t\t\t\t\t\t\t\t\t<\/li>\n\t\t\t\t\t\t\t\t<li class=\"elementor-icon-list-item elementor-inline-item\">\n\t\t\t\t\t\t\t\t\t\t<span class=\"elementor-icon-list-text\">K\u00f6p<\/span>\n\t\t\t\t\t\t\t\t\t<\/li>\n\t\t\t\t\t\t<\/ul>\n\t\t\t\t<\/div>\n\t\t\t\t<\/div>\n\t\t\t\t\t<\/div>\n\t\t\t\t<\/div>\n\t\t<div class=\"elementor-element elementor-element-f73d3e3 e-flex e-con-boxed e-con e-parent\" data-id=\"f73d3e3\" data-element_type=\"container\">\n\t\t\t\t\t<div class=\"e-con-inner\">\n\t\t\t\t<div class=\"elementor-element elementor-element-2f41720 elementor-widget elementor-widget-heading\" data-id=\"2f41720\" data-element_type=\"widget\" data-widget_type=\"heading.default\">\n\t\t\t\t<div class=\"elementor-widget-container\">\n\t\t\t<style>\/*! elementor - v3.23.0 - 05-08-2024 *\/\n.elementor-heading-title{padding:0;margin:0;line-height:1}.elementor-widget-heading .elementor-heading-title[class*=elementor-size-]>a{color:inherit;font-size:inherit;line-height:inherit}.elementor-widget-heading .elementor-heading-title.elementor-size-small{font-size:15px}.elementor-widget-heading .elementor-heading-title.elementor-size-medium{font-size:19px}.elementor-widget-heading .elementor-heading-title.elementor-size-large{font-size:29px}.elementor-widget-heading .elementor-heading-title.elementor-size-xl{font-size:39px}.elementor-widget-heading .elementor-heading-title.elementor-size-xxl{font-size:59px}<\/style><span class=\"elementor-heading-title elementor-size-default\">Digital\n<\/span>\t\t<\/div>\n\t\t\t\t<\/div>\n\t\t\t\t<div class=\"elementor-element elementor-element-b1e6ced elementor-widget elementor-widget-heading\" data-id=\"b1e6ced\" data-element_type=\"widget\" data-widget_type=\"heading.default\">\n\t\t\t\t<div class=\"elementor-widget-container\">\n\t\t\t<h1 class=\"elementor-heading-title elementor-size-default\">Digital Impressions\n<\/h1>\t\t<\/div>\n\t\t\t\t<\/div>\n\t\t\t\t\t<\/div>\n\t\t\t\t<\/div>\n\t\t<div class=\"elementor-element elementor-element-c44830a w1200-100 e-flex e-con-boxed e-con e-parent\" data-id=\"c44830a\" data-element_type=\"container\">\n\t\t\t\t\t<div class=\"e-con-inner\">\n\t\t<div class=\"elementor-element elementor-element-0d4d697 e-grid e-con-full e-con e-child\" data-id=\"0d4d697\" data-element_type=\"container\">\n\t\t<div class=\"elementor-element elementor-element-74afb97 e-con-full e-flex e-con e-child\" data-id=\"74afb97\" data-element_type=\"container\">\n\t\t<div class=\"elementor-element elementor-element-31b5e49 e-con-full e-flex e-con e-child\" data-id=\"31b5e49\" data-element_type=\"container\">\n\t\t\t\t<div class=\"elementor-element elementor-element-c3b4d50 elementor-widget elementor-widget-image\" data-id=\"c3b4d50\" data-element_type=\"widget\" data-widget_type=\"image.default\">\n\t\t\t\t<div class=\"elementor-widget-container\">\n\t\t\t<style>\/*! elementor - v3.23.0 - 05-08-2024 *\/\n.elementor-widget-image{text-align:center}.elementor-widget-image a{display:inline-block}.elementor-widget-image a img[src$=\".svg\"]{width:48px}.elementor-widget-image img{vertical-align:middle;display:inline-block}<\/style>\t\t\t\t\t\t\t\t\t\t\t<a href=\"https:\/\/shop-se.neoss.com\/products\/scan-bodies-1?_gl=1*xjd4t9*_gcl_au*NDM1NzM3ODE0LjE3NDEwNzM3NTY.*_ga*MTc0MjIxNjkxLjE3NDEwNzM3NTY.*_ga_GQ5V7B72KS*MTc0NDg2ODgwOS4xMjAuMS4xNzQ0ODY5NzE4LjAuMC4w\">\n\t\t\t\t\t\t\t<img decoding=\"async\" src=\"https:\/\/neoss-web.azureedge.net\/sites\/10\/2025\/04\/ScanBody-overview-offer.webp\" title=\"\" alt=\"\" class=\"elementor-animation-grow\" loading=\"lazy\" \/>\t\t\t\t\t\t\t\t<\/a>\n\t\t\t\t\t\t\t\t\t\t\t\t\t<\/div>\n\t\t\t\t<\/div>\n\t\t\t\t<\/div>\n\t\t<div class=\"elementor-element elementor-element-48df1b7 e-con-full e-flex e-con e-child\" data-id=\"48df1b7\" data-element_type=\"container\">\n\t\t\t\t<div class=\"elementor-element elementor-element-ee3be6c elementor-widget elementor-widget-heading\" data-id=\"ee3be6c\" data-element_type=\"widget\" data-widget_type=\"heading.default\">\n\t\t\t\t<div class=\"elementor-widget-container\">\n\t\t\t<h5 class=\"elementor-heading-title elementor-size-default\"><a href=\"https:\/\/shop-se.neoss.com\/products\/scan-bodies-1?_gl=1*xjd4t9*_gcl_au*NDM1NzM3ODE0LjE3NDEwNzM3NTY.*_ga*MTc0MjIxNjkxLjE3NDEwNzM3NTY.*_ga_GQ5V7B72KS*MTc0NDg2ODgwOS4xMjAuMS4xNzQ0ODY5NzE4LjAuMC4w\">Scan Bodies<\/a><\/h5>\t\t<\/div>\n\t\t\t\t<\/div>\n\t\t\t\t<\/div>\n\t\t\t\t<\/div>\n\t\t<div class=\"elementor-element elementor-element-0f49515 e-con-full e-flex e-con e-child\" data-id=\"0f49515\" data-element_type=\"container\">\n\t\t<div class=\"elementor-element elementor-element-54a8b76 e-con-full e-flex e-con e-child\" data-id=\"54a8b76\" data-element_type=\"container\">\n\t\t\t\t<div class=\"elementor-element elementor-element-9161659 elementor-widget elementor-widget-image\" data-id=\"9161659\" data-element_type=\"widget\" data-widget_type=\"image.default\">\n\t\t\t\t<div class=\"elementor-widget-container\">\n\t\t\t\t\t\t\t\t\t\t\t\t\t\t<a href=\"https:\/\/neoss-se.myshopify.com\/products\/scanpeg\">\n\t\t\t\t\t\t\t<img decoding=\"async\" src=\"https:\/\/neoss-web.azureedge.net\/global\/Images\/Product%20Images\/Digital\/Scanpeg%20prod%20image.webp\" title=\"\" alt=\"\" class=\"elementor-animation-grow\" loading=\"lazy\" \/>\t\t\t\t\t\t\t\t<\/a>\n\t\t\t\t\t\t\t\t\t\t\t\t\t<\/div>\n\t\t\t\t<\/div>\n\t\t\t\t<\/div>\n\t\t<div class=\"elementor-element elementor-element-4553cd0 e-con-full e-flex e-con e-child\" data-id=\"4553cd0\" data-element_type=\"container\">\n\t\t\t\t<div class=\"elementor-element elementor-element-71b28f4 elementor-widget elementor-widget-heading\" data-id=\"71b28f4\" data-element_type=\"widget\" data-widget_type=\"heading.default\">\n\t\t\t\t<div class=\"elementor-widget-container\">\n\t\t\t<h5 class=\"elementor-heading-title elementor-size-default\"><a href=\"https:\/\/neoss-se.myshopify.com\/products\/scanpeg\">ScanPeg<\/a><\/h5>\t\t<\/div>\n\t\t\t\t<\/div>\n\t\t\t\t<\/div>\n\t\t\t\t<\/div>\n\t\t<div class=\"elementor-element elementor-element-c2e9cfc e-con-full e-flex e-con e-child\" data-id=\"c2e9cfc\" data-element_type=\"container\">\n\t\t<div class=\"elementor-element elementor-element-6995678 e-con-full e-flex e-con e-child\" data-id=\"6995678\" data-element_type=\"container\">\n\t\t\t\t<div class=\"elementor-element elementor-element-4fa21bc elementor-widget elementor-widget-image\" data-id=\"4fa21bc\" data-element_type=\"widget\" data-widget_type=\"image.default\">\n\t\t\t\t<div class=\"elementor-widget-container\">\n\t\t\t\t\t\t\t\t\t\t\t\t\t\t<a href=\"https:\/\/neoss-se.myshopify.com\/products\/esthetic-healing-abutments-with-scanpeg\">\n\t\t\t\t\t\t\t<img decoding=\"async\" src=\"https:\/\/neoss-web.azureedge.net\/global\/Images\/Product%20Images\/Digital\/31361%20Esthetic%20Healing%20Abutment%20Narrow%20Insicor%20with%20ScanPeg%20-%203.webp\" title=\"\" alt=\"\" class=\"elementor-animation-grow\" loading=\"lazy\" \/>\t\t\t\t\t\t\t\t<\/a>\n\t\t\t\t\t\t\t\t\t\t\t\t\t<\/div>\n\t\t\t\t<\/div>\n\t\t\t\t<\/div>\n\t\t<div class=\"elementor-element elementor-element-5af068f e-con-full e-flex e-con e-child\" data-id=\"5af068f\" data-element_type=\"container\">\n\t\t\t\t<div class=\"elementor-element elementor-element-6444f6e elementor-widget elementor-widget-heading\" data-id=\"6444f6e\" data-element_type=\"widget\" data-widget_type=\"heading.default\">\n\t\t\t\t<div class=\"elementor-widget-container\">\n\t\t\t<h5 class=\"elementor-heading-title elementor-size-default\"><a href=\"https:\/\/neoss-se.myshopify.com\/products\/esthetic-healing-abutments-with-scanpeg\"> Estetisk L\u00e4kdistans med ScanPeg<\/a><\/h5>\t\t<\/div>\n\t\t\t\t<\/div>\n\t\t\t\t<\/div>\n\t\t\t\t<\/div>\n\t\t\t\t<\/div>\n\t\t\t\t\t<\/div>\n\t\t\t\t<\/div>\n\t\t<div class=\"elementor-element elementor-element-883d0ec e-flex e-con-boxed e-con e-parent\" data-id=\"883d0ec\" data-element_type=\"container\" data-settings=\"{&quot;background_background&quot;:&quot;gradient&quot;}\">\n\t\t\t\t\t<div class=\"e-con-inner\">\n\t\t\t\t<div class=\"elementor-element elementor-element-d70406f elementor-widget__width-initial elementor-widget elementor-widget-heading\" data-id=\"d70406f\" data-element_type=\"widget\" data-widget_type=\"heading.default\">\n\t\t\t\t<div class=\"elementor-widget-container\">\n\t\t\t<h4 class=\"elementor-heading-title elementor-size-default\">Ta del av de senaste nyheterna fr\u00e5n Neoss, live webinarier, nya produkter och mycket mer!\n<\/h4>\t\t<\/div>\n\t\t\t\t<\/div>\n\t\t\t\t<div class=\"elementor-element elementor-element-73c5a45 white-button elementor-widget elementor-widget-button\" data-id=\"73c5a45\" data-element_type=\"widget\" data-widget_type=\"button.default\">\n\t\t\t\t<div class=\"elementor-widget-container\">\n\t\t\t\t\t<div class=\"elementor-button-wrapper\">\n\t\t\t<a class=\"elementor-button elementor-button-link elementor-size-sm\" href=\"https:\/\/www.neoss.com\/sv\/nyhetsbrev\/\">\n\t\t\t\t\t\t<span class=\"elementor-button-content-wrapper\">\n\t\t\t\t\t\t\t\t\t<span class=\"elementor-button-text\">Prenumerera<\/span>\n\t\t\t\t\t<\/span>\n\t\t\t\t\t<\/a>\n\t\t<\/div>\n\t\t\t\t<\/div>\n\t\t\t\t<\/div>\n\t\t\t\t\t<\/div>\n\t\t\t\t<\/div>\n\t\t<div class=\"elementor-element elementor-element-df546f2 e-con-full e-flex e-con e-parent\" data-id=\"df546f2\" data-element_type=\"container\">\n\t\t<div class=\"elementor-element elementor-element-887a46b e-flex e-con-boxed e-con e-child\" data-id=\"887a46b\" data-element_type=\"container\">\n\t\t\t\t\t<div class=\"e-con-inner\">\n\t\t\t\t<div class=\"elementor-element elementor-element-c269952 elementor-widget elementor-widget-heading\" data-id=\"c269952\" data-element_type=\"widget\" data-widget_type=\"heading.default\">\n\t\t\t\t<div class=\"elementor-widget-container\">\n\t\t\t<span class=\"elementor-heading-title elementor-size-default\">Kontakta oss om\n<\/span>\t\t<\/div>\n\t\t\t\t<\/div>\n\t\t\t\t<div class=\"elementor-element elementor-element-db29d32 elementor-widget elementor-widget-heading\" data-id=\"db29d32\" data-element_type=\"widget\" data-widget_type=\"heading.default\">\n\t\t\t\t<div class=\"elementor-widget-container\">\n\t\t\t<h2 class=\"elementor-heading-title elementor-size-default\">Digitala Avtryckstoppar\n\n<\/h2>\t\t<\/div>\n\t\t\t\t<\/div>\n\t\t\t\t<div class=\"elementor-element elementor-element-f164e90 aa-form-button--1 elementor-widget elementor-widget-hubspot-form\" data-id=\"f164e90\" data-element_type=\"widget\" data-widget_type=\"hubspot-form.default\">\n\t\t\t\t<div class=\"elementor-widget-container\">\n\t\t\t\n\t\t\t\t\t<script>\n\t\t\t\t\t\twindow.hsFormsOnReady = window.hsFormsOnReady || [];\n\t\t\t\t\t\twindow.hsFormsOnReady.push(()=>{\n\t\t\t\t\t\t\thbspt.forms.create({\n\t\t\t\t\t\t\t\tportalId: 19798429,\n\t\t\t\t\t\t\t\tformId: \"aff7e3f2-f7ce-47d2-bbc0-5d43c860e3e0\",\n\t\t\t\t\t\t\t\ttarget: \"#hbspt-form-1777280287000-9932677699\",\n\t\t\t\t\t\t\t\tregion: \"na1\",\n\t\t\t\t\t\t\t\t\n\t\t\t\t\t\t})});\n\t\t\t\t\t<\/script>\n\t\t\t\t\t<div class=\"hbspt-form\" id=\"hbspt-form-1777280287000-9932677699\"><\/div>\t\t<\/div>\n\t\t\t\t<\/div>\n\t\t\t\t\t<\/div>\n\t\t\t\t<\/div>\n\t\t<div class=\"elementor-element elementor-element-11f7ce5 e-con-full e-flex e-con e-child\" data-id=\"11f7ce5\" data-element_type=\"container\" data-settings=\"{&quot;background_background&quot;:&quot;classic&quot;}\">\n\t\t\t\t<div class=\"elementor-element elementor-element-b364b28 p-bottom-cover elementor-widget elementor-widget-image\" data-id=\"b364b28\" data-element_type=\"widget\" data-widget_type=\"image.default\">\n\t\t\t\t<div class=\"elementor-widget-container\">\n\t\t\t\t\t\t\t\t\t\t\t\t\t<img decoding=\"async\" src=\"https:\/\/neoss-web.azureedge.net\/global\/Images\/theme-assets\/neoss-placeholder.png\" title=\"\" alt=\"\" loading=\"lazy\" \/>\t\t\t\t\t\t\t\t\t\t\t\t\t<\/div>\n\t\t\t\t<\/div>\n\t\t\t\t<\/div>\n\t\t\t\t<\/div>\n\t\t\t\t<\/div>\n\t\t","protected":false},"excerpt":{"rendered":"<p>Home Digitala Avtryckstoppar K\u00f6p Digital Digital Impressions Scan Bodies ScanPeg Estetisk L\u00e4kdistans med ScanPeg Ta del av de senaste nyheterna fr\u00e5n Neoss, live webinarier, nya produkter och mycket mer! Prenumerera Kontakta oss om Digitala Avtryckstoppar<\/p>\n","protected":false},"author":3,"featured_media":0,"parent":0,"menu_order":0,"comment_status":"closed","ping_status":"closed","template":"","meta":{"_acf_changed":false,"content-type":"","_relevanssi_hide_post":"","_relevanssi_hide_content":"","_relevanssi_pin_for_all":"","_relevanssi_pin_keywords":"","_relevanssi_unpin_keywords":"","_relevanssi_related_keywords":"","_relevanssi_related_include_ids":"","_relevanssi_related_exclude_ids":"","_relevanssi_related_no_append":"","_relevanssi_related_not_related":"","_relevanssi_related_posts":"","_relevanssi_noindex_reason":"","footnotes":""},"categories":[41],"tags":[],"page_type":[19],"class_list":["post-2188","page","type-page","status-publish","hentry","category-normal","page_type-product"],"acf":[],"yoast_head":"<!-- This site is optimized with the Yoast SEO Premium plugin v24.8 (Yoast SEO v24.8.1) - https:\/\/yoast.com\/wordpress\/plugins\/seo\/ -->\n<title>Produkt\u00f6versikt - Digitala Avtryckstoppar<\/title>\n<meta name=\"robots\" content=\"index, follow, max-snippet:-1, max-image-preview:large, max-video-preview:-1\" \/>\n<link rel=\"canonical\" href=\"https:\/\/www.neoss.com\/sv\/digitalt-produktoversikt-digitala-avtryckstoppar\/\" \/>\n<meta property=\"og:locale\" content=\"sv_SE\" \/>\n<meta property=\"og:type\" content=\"article\" \/>\n<meta property=\"og:title\" content=\"Produkt\u00f6versikt - Digitala Avtryckstoppar\" \/>\n<meta property=\"og:description\" content=\"Home Digitala Avtryckstoppar K\u00f6p Digital Digital Impressions Scan Bodies ScanPeg Estetisk L\u00e4kdistans med ScanPeg Ta del av de senaste nyheterna fr\u00e5n Neoss, live webinarier, nya produkter och mycket mer! Prenumerera Kontakta oss om Digitala Avtryckstoppar\" \/>\n<meta property=\"og:url\" content=\"https:\/\/www.neoss.com\/sv\/digitalt-produktoversikt-digitala-avtryckstoppar\/\" \/>\n<meta property=\"og:site_name\" content=\"Sverige\" \/>\n<meta property=\"article:publisher\" content=\"https:\/\/www.facebook.com\/NeossGroup\" \/>\n<meta property=\"article:modified_time\" content=\"2025-06-11T05:52:33+00:00\" \/>\n<meta property=\"og:image\" content=\"https:\/\/neoss-web.azureedge.net\/sites\/10\/2025\/04\/ScanBody-overview-offer.webp\" \/>\n<meta name=\"twitter:card\" content=\"summary_large_image\" \/>\n<meta name=\"twitter:label1\" content=\"Est. reading time\" \/>\n\t<meta name=\"twitter:data1\" content=\"4 minutes\" \/>\n<script type=\"application\/ld+json\" class=\"yoast-schema-graph\">{\"@context\":\"https:\/\/schema.org\",\"@graph\":[{\"@type\":\"WebPage\",\"@id\":\"https:\/\/www.neoss.com\/sv\/digitalt-produktoversikt-digitala-avtryckstoppar\/\",\"url\":\"https:\/\/www.neoss.com\/sv\/digitalt-produktoversikt-digitala-avtryckstoppar\/\",\"name\":\"Produkt\u00f6versikt - Digitala Avtryckstoppar\",\"isPartOf\":{\"@id\":\"https:\/\/www.neoss.com\/sv\/#website\"},\"primaryImageOfPage\":{\"@id\":\"https:\/\/www.neoss.com\/sv\/digitalt-produktoversikt-digitala-avtryckstoppar\/#primaryimage\"},\"image\":{\"@id\":\"https:\/\/www.neoss.com\/sv\/digitalt-produktoversikt-digitala-avtryckstoppar\/#primaryimage\"},\"thumbnailUrl\":\"https:\/\/blob.neoss.com\/sites\/10\/2025\/04\/ScanBody-overview-offer.webp\",\"datePublished\":\"2025-01-21T05:46:34+00:00\",\"dateModified\":\"2025-06-11T05:52:33+00:00\",\"breadcrumb\":{\"@id\":\"https:\/\/www.neoss.com\/sv\/digitalt-produktoversikt-digitala-avtryckstoppar\/#breadcrumb\"},\"inLanguage\":\"sv-SE\",\"potentialAction\":[{\"@type\":\"ReadAction\",\"target\":[\"https:\/\/www.neoss.com\/sv\/digitalt-produktoversikt-digitala-avtryckstoppar\/\"]}]},{\"@type\":\"ImageObject\",\"inLanguage\":\"sv-SE\",\"@id\":\"https:\/\/www.neoss.com\/sv\/digitalt-produktoversikt-digitala-avtryckstoppar\/#primaryimage\",\"url\":\"https:\/\/blob.neoss.com\/sites\/10\/2025\/04\/ScanBody-overview-offer.webp\",\"contentUrl\":\"https:\/\/blob.neoss.com\/sites\/10\/2025\/04\/ScanBody-overview-offer.webp\"},{\"@type\":\"BreadcrumbList\",\"@id\":\"https:\/\/www.neoss.com\/sv\/digitalt-produktoversikt-digitala-avtryckstoppar\/#breadcrumb\",\"itemListElement\":[{\"@type\":\"ListItem\",\"position\":1,\"name\":\"Home\",\"item\":\"https:\/\/www.neoss.com\/sv\/\"},{\"@type\":\"ListItem\",\"position\":2,\"name\":\"Produkt\u00f6versikt &#8211; Digitala Avtryckstoppar\"}]},{\"@type\":\"WebSite\",\"@id\":\"https:\/\/www.neoss.com\/sv\/#website\",\"url\":\"https:\/\/www.neoss.com\/sv\/\",\"name\":\"Neoss - Intelligent Simplicity\",\"description\":\"\",\"publisher\":{\"@id\":\"https:\/\/www.neoss.com\/sv\/#organization\"},\"potentialAction\":[{\"@type\":\"SearchAction\",\"target\":{\"@type\":\"EntryPoint\",\"urlTemplate\":\"https:\/\/www.neoss.com\/sv\/?s={search_term_string}\"},\"query-input\":{\"@type\":\"PropertyValueSpecification\",\"valueRequired\":true,\"valueName\":\"search_term_string\"}}],\"inLanguage\":\"sv-SE\"},{\"@type\":\"Organization\",\"@id\":\"https:\/\/www.neoss.com\/sv\/#organization\",\"name\":\"neoss\",\"url\":\"https:\/\/www.neoss.com\/sv\/\",\"logo\":{\"@type\":\"ImageObject\",\"inLanguage\":\"sv-SE\",\"@id\":\"https:\/\/www.neoss.com\/sv\/#\/schema\/logo\/image\/\",\"url\":\"https:\/\/blob.neoss.com\/logo\/neoss-logo1-1.svg\",\"contentUrl\":\"https:\/\/blob.neoss.com\/logo\/neoss-logo1-1.svg\",\"width\":96,\"height\":31,\"caption\":\"neoss\"},\"image\":{\"@id\":\"https:\/\/www.neoss.com\/sv\/#\/schema\/logo\/image\/\"},\"sameAs\":[\"https:\/\/www.facebook.com\/NeossGroup\"]}]}<\/script>\n<!-- \/ Yoast SEO Premium plugin. -->","yoast_head_json":{"title":"Produkt\u00f6versikt - Digitala Avtryckstoppar","robots":{"index":"index","follow":"follow","max-snippet":"max-snippet:-1","max-image-preview":"max-image-preview:large","max-video-preview":"max-video-preview:-1"},"canonical":"https:\/\/www.neoss.com\/sv\/digitalt-produktoversikt-digitala-avtryckstoppar\/","og_locale":"sv_SE","og_type":"article","og_title":"Produkt\u00f6versikt - Digitala Avtryckstoppar","og_description":"Home Digitala Avtryckstoppar K\u00f6p Digital Digital Impressions Scan Bodies ScanPeg Estetisk L\u00e4kdistans med ScanPeg Ta del av de senaste nyheterna fr\u00e5n Neoss, live webinarier, nya produkter och mycket mer! Prenumerera Kontakta oss om Digitala Avtryckstoppar","og_url":"https:\/\/www.neoss.com\/sv\/digitalt-produktoversikt-digitala-avtryckstoppar\/","og_site_name":"Sverige","article_publisher":"https:\/\/www.facebook.com\/NeossGroup","article_modified_time":"2025-06-11T05:52:33+00:00","og_image":[{"url":"https:\/\/neoss-web.azureedge.net\/sites\/10\/2025\/04\/ScanBody-overview-offer.webp","type":"","width":"","height":""}],"twitter_card":"summary_large_image","twitter_misc":{"Est. reading time":"4 minutes"},"schema":{"@context":"https:\/\/schema.org","@graph":[{"@type":"WebPage","@id":"https:\/\/www.neoss.com\/sv\/digitalt-produktoversikt-digitala-avtryckstoppar\/","url":"https:\/\/www.neoss.com\/sv\/digitalt-produktoversikt-digitala-avtryckstoppar\/","name":"Produkt\u00f6versikt - Digitala Avtryckstoppar","isPartOf":{"@id":"https:\/\/www.neoss.com\/sv\/#website"},"primaryImageOfPage":{"@id":"https:\/\/www.neoss.com\/sv\/digitalt-produktoversikt-digitala-avtryckstoppar\/#primaryimage"},"image":{"@id":"https:\/\/www.neoss.com\/sv\/digitalt-produktoversikt-digitala-avtryckstoppar\/#primaryimage"},"thumbnailUrl":"https:\/\/blob.neoss.com\/sites\/10\/2025\/04\/ScanBody-overview-offer.webp","datePublished":"2025-01-21T05:46:34+00:00","dateModified":"2025-06-11T05:52:33+00:00","breadcrumb":{"@id":"https:\/\/www.neoss.com\/sv\/digitalt-produktoversikt-digitala-avtryckstoppar\/#breadcrumb"},"inLanguage":"sv-SE","potentialAction":[{"@type":"ReadAction","target":["https:\/\/www.neoss.com\/sv\/digitalt-produktoversikt-digitala-avtryckstoppar\/"]}]},{"@type":"ImageObject","inLanguage":"sv-SE","@id":"https:\/\/www.neoss.com\/sv\/digitalt-produktoversikt-digitala-avtryckstoppar\/#primaryimage","url":"https:\/\/blob.neoss.com\/sites\/10\/2025\/04\/ScanBody-overview-offer.webp","contentUrl":"https:\/\/blob.neoss.com\/sites\/10\/2025\/04\/ScanBody-overview-offer.webp"},{"@type":"BreadcrumbList","@id":"https:\/\/www.neoss.com\/sv\/digitalt-produktoversikt-digitala-avtryckstoppar\/#breadcrumb","itemListElement":[{"@type":"ListItem","position":1,"name":"Home","item":"https:\/\/www.neoss.com\/sv\/"},{"@type":"ListItem","position":2,"name":"Produkt\u00f6versikt &#8211; Digitala Avtryckstoppar"}]},{"@type":"WebSite","@id":"https:\/\/www.neoss.com\/sv\/#website","url":"https:\/\/www.neoss.com\/sv\/","name":"Neoss - Intelligent Simplicity","description":"","publisher":{"@id":"https:\/\/www.neoss.com\/sv\/#organization"},"potentialAction":[{"@type":"SearchAction","target":{"@type":"EntryPoint","urlTemplate":"https:\/\/www.neoss.com\/sv\/?s={search_term_string}"},"query-input":{"@type":"PropertyValueSpecification","valueRequired":true,"valueName":"search_term_string"}}],"inLanguage":"sv-SE"},{"@type":"Organization","@id":"https:\/\/www.neoss.com\/sv\/#organization","name":"neoss","url":"https:\/\/www.neoss.com\/sv\/","logo":{"@type":"ImageObject","inLanguage":"sv-SE","@id":"https:\/\/www.neoss.com\/sv\/#\/schema\/logo\/image\/","url":"https:\/\/blob.neoss.com\/logo\/neoss-logo1-1.svg","contentUrl":"https:\/\/blob.neoss.com\/logo\/neoss-logo1-1.svg","width":96,"height":31,"caption":"neoss"},"image":{"@id":"https:\/\/www.neoss.com\/sv\/#\/schema\/logo\/image\/"},"sameAs":["https:\/\/www.facebook.com\/NeossGroup"]}]}},"_links":{"self":[{"href":"https:\/\/www.neoss.com\/sv\/wp-json\/wp\/v2\/pages\/2188","targetHints":{"allow":["GET"]}}],"collection":[{"href":"https:\/\/www.neoss.com\/sv\/wp-json\/wp\/v2\/pages"}],"about":[{"href":"https:\/\/www.neoss.com\/sv\/wp-json\/wp\/v2\/types\/page"}],"author":[{"embeddable":true,"href":"https:\/\/www.neoss.com\/sv\/wp-json\/wp\/v2\/users\/3"}],"replies":[{"embeddable":true,"href":"https:\/\/www.neoss.com\/sv\/wp-json\/wp\/v2\/comments?post=2188"}],"version-history":[{"count":8,"href":"https:\/\/www.neoss.com\/sv\/wp-json\/wp\/v2\/pages\/2188\/revisions"}],"predecessor-version":[{"id":7734,"href":"https:\/\/www.neoss.com\/sv\/wp-json\/wp\/v2\/pages\/2188\/revisions\/7734"}],"wp:attachment":[{"href":"https:\/\/www.neoss.com\/sv\/wp-json\/wp\/v2\/media?parent=2188"}],"wp:term":[{"taxonomy":"category","embeddable":true,"href":"https:\/\/www.neoss.com\/sv\/wp-json\/wp\/v2\/categories?post=2188"},{"taxonomy":"post_tag","embeddable":true,"href":"https:\/\/www.neoss.com\/sv\/wp-json\/wp\/v2\/tags?post=2188"},{"taxonomy":"page_type","embeddable":true,"href":"https:\/\/www.neoss.com\/sv\/wp-json\/wp\/v2\/page_type?post=2188"}],"curies":[{"name":"wp","href":"https:\/\/api.w.org\/{rel}","templated":true}]}}