{"id":337,"date":"2025-01-15T08:55:18","date_gmt":"2025-01-15T08:55:18","guid":{"rendered":"https:\/\/www.neoss.com\/sv\/?page_id=337"},"modified":"2025-12-08T22:00:11","modified_gmt":"2025-12-08T14:00:11","slug":"var-historia","status":"publish","type":"page","link":"https:\/\/www.neoss.com\/sv\/var-historia\/","title":{"rendered":"V\u00e5r Historia"},"content":{"rendered":"\t\t<div data-elementor-type=\"wp-page\" data-elementor-id=\"337\" class=\"elementor elementor-337\" data-elementor-post-type=\"page\">\n\t\t\t\t<div class=\"elementor-element elementor-element-83c7f9c e-con-full e-flex e-con e-parent\" data-id=\"83c7f9c\" data-element_type=\"container\">\n\t\t<div class=\"elementor-element elementor-element-82aaa2d e-flex e-con-boxed e-con e-child\" data-id=\"82aaa2d\" data-element_type=\"container\">\n\t\t\t\t\t<div class=\"e-con-inner\">\n\t\t\t\t<div class=\"elementor-element elementor-element-7e9d8a8 elementor-widget elementor-widget-heading\" data-id=\"7e9d8a8\" data-element_type=\"widget\" data-widget_type=\"heading.default\">\n\t\t\t\t<div class=\"elementor-widget-container\">\n\t\t\t<style>\/*! elementor - v3.23.0 - 05-08-2024 *\/\n.elementor-heading-title{padding:0;margin:0;line-height:1}.elementor-widget-heading .elementor-heading-title[class*=elementor-size-]>a{color:inherit;font-size:inherit;line-height:inherit}.elementor-widget-heading .elementor-heading-title.elementor-size-small{font-size:15px}.elementor-widget-heading .elementor-heading-title.elementor-size-medium{font-size:19px}.elementor-widget-heading .elementor-heading-title.elementor-size-large{font-size:29px}.elementor-widget-heading .elementor-heading-title.elementor-size-xl{font-size:39px}.elementor-widget-heading .elementor-heading-title.elementor-size-xxl{font-size:59px}<\/style><h2 class=\"elementor-heading-title elementor-size-default\">\u201cAtt fr\u00e4mja vetenskapen inom\ntandimplantatbehandling\u201d<\/h2>\t\t<\/div>\n\t\t\t\t<\/div>\n\t\t\t\t<div class=\"elementor-element elementor-element-38d8459 elementor-widget elementor-widget-text-editor\" data-id=\"38d8459\" data-element_type=\"widget\" data-widget_type=\"text-editor.default\">\n\t\t\t\t<div class=\"elementor-widget-container\">\n\t\t\t<style>\/*! elementor - v3.23.0 - 05-08-2024 *\/\n.elementor-widget-text-editor.elementor-drop-cap-view-stacked .elementor-drop-cap{background-color:#69727d;color:#fff}.elementor-widget-text-editor.elementor-drop-cap-view-framed .elementor-drop-cap{color:#69727d;border:3px solid;background-color:transparent}.elementor-widget-text-editor:not(.elementor-drop-cap-view-default) .elementor-drop-cap{margin-top:8px}.elementor-widget-text-editor:not(.elementor-drop-cap-view-default) .elementor-drop-cap-letter{width:1em;height:1em}.elementor-widget-text-editor .elementor-drop-cap{float:left;text-align:center;line-height:1;font-size:50px}.elementor-widget-text-editor .elementor-drop-cap-letter{display:inline-block}<\/style><div class=\"aa-text__body checkmark-list\">\t\t\t\t<div class=\"aa-big-column__body checkmark-list\"><p>Neoss\u00ae grundades \u00e5r 2000 av Fredrik Engman och Neil Meredith. M\u00e5ls\u00e4ttningen var \u201cAtt fr\u00e4mja vetenskapen inom tandimplantatbehandling\u201d.<\/p><p>Fredrik Engman arbetade som ytkonstruktionsingenj\u00f6r p\u00e5 Volvo innan han b\u00f6rjade p\u00e5 Nobel Biocare som senior produktutvecklingsingenj\u00f6r, d\u00e4r han gjorde ett flertal viktiga uppfinningar inom omr\u00e5det f\u00f6r tandimplantat.<\/p><p><span style=\"font-size: 1rem;\">Professor Neil Meredith hade flera akademiska\u00a0<\/span><span style=\"font-size: 1rem;\">positioner vid universitet i Storbritannien och Sverige\u00a0<\/span><span style=\"font-size: 1rem;\">innan han, tillsammans med Fredrik, grundade Neoss.\u00a0<\/span><span style=\"font-size: 1rem;\">Neil \u00e5terv\u00e4nde till den akademiska v\u00e4rlden 2011.<\/span><\/p><p>\u00a0<\/p><\/div>\t\t\t\t<\/div>\t\t<\/div>\n\t\t\t\t<\/div>\n\t\t\t\t\t<\/div>\n\t\t\t\t<\/div>\n\t\t<div class=\"elementor-element elementor-element-d47e741 e-con-full e-flex e-con e-child\" data-id=\"d47e741\" data-element_type=\"container\">\n\t\t\t\t<div class=\"elementor-element elementor-element-e52bd92 elementor-widget elementor-widget-image\" data-id=\"e52bd92\" data-element_type=\"widget\" data-widget_type=\"image.default\">\n\t\t\t\t<div class=\"elementor-widget-container\">\n\t\t\t<style>\/*! elementor - v3.23.0 - 05-08-2024 *\/\n.elementor-widget-image{text-align:center}.elementor-widget-image a{display:inline-block}.elementor-widget-image a img[src$=\".svg\"]{width:48px}.elementor-widget-image img{vertical-align:middle;display:inline-block}<\/style>\t\t\t\t\t\t\t\t\t\t<img fetchpriority=\"high\" decoding=\"async\" width=\"2560\" height=\"1760\" src=\"https:\/\/blob.neoss.com\/sites\/8\/2025\/12\/150A4928-scaled.jpg\" class=\"attachment-full size-full wp-image-8878\" alt=\"\" srcset=\"https:\/\/blob.neoss.com\/sites\/8\/2025\/12\/150A4928-scaled.jpg 2560w, https:\/\/blob.neoss.com\/sites\/8\/2025\/12\/150A4928-300x206.jpg 300w, https:\/\/blob.neoss.com\/sites\/8\/2025\/12\/150A4928-1024x704.jpg 1024w, https:\/\/blob.neoss.com\/sites\/8\/2025\/12\/150A4928-768x528.jpg 768w, https:\/\/blob.neoss.com\/sites\/8\/2025\/12\/150A4928-1536x1056.jpg 1536w, https:\/\/blob.neoss.com\/sites\/8\/2025\/12\/150A4928-2048x1408.jpg 2048w, https:\/\/blob.neoss.com\/sites\/8\/2025\/12\/150A4928-18x12.jpg 18w\" sizes=\"(max-width: 2560px) 100vw, 2560px\" \/>\t\t\t\t\t\t\t\t\t\t\t\t\t<\/div>\n\t\t\t\t<\/div>\n\t\t\t\t<\/div>\n\t\t\t\t<\/div>\n\t\t<div class=\"elementor-element elementor-element-f05cffd e-flex e-con-boxed e-con e-parent\" data-id=\"f05cffd\" data-element_type=\"container\">\n\t\t\t\t\t<div class=\"e-con-inner\">\n\t\t\t\t<div class=\"elementor-element elementor-element-1debf09 elementor-widget elementor-widget-heading\" data-id=\"1debf09\" data-element_type=\"widget\" data-widget_type=\"heading.default\">\n\t\t\t\t<div class=\"elementor-widget-container\">\n\t\t\t<h2 class=\"elementor-heading-title elementor-size-default\">Intelligent Simplicity\n<\/h2>\t\t<\/div>\n\t\t\t\t<\/div>\n\t\t\t\t<div class=\"elementor-element elementor-element-373f2b3 elementor-widget elementor-widget-text-editor\" data-id=\"373f2b3\" data-element_type=\"widget\" data-widget_type=\"text-editor.default\">\n\t\t\t\t<div class=\"elementor-widget-container\">\n\t\t\t<div class=\"aa-text__body checkmark-list\">\t\t\t\t<div class=\"aa-text__body checkmark-list\"><div><p>\u00d6vertygade om att de befintliga implantatsystemen var f\u00f6r komplicerade, var deras id\u00e9 att skapa en mycket enklare och mer rationell l\u00f6sning. Genom ih\u00e4rdigt arbete och n\u00e4ra samarbeten skapade de ett h\u00f6gkvalitativt och optimerat implantatsystem.<\/p><p>Med ett begr\u00e4nsat antal komponenter har Neoss Implantatsystem unika designfunktioner och en rad utm\u00e4rkta f\u00f6rdelar f\u00f6r alla. Denna uppfinningsrikedom ligger i den patenterade implantatdesignen som optimerar stabilitet i alla bentyper och f\u00f6rh\u00e5llanden, och eliminerar behovet av separata en- eller tv\u00e5stegsdesigner. Konceptet med minimal plattform anv\u00e4nder endast tv\u00e5 implantatplattformar f\u00f6r att st\u00f6dja diametrar i spannet 3,25\u20136,5 mm. Detta f\u00f6renklar ocks\u00e5 kirurgiska och protetiska instrument betydligt, underl\u00e4ttar kommunikationen inom teamet och \u00f6kar effektiviteten.<\/p><p>F\u00f6rdelarna \u00e4r tydliga: minskad behandlingstid f\u00f6r patienten, optimerad lagerhantering och \u00f6verl\u00e4gsna resultat f\u00f6r patienterna.<\/p><\/div><div><h2>Produktutveckling<\/h2><p>Sedan starten har Neoss fortsatt att vara innovativa och investera i forskning och produktutveckling: att designa, tillverka och s\u00e4lja produkter av h\u00f6gsta kvalitet med marknadsledande funktionalitet.<\/p><p>Neoss implantat, tillverkade i Sverige, skyddas av ett antal viktiga patent, inklusive patent som t\u00e4cker NeoLoc\u00ae-kopplingen mellan implantat och distans, samt Neoss ProActive\u00ae-ytan som finns p\u00e5 alla nuvarande Neoss-implantat, vilket framg\u00e5r av namnen ProActive Straight Implant och ProActive Tapered Implant.<\/p><\/div><\/div>\t\t\t\t<\/div>\t\t<\/div>\n\t\t\t\t<\/div>\n\t\t\t\t\t<\/div>\n\t\t\t\t<\/div>\n\t\t<div class=\"elementor-element elementor-element-1f59f57 e-flex e-con-boxed e-con e-parent\" data-id=\"1f59f57\" data-element_type=\"container\" data-settings=\"{&quot;background_background&quot;:&quot;gradient&quot;}\">\n\t\t\t\t\t<div class=\"e-con-inner\">\n\t\t\t\t<div class=\"elementor-element elementor-element-941cd69 elementor-widget__width-initial elementor-widget elementor-widget-heading\" data-id=\"941cd69\" data-element_type=\"widget\" data-widget_type=\"heading.default\">\n\t\t\t\t<div class=\"elementor-widget-container\">\n\t\t\t<h4 class=\"elementor-heading-title elementor-size-default\">Ta emot de senaste nyheterna fr\u00e5n Neoss, inklusive framtida live webbinarier, ny produktutveckling och klinisk forskning.<\/h4>\t\t<\/div>\n\t\t\t\t<\/div>\n\t\t\t\t<div class=\"elementor-element elementor-element-97d2563 white-button elementor-widget elementor-widget-button\" data-id=\"97d2563\" data-element_type=\"widget\" data-widget_type=\"button.default\">\n\t\t\t\t<div class=\"elementor-widget-container\">\n\t\t\t\t\t<div class=\"elementor-button-wrapper\">\n\t\t\t<a class=\"elementor-button elementor-button-link elementor-size-sm\" href=\"https:\/\/www.neoss.com\/sv\/nyhetsbrev\/\">\n\t\t\t\t\t\t<span class=\"elementor-button-content-wrapper\">\n\t\t\t\t\t\t\t\t\t<span class=\"elementor-button-text\">Anm\u00e4l dig h\u00e4r!<\/span>\n\t\t\t\t\t<\/span>\n\t\t\t\t\t<\/a>\n\t\t<\/div>\n\t\t\t\t<\/div>\n\t\t\t\t<\/div>\n\t\t\t\t\t<\/div>\n\t\t\t\t<\/div>\n\t\t\t\t<\/div>\n\t\t","protected":false},"excerpt":{"rendered":"<p>\u201cAtt fr\u00e4mja vetenskapen inom tandimplantatbehandling\u201d Neoss\u00ae grundades \u00e5r 2000 av Fredrik Engman och Neil Meredith. M\u00e5ls\u00e4ttningen var \u201cAtt fr\u00e4mja vetenskapen inom tandimplantatbehandling\u201d. Fredrik Engman arbetade som ytkonstruktionsingenj\u00f6r p\u00e5 Volvo innan han b\u00f6rjade p\u00e5 Nobel Biocare som senior produktutvecklingsingenj\u00f6r, d\u00e4r han gjorde ett flertal viktiga uppfinningar inom omr\u00e5det f\u00f6r tandimplantat. Professor Neil Meredith hade flera akademiska\u00a0positioner [&hellip;]<\/p>\n","protected":false},"author":3,"featured_media":0,"parent":0,"menu_order":0,"comment_status":"closed","ping_status":"closed","template":"","meta":{"_acf_changed":false,"content-type":"","_relevanssi_hide_post":"","_relevanssi_hide_content":"","_relevanssi_pin_for_all":"","_relevanssi_pin_keywords":"","_relevanssi_unpin_keywords":"","_relevanssi_related_keywords":"","_relevanssi_related_include_ids":"","_relevanssi_related_exclude_ids":"","_relevanssi_related_no_append":"","_relevanssi_related_not_related":"","_relevanssi_related_posts":"","_relevanssi_noindex_reason":"","footnotes":""},"categories":[41],"tags":[],"page_type":[18],"class_list":["post-337","page","type-page","status-publish","hentry","category-normal","page_type-page"],"acf":[],"yoast_head":"<!-- This site is optimized with the Yoast SEO Premium plugin v24.8 (Yoast SEO v24.8.1) - https:\/\/yoast.com\/wordpress\/plugins\/seo\/ -->\n<title>V\u00e5r Historia<\/title>\n<meta name=\"robots\" content=\"index, follow, max-snippet:-1, max-image-preview:large, max-video-preview:-1\" \/>\n<link rel=\"canonical\" href=\"https:\/\/www.neoss.com\/sv\/var-historia\/\" \/>\n<meta property=\"og:locale\" content=\"sv_SE\" \/>\n<meta property=\"og:type\" content=\"article\" \/>\n<meta property=\"og:title\" content=\"V\u00e5r Historia\" \/>\n<meta property=\"og:description\" content=\"\u201cAtt fr\u00e4mja vetenskapen inom tandimplantatbehandling\u201d Neoss\u00ae grundades \u00e5r 2000 av Fredrik Engman och Neil Meredith. M\u00e5ls\u00e4ttningen var \u201cAtt fr\u00e4mja vetenskapen inom tandimplantatbehandling\u201d. Fredrik Engman arbetade som ytkonstruktionsingenj\u00f6r p\u00e5 Volvo innan han b\u00f6rjade p\u00e5 Nobel Biocare som senior produktutvecklingsingenj\u00f6r, d\u00e4r han gjorde ett flertal viktiga uppfinningar inom omr\u00e5det f\u00f6r tandimplantat. Professor Neil Meredith hade flera akademiska\u00a0positioner [&hellip;]\" \/>\n<meta property=\"og:url\" content=\"https:\/\/www.neoss.com\/sv\/var-historia\/\" \/>\n<meta property=\"og:site_name\" content=\"Sverige\" \/>\n<meta property=\"article:publisher\" content=\"https:\/\/www.facebook.com\/NeossGroup\" \/>\n<meta property=\"article:modified_time\" content=\"2025-12-08T14:00:11+00:00\" \/>\n<meta property=\"og:image\" content=\"https:\/\/blob.neoss.com\/sites\/8\/2025\/12\/150A4928-scaled.jpg\" \/>\n\t<meta property=\"og:image:width\" content=\"2560\" \/>\n\t<meta property=\"og:image:height\" content=\"1760\" \/>\n\t<meta property=\"og:image:type\" content=\"image\/jpeg\" \/>\n<meta name=\"twitter:card\" content=\"summary_large_image\" \/>\n<meta name=\"twitter:label1\" content=\"Est. reading time\" \/>\n\t<meta name=\"twitter:data1\" content=\"2 minutes\" \/>\n<script type=\"application\/ld+json\" class=\"yoast-schema-graph\">{\"@context\":\"https:\/\/schema.org\",\"@graph\":[{\"@type\":\"WebPage\",\"@id\":\"https:\/\/www.neoss.com\/sv\/var-historia\/\",\"url\":\"https:\/\/www.neoss.com\/sv\/var-historia\/\",\"name\":\"V\u00e5r Historia\",\"isPartOf\":{\"@id\":\"https:\/\/www.neoss.com\/sv\/#website\"},\"primaryImageOfPage\":{\"@id\":\"https:\/\/www.neoss.com\/sv\/var-historia\/#primaryimage\"},\"image\":{\"@id\":\"https:\/\/www.neoss.com\/sv\/var-historia\/#primaryimage\"},\"thumbnailUrl\":\"https:\/\/blob.neoss.com\/sites\/8\/2025\/12\/150A4928-scaled.jpg\",\"datePublished\":\"2025-01-15T08:55:18+00:00\",\"dateModified\":\"2025-12-08T14:00:11+00:00\",\"breadcrumb\":{\"@id\":\"https:\/\/www.neoss.com\/sv\/var-historia\/#breadcrumb\"},\"inLanguage\":\"sv-SE\",\"potentialAction\":[{\"@type\":\"ReadAction\",\"target\":[\"https:\/\/www.neoss.com\/sv\/var-historia\/\"]}]},{\"@type\":\"ImageObject\",\"inLanguage\":\"sv-SE\",\"@id\":\"https:\/\/www.neoss.com\/sv\/var-historia\/#primaryimage\",\"url\":\"https:\/\/blob.neoss.com\/sites\/8\/2025\/12\/150A4928-scaled.jpg\",\"contentUrl\":\"https:\/\/blob.neoss.com\/sites\/8\/2025\/12\/150A4928-scaled.jpg\"},{\"@type\":\"BreadcrumbList\",\"@id\":\"https:\/\/www.neoss.com\/sv\/var-historia\/#breadcrumb\",\"itemListElement\":[{\"@type\":\"ListItem\",\"position\":1,\"name\":\"Home\",\"item\":\"https:\/\/www.neoss.com\/sv\/\"},{\"@type\":\"ListItem\",\"position\":2,\"name\":\"V\u00e5r Historia\"}]},{\"@type\":\"WebSite\",\"@id\":\"https:\/\/www.neoss.com\/sv\/#website\",\"url\":\"https:\/\/www.neoss.com\/sv\/\",\"name\":\"Neoss - Intelligent Simplicity\",\"description\":\"\",\"publisher\":{\"@id\":\"https:\/\/www.neoss.com\/sv\/#organization\"},\"potentialAction\":[{\"@type\":\"SearchAction\",\"target\":{\"@type\":\"EntryPoint\",\"urlTemplate\":\"https:\/\/www.neoss.com\/sv\/?s={search_term_string}\"},\"query-input\":{\"@type\":\"PropertyValueSpecification\",\"valueRequired\":true,\"valueName\":\"search_term_string\"}}],\"inLanguage\":\"sv-SE\"},{\"@type\":\"Organization\",\"@id\":\"https:\/\/www.neoss.com\/sv\/#organization\",\"name\":\"neoss\",\"url\":\"https:\/\/www.neoss.com\/sv\/\",\"logo\":{\"@type\":\"ImageObject\",\"inLanguage\":\"sv-SE\",\"@id\":\"https:\/\/www.neoss.com\/sv\/#\/schema\/logo\/image\/\",\"url\":\"https:\/\/blob.neoss.com\/logo\/neoss-logo1-1.svg\",\"contentUrl\":\"https:\/\/blob.neoss.com\/logo\/neoss-logo1-1.svg\",\"width\":96,\"height\":31,\"caption\":\"neoss\"},\"image\":{\"@id\":\"https:\/\/www.neoss.com\/sv\/#\/schema\/logo\/image\/\"},\"sameAs\":[\"https:\/\/www.facebook.com\/NeossGroup\"]}]}<\/script>\n<!-- \/ Yoast SEO Premium plugin. -->","yoast_head_json":{"title":"V\u00e5r Historia","robots":{"index":"index","follow":"follow","max-snippet":"max-snippet:-1","max-image-preview":"max-image-preview:large","max-video-preview":"max-video-preview:-1"},"canonical":"https:\/\/www.neoss.com\/sv\/var-historia\/","og_locale":"sv_SE","og_type":"article","og_title":"V\u00e5r Historia","og_description":"\u201cAtt fr\u00e4mja vetenskapen inom tandimplantatbehandling\u201d Neoss\u00ae grundades \u00e5r 2000 av Fredrik Engman och Neil Meredith. M\u00e5ls\u00e4ttningen var \u201cAtt fr\u00e4mja vetenskapen inom tandimplantatbehandling\u201d. Fredrik Engman arbetade som ytkonstruktionsingenj\u00f6r p\u00e5 Volvo innan han b\u00f6rjade p\u00e5 Nobel Biocare som senior produktutvecklingsingenj\u00f6r, d\u00e4r han gjorde ett flertal viktiga uppfinningar inom omr\u00e5det f\u00f6r tandimplantat. Professor Neil Meredith hade flera akademiska\u00a0positioner [&hellip;]","og_url":"https:\/\/www.neoss.com\/sv\/var-historia\/","og_site_name":"Sverige","article_publisher":"https:\/\/www.facebook.com\/NeossGroup","article_modified_time":"2025-12-08T14:00:11+00:00","og_image":[{"width":2560,"height":1760,"url":"https:\/\/blob.neoss.com\/sites\/8\/2025\/12\/150A4928-scaled.jpg","type":"image\/jpeg"}],"twitter_card":"summary_large_image","twitter_misc":{"Est. reading time":"2 minutes"},"schema":{"@context":"https:\/\/schema.org","@graph":[{"@type":"WebPage","@id":"https:\/\/www.neoss.com\/sv\/var-historia\/","url":"https:\/\/www.neoss.com\/sv\/var-historia\/","name":"V\u00e5r Historia","isPartOf":{"@id":"https:\/\/www.neoss.com\/sv\/#website"},"primaryImageOfPage":{"@id":"https:\/\/www.neoss.com\/sv\/var-historia\/#primaryimage"},"image":{"@id":"https:\/\/www.neoss.com\/sv\/var-historia\/#primaryimage"},"thumbnailUrl":"https:\/\/blob.neoss.com\/sites\/8\/2025\/12\/150A4928-scaled.jpg","datePublished":"2025-01-15T08:55:18+00:00","dateModified":"2025-12-08T14:00:11+00:00","breadcrumb":{"@id":"https:\/\/www.neoss.com\/sv\/var-historia\/#breadcrumb"},"inLanguage":"sv-SE","potentialAction":[{"@type":"ReadAction","target":["https:\/\/www.neoss.com\/sv\/var-historia\/"]}]},{"@type":"ImageObject","inLanguage":"sv-SE","@id":"https:\/\/www.neoss.com\/sv\/var-historia\/#primaryimage","url":"https:\/\/blob.neoss.com\/sites\/8\/2025\/12\/150A4928-scaled.jpg","contentUrl":"https:\/\/blob.neoss.com\/sites\/8\/2025\/12\/150A4928-scaled.jpg"},{"@type":"BreadcrumbList","@id":"https:\/\/www.neoss.com\/sv\/var-historia\/#breadcrumb","itemListElement":[{"@type":"ListItem","position":1,"name":"Home","item":"https:\/\/www.neoss.com\/sv\/"},{"@type":"ListItem","position":2,"name":"V\u00e5r Historia"}]},{"@type":"WebSite","@id":"https:\/\/www.neoss.com\/sv\/#website","url":"https:\/\/www.neoss.com\/sv\/","name":"Neoss - Intelligent Simplicity","description":"","publisher":{"@id":"https:\/\/www.neoss.com\/sv\/#organization"},"potentialAction":[{"@type":"SearchAction","target":{"@type":"EntryPoint","urlTemplate":"https:\/\/www.neoss.com\/sv\/?s={search_term_string}"},"query-input":{"@type":"PropertyValueSpecification","valueRequired":true,"valueName":"search_term_string"}}],"inLanguage":"sv-SE"},{"@type":"Organization","@id":"https:\/\/www.neoss.com\/sv\/#organization","name":"neoss","url":"https:\/\/www.neoss.com\/sv\/","logo":{"@type":"ImageObject","inLanguage":"sv-SE","@id":"https:\/\/www.neoss.com\/sv\/#\/schema\/logo\/image\/","url":"https:\/\/blob.neoss.com\/logo\/neoss-logo1-1.svg","contentUrl":"https:\/\/blob.neoss.com\/logo\/neoss-logo1-1.svg","width":96,"height":31,"caption":"neoss"},"image":{"@id":"https:\/\/www.neoss.com\/sv\/#\/schema\/logo\/image\/"},"sameAs":["https:\/\/www.facebook.com\/NeossGroup"]}]}},"_links":{"self":[{"href":"https:\/\/www.neoss.com\/sv\/wp-json\/wp\/v2\/pages\/337","targetHints":{"allow":["GET"]}}],"collection":[{"href":"https:\/\/www.neoss.com\/sv\/wp-json\/wp\/v2\/pages"}],"about":[{"href":"https:\/\/www.neoss.com\/sv\/wp-json\/wp\/v2\/types\/page"}],"author":[{"embeddable":true,"href":"https:\/\/www.neoss.com\/sv\/wp-json\/wp\/v2\/users\/3"}],"replies":[{"embeddable":true,"href":"https:\/\/www.neoss.com\/sv\/wp-json\/wp\/v2\/comments?post=337"}],"version-history":[{"count":17,"href":"https:\/\/www.neoss.com\/sv\/wp-json\/wp\/v2\/pages\/337\/revisions"}],"predecessor-version":[{"id":8889,"href":"https:\/\/www.neoss.com\/sv\/wp-json\/wp\/v2\/pages\/337\/revisions\/8889"}],"wp:attachment":[{"href":"https:\/\/www.neoss.com\/sv\/wp-json\/wp\/v2\/media?parent=337"}],"wp:term":[{"taxonomy":"category","embeddable":true,"href":"https:\/\/www.neoss.com\/sv\/wp-json\/wp\/v2\/categories?post=337"},{"taxonomy":"post_tag","embeddable":true,"href":"https:\/\/www.neoss.com\/sv\/wp-json\/wp\/v2\/tags?post=337"},{"taxonomy":"page_type","embeddable":true,"href":"https:\/\/www.neoss.com\/sv\/wp-json\/wp\/v2\/page_type?post=337"}],"curies":[{"name":"wp","href":"https:\/\/api.w.org\/{rel}","templated":true}]}}