{"id":7117,"date":"2025-04-16T10:14:35","date_gmt":"2025-04-16T02:14:35","guid":{"rendered":"https:\/\/www.neoss.com\/sv\/?page_id=7117"},"modified":"2026-03-02T12:01:08","modified_gmt":"2026-03-02T11:01:08","slug":"generell-information","status":"publish","type":"page","link":"https:\/\/www.neoss.com\/sv\/generell-information\/","title":{"rendered":"Generell Information"},"content":{"rendered":"\t\t<div data-elementor-type=\"wp-page\" data-elementor-id=\"7117\" class=\"elementor elementor-7117\" data-elementor-post-type=\"page\">\n\t\t\t\t<div class=\"elementor-element elementor-element-e6073ff e-con-full e-flex e-con e-parent\" data-id=\"e6073ff\" data-element_type=\"container\">\n\t\t\t\t<div class=\"elementor-element elementor-element-2dc7d6c elementor-widget elementor-widget-heading\" data-id=\"2dc7d6c\" data-element_type=\"widget\" data-widget_type=\"heading.default\">\n\t\t\t\t<div class=\"elementor-widget-container\">\n\t\t\t<style>\/*! elementor - v3.23.0 - 05-08-2024 *\/\n.elementor-heading-title{padding:0;margin:0;line-height:1}.elementor-widget-heading .elementor-heading-title[class*=elementor-size-]>a{color:inherit;font-size:inherit;line-height:inherit}.elementor-widget-heading .elementor-heading-title.elementor-size-small{font-size:15px}.elementor-widget-heading .elementor-heading-title.elementor-size-medium{font-size:19px}.elementor-widget-heading .elementor-heading-title.elementor-size-large{font-size:29px}.elementor-widget-heading .elementor-heading-title.elementor-size-xl{font-size:39px}.elementor-widget-heading .elementor-heading-title.elementor-size-xxl{font-size:59px}<\/style><h1 class=\"elementor-heading-title elementor-size-default\">Generell information<\/h1>\t\t<\/div>\n\t\t\t\t<\/div>\n\t\t\t\t<div class=\"elementor-element elementor-element-df73efb elementor-widget elementor-widget-text-editor\" data-id=\"df73efb\" data-element_type=\"widget\" data-widget_type=\"text-editor.default\">\n\t\t\t\t<div class=\"elementor-widget-container\">\n\t\t\t<style>\/*! elementor - v3.23.0 - 05-08-2024 *\/\n.elementor-widget-text-editor.elementor-drop-cap-view-stacked .elementor-drop-cap{background-color:#69727d;color:#fff}.elementor-widget-text-editor.elementor-drop-cap-view-framed .elementor-drop-cap{color:#69727d;border:3px solid;background-color:transparent}.elementor-widget-text-editor:not(.elementor-drop-cap-view-default) .elementor-drop-cap{margin-top:8px}.elementor-widget-text-editor:not(.elementor-drop-cap-view-default) .elementor-drop-cap-letter{width:1em;height:1em}.elementor-widget-text-editor .elementor-drop-cap{float:left;text-align:center;line-height:1;font-size:50px}.elementor-widget-text-editor .elementor-drop-cap-letter{display:inline-block}<\/style><div class=\"aa-text__body checkmark-list\">\t\t\t\t<div class=\"aa-text__body  checkmark-list\">\n\t\t\t\t\t\n\t\t\t\t\t\t<p><a href=\"#Neoss-Norden\" rel=\"noopener\">\u2192 Neoss Norden AB<\/a><br><a href=\"#oppettider\" rel=\"noopener\">\u2192 \u00d6ppetider<\/a><br><a href=\"#store\" rel=\"noopener\">\u2192 Online Store<\/a><br><a href=\"#delivery\" rel=\"noopener\">\u2192 Best\u00e4llning &amp; Leverans<\/a><br><a href=\"#returer\" rel=\"noopener\">\u2192 Hantering av returer<\/a><br><a href=\"#Utbyte\" rel=\"noopener\">\u2192 Utbyte av produkter<\/a><br><a href=\"#Rente\" rel=\"noopener\">\u2192 Dr\u00f6jsm\u00e5lsr\u00e4nta<\/a><br><a href=\"#Garantier\" rel=\"noopener\">\u2192 Garantier<\/a><br><a href=\"#Personal\" rel=\"noopener\">\u2192 V\u00e5r Personal&nbsp;<\/a><\/p>\n\t\t\t\t\t\n\t\t\t\t<\/div>\t\t\t\t<\/div>\t\t<\/div>\n\t\t\t\t<\/div>\n\t\t\t\t<div class=\"elementor-element elementor-element-2666fac elementor-widget-laptop__width-initial elementor-widget elementor-widget-text-editor\" data-id=\"2666fac\" data-element_type=\"widget\" data-widget_type=\"text-editor.default\">\n\t\t\t\t<div class=\"elementor-widget-container\">\n\t\t\t<div class=\"aa-text__body checkmark-list\">\t\t\t\t<div class=\"aa-text__body checkmark-list\"><h3>\u00a0<\/h3><h3>Neoss Norden AB<\/h3><ul><li>IBAN f\u00f6r betalningar i SEK: SE48 6000 0000 0004 2652 2451.<\/li><li>IBAN f\u00f6r betalningar i DKK: SE21 6000 0000 0000 5449 8449.<\/li><li>Organisationsnummer 559381-2703.<\/li><li>De tv\u00e5 f\u00f6rsta siffrorna i ditt kundnummer \u00e4ndras fr\u00e5n 44 till 46 ist\u00e4llet, tex 4400101 blir nu 4600101<\/li><\/ul><h3>\u00d6ppettider<\/h3><p>V\u00e5r kundservice har \u00f6ppet helgfria vardagar<br \/>fr\u00e5n<strong> kl. 08.00-16.30, <\/strong>lunchst\u00e4ngt <strong>kl.<\/strong> <strong>12.00-13.00<\/strong>.<\/p><p>Du \u00e4r alltid v\u00e4lkommen att kontakta oss p\u00e5 031-88 12 80 och om vi inte svarar kan du l\u00e4mna meddelande p\u00e5 v\u00e5r telefonsvarare eller skicka ett mail till <a href=\"mailto:info@neoss.se\" rel=\"noopener\">info@neoss.se<\/a> \/ <a href=\"mailto:sales.se@neoss.com\" rel=\"noopener\">sales.se@neoss.com<\/a> s\u00e5 \u00e5terkommer vi s\u00e5 fort vi kan till dig.<\/p><h3>Online Store<\/h3><p>V\u00e5r Online Store \u00e4r tillg\u00e4nglig 24\/7. Om du inte redan har ett konto s\u00e5 skaffar du det enkelt genom att ans\u00f6ka om ett konto\u00a0 <a href=\"https:\/\/shop-se.neoss.com\/account\/login?return_url=%2Faccount\" rel=\"noopener\">\u2192 h\u00e4r.<\/a><\/p><p><strong>H\u00e4r kan du<\/strong><\/p><ul><li>alltid l\u00e4gga order 24\/7<\/li><li>se orderhistorik<\/li><li>se vad produkterna kostar<\/li><li>f\u00e5 fraktfri leverans p\u00e5 ordrar \u00f6ver 2 500 SEK<\/li><\/ul><h3>Best\u00e4llning &amp; Leverans<span style=\"font-size: 10px;\"><br \/><\/span><\/h3><p>Alla f\u00f6rs\u00e4ndelser skickas via UPS.\u00a0V\u00e5ra fraktalternativ och priser:<\/p><p><strong>Offline<br \/><\/strong>Expressleverans, 1 dag &#8211; 249 SEK<br \/>2-3 dagars leverans &#8211; 199 SEK<br \/>Pappersfaktura &#8211; 49 SEK<\/p><p><strong>Online<br \/><\/strong>Expressleverans, 1 dag &#8211; 199 SEK<br \/>2-3 dagars leverans &#8211; 99 SEK<br \/>Order \u00f6ver 2 500 SEK &#8211; 0 SEK (g\u00e4ller 2-3 dagars leverans)<\/p><p>Leverans utf\u00f6rs till d\u00f6rr under dagen, dock senast klockan 18.00.<br \/>Det \u00e4r viktigt att det finns n\u00e5gon som kan ta emot paketet p\u00e5 leveransadressen n\u00e4r UPS kommer.<br \/>F\u00f6r att leveranstiden skall kunna till\u00e4mpas beh\u00f6ver ni som kund best\u00e4lla era varor hos kundservice, Neoss Norden AB, senast klockan 15.00 best\u00e4llningsdagen.<\/p><p>Leveransen till vissa orter tar l\u00e4ngre tid. Vid fr\u00e5gor om leveranstid till din ort var v\u00e4nlig och kontakta v\u00e5r kundservice p\u00e5 tel. 031-88 12 80.<\/p><h3>Hantering av returer<\/h3><p>Neoss erbjuder sina kunder \u00f6ppet k\u00f6p inom 30 dagar fr\u00e5n det att du mottagit dina produkter. Om du \u00f6nskar g\u00f6ra en retur inom 30 dagar \u00e4r viktigt att produkten ligger i oskadad och obruten originalf\u00f6rpackning. Biomaterial kan inte returneras och\/eller bytas.<\/p><p>Innan retur vill vi att du h\u00f6r av dig till oss p\u00e5 kundservice, (031-88 12 80) eller via v\u00e5ra regionansvariga. Kontaktuppgifter hittar du nedan.<\/p><p>\u2022 \u00a0 \u00a0Vid \u00f6ppet k\u00f6p, returnera produkterna inom 30 dagar.<br \/>\u2022 \u00a0 \u00a0Se till att f\u00f6rpackningen \u00e4r oskadad och obruten.<br \/>\u2022 \u00a0 \u00a0Paketera produkterna s\u00e5 att de ej kommer till skada i hanteringen vid retur.<br \/>\u2022 \u00a0 \u00a0Kontakta v\u00e5r Kundservice innan retur; info@neoss.se Telefon: 031-88 12 80<br \/>\u2022 \u00a0 \u00a0Skicka till f\u00f6ljande adress:<br \/>Neoss Norden AB<br \/>Arvid Wallgrens backe 20<br \/>413 46 G\u00f6teborg<\/p><h3><strong><br \/><\/strong>Utbyte av produkter<\/h3><p>Utbyte av produkter (om ni vill byta storlek eller l\u00e4ngd) ska ske inom 365 dagar fr\u00e5n fakturadatum, enbart obrutna f\u00f6rpackningar. Produkter \u00e4ldre \u00e4n 1 \u00e5r hanteras ej, utan returneras till kliniken.<br \/>Byte av returer sker kostnadsfritt, enbart frakt tillkommer.<br \/>Biomaterial kan inte returneras och\/eller bytas.<\/p><h3>Dr\u00f6jsm\u00e5lsr\u00e4nta<\/h3><p>Fr\u00e5n f\u00f6rfallodagen debiteras dr\u00f6jsm\u00e5lsr\u00e4nta med 12%.<\/p><h3>Garantier p\u00e5 Neoss produkter<\/h3><p>Du kan l\u00e4sa om v\u00e5rt garantiprogram <a href=\"https:\/\/www.neoss.com\/sv\/reklamation\/\" rel=\"noopener\">\u2192h\u00e4r.<\/a><\/p><h3>V\u00e5r personal<\/h3><p>Vi finns h\u00e4r f\u00f6r att ge dig den service och support du beh\u00f6ver. Vi vill g\u00e4rna prata med er s\u00e5 sl\u00e5 oss en signal!<\/p><div style=\"overflow-x: auto; max-width: 100%; width: 100%; margin-left: auto; margin-right: auto;\" data-hs-responsive-table=\"true\"><table style=\"width: 100%; border-collapse: collapse; table-layout: fixed; border: 1px solid #99acc2; height: 764.861px;\"><tbody><tr style=\"height: 89.0972px;\"><td style=\"width: 19.4765%; padding: 4px; height: 89px;\"><strong>Region V\u00e4st<\/strong><\/td><td style=\"width: 21.4781%; padding: 4px; height: 89px;\">Ingela \u00c5hman<\/td><td style=\"width: 34.0262%; padding: 4px; height: 89px;\"><a href=\"mailto:ingela.ahman@neoss.com\" rel=\"noopener\">ingela.ahman@neoss.com<\/a><\/td><td style=\"width: 25.0192%; padding: 4px; height: 89px;\">070-229 70 98<\/td><\/tr><tr><td style=\"width: 19.4765%; padding: 4px; height: 87px;\"><strong>Region V\u00e4st<\/strong><\/td><td style=\"width: 21.4781%; padding: 4px; height: 87px;\">Parichereh Samsami<\/td><td style=\"width: 34.0262%; padding: 4px; height: 87px;\"><a href=\"mailto:parichereh.samsami@neoss.com\" rel=\"noopener\">parichereh.samsami@neoss.com<\/a><\/td><td style=\"width: 25.0192%; padding: 4px; height: 87px;\">072-222 19 45<\/td><\/tr><tr style=\"height: 80.4514px;\"><td style=\"width: 19.4765%; padding: 4px; height: 80px;\"><strong>Region Syd<\/strong><\/td><td style=\"width: 21.4781%; padding: 4px; height: 80px;\">Lotty Kjellqvist<\/td><td style=\"width: 34.0262%; padding: 4px; height: 80px;\"><a href=\"mailto:lotty.kjellqvist@neoss.com\" rel=\"noopener\">lotty.kjellqvist@neoss.com<\/a><\/td><td style=\"width: 25.0192%; padding: 4px; height: 80px;\">070-204 26 51<\/td><\/tr><tr style=\"height: 87.066px;\"><td style=\"width: 19.4765%; padding: 4px; height: 87px;\"><strong>Region Mitt<\/strong><\/td><td style=\"width: 21.4781%; padding: 4px; height: 87px;\">Rebecka Hakami<\/td><td style=\"width: 34.0262%; padding: 4px; height: 87px;\"><a href=\"mailto:rebecka.hakami@neoss.com\">rebecka.hakami@neoss.com<\/a><\/td><td style=\"width: 25.0192%; padding-top: 4px; padding-right: 4px; padding-bottom: 4px; height: 87px;\">070-337 10 10<\/td><\/tr><tr style=\"height: 87.066px;\"><td style=\"width: 19.4765%; padding: 4px; height: 87px;\"><strong>Kundservice<\/strong><\/td><td style=\"width: 21.4781%; padding: 4px; height: 87px;\">Seedar Ibrahim<\/td><td style=\"width: 34.0262%; padding-top: 4px; padding-right: 4px; padding-bottom: 4px; height: 87px;\"><a href=\"mailto:info@neoss.se\u00a0\" rel=\"noopener\">info@neoss.se\u00a0<\/a><\/td><td style=\"width: 25.0192%; padding-top: 4px; padding-right: 4px; padding-bottom: 4px; height: 87px;\">031-88 12 80<\/td><\/tr><tr><td style=\"width: 19.4765%; padding: 4px; height: 87px;\"><strong>Kundservice<\/strong><\/td><td style=\"width: 21.4781%; padding: 4px; height: 87px;\">Hanna Reckebo<\/td><td style=\"width: 34.0262%; padding: 4px; height: 87px;\"><a href=\"mailto:info@neoss.se\u00a0\" rel=\"noopener\">info@neoss.se\u00a0<\/a><\/td><td style=\"width: 25.0192%; padding: 4px; height: 87px;\">031-88 12 80<\/td><\/tr><tr style=\"height: 87.066px;\"><td style=\"width: 19.4765%; padding: 4px; height: 87px;\"><strong>Ekonomi<\/strong><\/td><td style=\"width: 21.4781%; padding: 4px; height: 87px;\">Maria Callerfjord<\/td><td style=\"width: 34.0262%; padding: 4px; height: 87px;\"><a href=\"mailto:maria.callerfjord@neoss.com\" rel=\"noopener\">maria.callerfjord@neoss.com<\/a><\/td><td style=\"width: 25.0192%; padding: 4px; height: 87px;\">031-88 12 80<\/td><\/tr><tr style=\"height: 87.066px;\"><td style=\"width: 19.4765%; padding: 4px; height: 87px;\"><strong>Ekonomi<\/strong><\/td><td style=\"width: 21.4781%; padding: 4px; height: 87px;\">Thea L\u00f6fborg<\/td><td style=\"width: 34.0262%; padding: 4px; height: 87px;\"><a href=\"mailto:thea.lofborg@neoss.com\" rel=\"noopener\">thea.lofborg@neoss.com<\/a><\/td><td style=\"width: 25.0192%; padding: 4px; height: 87px;\">031-88 12 80<\/td><\/tr><tr style=\"height: 87.066px;\"><td style=\"width: 19.4765%; padding: 4px; height: 87px;\"><strong>VD<\/strong><\/td><td style=\"width: 21.4781%; padding: 4px; height: 87px;\">Albin Wahlstrand<\/td><td style=\"width: 34.0262%; padding: 4px; height: 87px;\">\u00a0<\/td><td style=\"width: 25.0192%; padding: 4px; height: 87px;\">\u00a0<\/td><\/tr><tr><td style=\"width: 19.4765%; padding: 4px; height: 87px;\"><strong>Marknad<\/strong><\/td><td style=\"width: 21.4781%; padding: 4px; height: 87px;\">Christine Soome<\/td><td style=\"width: 34.0262%; padding: 4px; height: 87px;\">\u00a0<a href=\"mailto:christine.soome@neoss.com\">christine.soome@neoss.com<\/a><\/td><td style=\"width: 25.0192%; padding: 4px; height: 87px;\">072-189 93 76<\/td><\/tr><\/tbody><\/table><\/div><\/div>\t\t\t\t<\/div>\t\t<\/div>\n\t\t\t\t<\/div>\n\t\t\t\t<\/div>\n\t\t\t\t<\/div>\n\t\t","protected":false},"excerpt":{"rendered":"<p>Generell information \u2192 Neoss Norden AB\u2192 \u00d6ppetider\u2192 Online Store\u2192 Best\u00e4llning &amp; Leverans\u2192 Hantering av returer\u2192 Utbyte av produkter\u2192 Dr\u00f6jsm\u00e5lsr\u00e4nta\u2192 Garantier\u2192 V\u00e5r Personal&nbsp; \u00a0 Neoss Norden AB IBAN f\u00f6r betalningar i SEK: SE48 6000 0000 0004 2652 2451. IBAN f\u00f6r betalningar i DKK: SE21 6000 0000 0000 5449 8449. Organisationsnummer 559381-2703. De tv\u00e5 f\u00f6rsta siffrorna i [&hellip;]<\/p>\n","protected":false},"author":4,"featured_media":0,"parent":0,"menu_order":0,"comment_status":"closed","ping_status":"closed","template":"","meta":{"_acf_changed":false,"content-type":"","_relevanssi_hide_post":"","_relevanssi_hide_content":"","_relevanssi_pin_for_all":"","_relevanssi_pin_keywords":"","_relevanssi_unpin_keywords":"","_relevanssi_related_keywords":"","_relevanssi_related_include_ids":"","_relevanssi_related_exclude_ids":"","_relevanssi_related_no_append":"","_relevanssi_related_not_related":"","_relevanssi_related_posts":"","_relevanssi_noindex_reason":"","footnotes":""},"categories":[41],"tags":[],"page_type":[],"class_list":["post-7117","page","type-page","status-publish","hentry","category-normal"],"acf":[],"yoast_head":"<!-- This site is optimized with the Yoast SEO Premium plugin v24.8 (Yoast SEO v24.8.1) - https:\/\/yoast.com\/wordpress\/plugins\/seo\/ -->\n<title>Generell Information<\/title>\n<meta name=\"robots\" content=\"index, follow, max-snippet:-1, max-image-preview:large, max-video-preview:-1\" \/>\n<link rel=\"canonical\" href=\"https:\/\/www.neoss.com\/sv\/generell-information\/\" \/>\n<meta property=\"og:locale\" content=\"sv_SE\" \/>\n<meta property=\"og:type\" content=\"article\" \/>\n<meta property=\"og:title\" content=\"Generell Information\" \/>\n<meta property=\"og:description\" content=\"Generell information \u2192 Neoss Norden AB\u2192 \u00d6ppetider\u2192 Online Store\u2192 Best\u00e4llning &amp; Leverans\u2192 Hantering av returer\u2192 Utbyte av produkter\u2192 Dr\u00f6jsm\u00e5lsr\u00e4nta\u2192 Garantier\u2192 V\u00e5r Personal&nbsp; \u00a0 Neoss Norden AB IBAN f\u00f6r betalningar i SEK: SE48 6000 0000 0004 2652 2451. IBAN f\u00f6r betalningar i DKK: SE21 6000 0000 0000 5449 8449. Organisationsnummer 559381-2703. De tv\u00e5 f\u00f6rsta siffrorna i [&hellip;]\" \/>\n<meta property=\"og:url\" content=\"https:\/\/www.neoss.com\/sv\/generell-information\/\" \/>\n<meta property=\"og:site_name\" content=\"Sverige\" \/>\n<meta property=\"article:publisher\" content=\"https:\/\/www.facebook.com\/NeossGroup\" \/>\n<meta property=\"article:modified_time\" content=\"2026-03-02T11:01:08+00:00\" \/>\n<meta name=\"twitter:card\" content=\"summary_large_image\" \/>\n<meta name=\"twitter:label1\" content=\"Est. reading time\" \/>\n\t<meta name=\"twitter:data1\" content=\"3 minutes\" \/>\n<script type=\"application\/ld+json\" class=\"yoast-schema-graph\">{\"@context\":\"https:\/\/schema.org\",\"@graph\":[{\"@type\":\"WebPage\",\"@id\":\"https:\/\/www.neoss.com\/sv\/generell-information\/\",\"url\":\"https:\/\/www.neoss.com\/sv\/generell-information\/\",\"name\":\"Generell Information\",\"isPartOf\":{\"@id\":\"https:\/\/www.neoss.com\/sv\/#website\"},\"datePublished\":\"2025-04-16T02:14:35+00:00\",\"dateModified\":\"2026-03-02T11:01:08+00:00\",\"breadcrumb\":{\"@id\":\"https:\/\/www.neoss.com\/sv\/generell-information\/#breadcrumb\"},\"inLanguage\":\"sv-SE\",\"potentialAction\":[{\"@type\":\"ReadAction\",\"target\":[\"https:\/\/www.neoss.com\/sv\/generell-information\/\"]}]},{\"@type\":\"BreadcrumbList\",\"@id\":\"https:\/\/www.neoss.com\/sv\/generell-information\/#breadcrumb\",\"itemListElement\":[{\"@type\":\"ListItem\",\"position\":1,\"name\":\"Home\",\"item\":\"https:\/\/www.neoss.com\/sv\/\"},{\"@type\":\"ListItem\",\"position\":2,\"name\":\"Generell Information\"}]},{\"@type\":\"WebSite\",\"@id\":\"https:\/\/www.neoss.com\/sv\/#website\",\"url\":\"https:\/\/www.neoss.com\/sv\/\",\"name\":\"Neoss - Intelligent Simplicity\",\"description\":\"\",\"publisher\":{\"@id\":\"https:\/\/www.neoss.com\/sv\/#organization\"},\"potentialAction\":[{\"@type\":\"SearchAction\",\"target\":{\"@type\":\"EntryPoint\",\"urlTemplate\":\"https:\/\/www.neoss.com\/sv\/?s={search_term_string}\"},\"query-input\":{\"@type\":\"PropertyValueSpecification\",\"valueRequired\":true,\"valueName\":\"search_term_string\"}}],\"inLanguage\":\"sv-SE\"},{\"@type\":\"Organization\",\"@id\":\"https:\/\/www.neoss.com\/sv\/#organization\",\"name\":\"neoss\",\"url\":\"https:\/\/www.neoss.com\/sv\/\",\"logo\":{\"@type\":\"ImageObject\",\"inLanguage\":\"sv-SE\",\"@id\":\"https:\/\/www.neoss.com\/sv\/#\/schema\/logo\/image\/\",\"url\":\"https:\/\/blob.neoss.com\/logo\/neoss-logo1-1.svg\",\"contentUrl\":\"https:\/\/blob.neoss.com\/logo\/neoss-logo1-1.svg\",\"width\":96,\"height\":31,\"caption\":\"neoss\"},\"image\":{\"@id\":\"https:\/\/www.neoss.com\/sv\/#\/schema\/logo\/image\/\"},\"sameAs\":[\"https:\/\/www.facebook.com\/NeossGroup\"]}]}<\/script>\n<!-- \/ Yoast SEO Premium plugin. -->","yoast_head_json":{"title":"Generell Information","robots":{"index":"index","follow":"follow","max-snippet":"max-snippet:-1","max-image-preview":"max-image-preview:large","max-video-preview":"max-video-preview:-1"},"canonical":"https:\/\/www.neoss.com\/sv\/generell-information\/","og_locale":"sv_SE","og_type":"article","og_title":"Generell Information","og_description":"Generell information \u2192 Neoss Norden AB\u2192 \u00d6ppetider\u2192 Online Store\u2192 Best\u00e4llning &amp; Leverans\u2192 Hantering av returer\u2192 Utbyte av produkter\u2192 Dr\u00f6jsm\u00e5lsr\u00e4nta\u2192 Garantier\u2192 V\u00e5r Personal&nbsp; \u00a0 Neoss Norden AB IBAN f\u00f6r betalningar i SEK: SE48 6000 0000 0004 2652 2451. IBAN f\u00f6r betalningar i DKK: SE21 6000 0000 0000 5449 8449. Organisationsnummer 559381-2703. De tv\u00e5 f\u00f6rsta siffrorna i [&hellip;]","og_url":"https:\/\/www.neoss.com\/sv\/generell-information\/","og_site_name":"Sverige","article_publisher":"https:\/\/www.facebook.com\/NeossGroup","article_modified_time":"2026-03-02T11:01:08+00:00","twitter_card":"summary_large_image","twitter_misc":{"Est. reading time":"3 minutes"},"schema":{"@context":"https:\/\/schema.org","@graph":[{"@type":"WebPage","@id":"https:\/\/www.neoss.com\/sv\/generell-information\/","url":"https:\/\/www.neoss.com\/sv\/generell-information\/","name":"Generell Information","isPartOf":{"@id":"https:\/\/www.neoss.com\/sv\/#website"},"datePublished":"2025-04-16T02:14:35+00:00","dateModified":"2026-03-02T11:01:08+00:00","breadcrumb":{"@id":"https:\/\/www.neoss.com\/sv\/generell-information\/#breadcrumb"},"inLanguage":"sv-SE","potentialAction":[{"@type":"ReadAction","target":["https:\/\/www.neoss.com\/sv\/generell-information\/"]}]},{"@type":"BreadcrumbList","@id":"https:\/\/www.neoss.com\/sv\/generell-information\/#breadcrumb","itemListElement":[{"@type":"ListItem","position":1,"name":"Home","item":"https:\/\/www.neoss.com\/sv\/"},{"@type":"ListItem","position":2,"name":"Generell Information"}]},{"@type":"WebSite","@id":"https:\/\/www.neoss.com\/sv\/#website","url":"https:\/\/www.neoss.com\/sv\/","name":"Neoss - Intelligent Simplicity","description":"","publisher":{"@id":"https:\/\/www.neoss.com\/sv\/#organization"},"potentialAction":[{"@type":"SearchAction","target":{"@type":"EntryPoint","urlTemplate":"https:\/\/www.neoss.com\/sv\/?s={search_term_string}"},"query-input":{"@type":"PropertyValueSpecification","valueRequired":true,"valueName":"search_term_string"}}],"inLanguage":"sv-SE"},{"@type":"Organization","@id":"https:\/\/www.neoss.com\/sv\/#organization","name":"neoss","url":"https:\/\/www.neoss.com\/sv\/","logo":{"@type":"ImageObject","inLanguage":"sv-SE","@id":"https:\/\/www.neoss.com\/sv\/#\/schema\/logo\/image\/","url":"https:\/\/blob.neoss.com\/logo\/neoss-logo1-1.svg","contentUrl":"https:\/\/blob.neoss.com\/logo\/neoss-logo1-1.svg","width":96,"height":31,"caption":"neoss"},"image":{"@id":"https:\/\/www.neoss.com\/sv\/#\/schema\/logo\/image\/"},"sameAs":["https:\/\/www.facebook.com\/NeossGroup"]}]}},"_links":{"self":[{"href":"https:\/\/www.neoss.com\/sv\/wp-json\/wp\/v2\/pages\/7117","targetHints":{"allow":["GET"]}}],"collection":[{"href":"https:\/\/www.neoss.com\/sv\/wp-json\/wp\/v2\/pages"}],"about":[{"href":"https:\/\/www.neoss.com\/sv\/wp-json\/wp\/v2\/types\/page"}],"author":[{"embeddable":true,"href":"https:\/\/www.neoss.com\/sv\/wp-json\/wp\/v2\/users\/4"}],"replies":[{"embeddable":true,"href":"https:\/\/www.neoss.com\/sv\/wp-json\/wp\/v2\/comments?post=7117"}],"version-history":[{"count":11,"href":"https:\/\/www.neoss.com\/sv\/wp-json\/wp\/v2\/pages\/7117\/revisions"}],"predecessor-version":[{"id":9032,"href":"https:\/\/www.neoss.com\/sv\/wp-json\/wp\/v2\/pages\/7117\/revisions\/9032"}],"wp:attachment":[{"href":"https:\/\/www.neoss.com\/sv\/wp-json\/wp\/v2\/media?parent=7117"}],"wp:term":[{"taxonomy":"category","embeddable":true,"href":"https:\/\/www.neoss.com\/sv\/wp-json\/wp\/v2\/categories?post=7117"},{"taxonomy":"post_tag","embeddable":true,"href":"https:\/\/www.neoss.com\/sv\/wp-json\/wp\/v2\/tags?post=7117"},{"taxonomy":"page_type","embeddable":true,"href":"https:\/\/www.neoss.com\/sv\/wp-json\/wp\/v2\/page_type?post=7117"}],"curies":[{"name":"wp","href":"https:\/\/api.w.org\/{rel}","templated":true}]}}