{"id":758,"date":"2025-01-16T15:03:47","date_gmt":"2025-01-16T07:03:47","guid":{"rendered":"https:\/\/www.neoss.com\/sv\/?page_id=758"},"modified":"2025-06-11T15:25:26","modified_gmt":"2025-06-11T07:25:26","slug":"neoss-proactive-wide","status":"publish","type":"page","link":"https:\/\/www.neoss.com\/sv\/neoss-proactive-wide\/","title":{"rendered":"Neoss ProActive Wide"},"content":{"rendered":"\t\t<div data-elementor-type=\"wp-page\" data-elementor-id=\"758\" class=\"elementor elementor-758\" data-elementor-post-type=\"page\">\n\t\t\t\t<div class=\"elementor-element elementor-element-02a63bd p-bread e-flex e-con-boxed e-con e-parent\" data-id=\"02a63bd\" data-element_type=\"container\">\n\t\t\t\t\t<div class=\"e-con-inner\">\n\t\t\t\t<div class=\"elementor-element elementor-element-4245809 elementor-icon-list--layout-inline bread elementor-list-item-link-full_width elementor-widget elementor-widget-icon-list\" data-id=\"4245809\" data-element_type=\"widget\" data-widget_type=\"icon-list.default\">\n\t\t\t\t<div class=\"elementor-widget-container\">\n\t\t\t<link rel=\"stylesheet\" href=\"https:\/\/www.neoss.com\/sv\/wp-content\/uploads\/sites\/8\/elementor\/css\/custom-widget-icon-list.min.css?ver=1753261257\">\t\t<ul class=\"elementor-icon-list-items elementor-inline-items\">\n\t\t\t\t\t\t\t<li class=\"elementor-icon-list-item elementor-inline-item\">\n\t\t\t\t\t\t\t\t\t\t\t<a href=\"\/\">\n\n\t\t\t\t\t\t\t\t\t\t\t<span class=\"elementor-icon-list-text\">Home<\/span>\n\t\t\t\t\t\t\t\t\t\t\t<\/a>\n\t\t\t\t\t\t\t\t\t<\/li>\n\t\t\t\t\t\t\t\t<li class=\"elementor-icon-list-item elementor-inline-item\">\n\t\t\t\t\t\t\t\t\t\t\t<a href=\"https:\/\/www.neoss.com\/sv\/neoss-proactive-wide\/\">\n\n\t\t\t\t\t\t\t\t\t\t\t<span class=\"elementor-icon-list-text\">Wide<\/span>\n\t\t\t\t\t\t\t\t\t\t\t<\/a>\n\t\t\t\t\t\t\t\t\t<\/li>\n\t\t\t\t\t\t\t\t<li class=\"elementor-icon-list-item elementor-inline-item\">\n\t\t\t\t\t\t\t\t\t\t<span class=\"elementor-icon-list-text\">Info<\/span>\n\t\t\t\t\t\t\t\t\t<\/li>\n\t\t\t\t\t\t<\/ul>\n\t\t\t\t<\/div>\n\t\t\t\t<\/div>\n\t\t\t\t\t<\/div>\n\t\t\t\t<\/div>\n\t\t<div class=\"elementor-element elementor-element-3d41f6c e-flex e-con-boxed e-con e-parent\" data-id=\"3d41f6c\" data-element_type=\"container\">\n\t\t\t\t\t<div class=\"e-con-inner\">\n\t\t<div class=\"elementor-element elementor-element-6d763e4 e-con-full e-flex e-con e-child\" data-id=\"6d763e4\" data-element_type=\"container\">\n\t\t\t\t<div class=\"elementor-element elementor-element-dff21b1 elementor-widget elementor-widget-image\" data-id=\"dff21b1\" data-element_type=\"widget\" data-widget_type=\"image.default\">\n\t\t\t\t<div class=\"elementor-widget-container\">\n\t\t\t<style>\/*! elementor - v3.23.0 - 05-08-2024 *\/\n.elementor-widget-image{text-align:center}.elementor-widget-image a{display:inline-block}.elementor-widget-image a img[src$=\".svg\"]{width:48px}.elementor-widget-image img{vertical-align:middle;display:inline-block}<\/style>\t\t\t\t\t\t\t\t\t\t<img decoding=\"async\" src=\"https:\/\/neoss-web.azureedge.net\/global\/Images\/Product%20Images\/Implants\/Wide\/Wide%201375x970.jpg\" title=\"\" alt=\"\" loading=\"lazy\" \/>\t\t\t\t\t\t\t\t\t\t\t\t\t<\/div>\n\t\t\t\t<\/div>\n\t\t\t\t<\/div>\n\t\t<div class=\"elementor-element elementor-element-7a08559 e-con-full e-flex e-con e-child\" data-id=\"7a08559\" data-element_type=\"container\">\n\t\t\t\t<div class=\"elementor-element elementor-element-781e1fb elementor-widget elementor-widget-heading\" data-id=\"781e1fb\" data-element_type=\"widget\" data-widget_type=\"heading.default\">\n\t\t\t\t<div class=\"elementor-widget-container\">\n\t\t\t<style>\/*! elementor - v3.23.0 - 05-08-2024 *\/\n.elementor-heading-title{padding:0;margin:0;line-height:1}.elementor-widget-heading .elementor-heading-title[class*=elementor-size-]>a{color:inherit;font-size:inherit;line-height:inherit}.elementor-widget-heading .elementor-heading-title.elementor-size-small{font-size:15px}.elementor-widget-heading .elementor-heading-title.elementor-size-medium{font-size:19px}.elementor-widget-heading .elementor-heading-title.elementor-size-large{font-size:29px}.elementor-widget-heading .elementor-heading-title.elementor-size-xl{font-size:39px}.elementor-widget-heading .elementor-heading-title.elementor-size-xxl{font-size:59px}<\/style><h1 class=\"elementor-heading-title elementor-size-default\">Neoss ProActive\u00ae Wide\n<\/h1>\t\t<\/div>\n\t\t\t\t<\/div>\n\t\t\t\t<div class=\"elementor-element elementor-element-33a78c8 elementor-widget elementor-widget-heading\" data-id=\"33a78c8\" data-element_type=\"widget\" data-widget_type=\"heading.default\">\n\t\t\t\t<div class=\"elementor-widget-container\">\n\t\t\t<span class=\"elementor-heading-title elementor-size-default\">hj\u00e4lpar dig med sv\u00e5ra fall\n<\/span>\t\t<\/div>\n\t\t\t\t<\/div>\n\t\t\t\t<div class=\"elementor-element elementor-element-a99ded5 elementor-widget elementor-widget-text-editor\" data-id=\"a99ded5\" data-element_type=\"widget\" data-widget_type=\"text-editor.default\">\n\t\t\t\t<div class=\"elementor-widget-container\">\n\t\t\t<style>\/*! elementor - v3.23.0 - 05-08-2024 *\/\n.elementor-widget-text-editor.elementor-drop-cap-view-stacked .elementor-drop-cap{background-color:#69727d;color:#fff}.elementor-widget-text-editor.elementor-drop-cap-view-framed .elementor-drop-cap{color:#69727d;border:3px solid;background-color:transparent}.elementor-widget-text-editor:not(.elementor-drop-cap-view-default) .elementor-drop-cap{margin-top:8px}.elementor-widget-text-editor:not(.elementor-drop-cap-view-default) .elementor-drop-cap-letter{width:1em;height:1em}.elementor-widget-text-editor .elementor-drop-cap{float:left;text-align:center;line-height:1;font-size:50px}.elementor-widget-text-editor .elementor-drop-cap-letter{display:inline-block}<\/style><div class=\"aa-text__body checkmark-list\">\t\t\t\t<p>De breda implantat kan ge ytterligare m\u00f6jligheter i utmanande fall, s\u00e5som extraktionsst\u00e4llen, sinusgolvh\u00f6jder och mjukt ben, j\u00e4mf\u00f6rt med smala implantat. De kan ocks\u00e5 fungera som r\u00e4ddningsimplantat n\u00e4r initial stabilitet inte uppn\u00e5s med ett smalare implantat.<\/p>\t\t\t\t<\/div>\t\t<\/div>\n\t\t\t\t<\/div>\n\t\t<div class=\"elementor-element elementor-element-36f743c e-con-full e-flex e-con e-child\" data-id=\"36f743c\" data-element_type=\"container\">\n\t\t\t\t<\/div>\n\t\t\t\t<\/div>\n\t\t<div class=\"elementor-element elementor-element-b7b3250 e-con-full up-and-down-f-bottom-animation elementor-hidden-mobile e-flex e-con e-child\" data-id=\"b7b3250\" data-element_type=\"container\" data-settings=\"{&quot;position&quot;:&quot;absolute&quot;}\">\n\t\t\t\t<div class=\"elementor-element elementor-element-0d5221a aa-label elementor-widget elementor-widget-heading\" data-id=\"0d5221a\" data-element_type=\"widget\" data-widget_type=\"heading.default\">\n\t\t\t\t<div class=\"elementor-widget-container\">\n\t\t\t<span class=\"elementor-heading-title elementor-size-default\"><a href=\"#Details\">Explore<\/a><\/span>\t\t<\/div>\n\t\t\t\t<\/div>\n\t\t\t\t<div class=\"elementor-element elementor-element-a190c43 elementor-widget elementor-widget-html\" data-id=\"a190c43\" data-element_type=\"widget\" data-widget_type=\"html.default\">\n\t\t\t\t<div class=\"elementor-widget-container\">\n\t\t\t<a href=\"#Details\">\n<svg width=\"10\" height=\"70\" viewBox=\"0 0 10 70\" fill=\"white\" xmlns=\"http:\/\/www.w3.org\/2000\/svg\">\n\t\t\t\t<path fill-rule=\"evenodd\" clip-rule=\"evenodd\" d=\"M0.00259018 65.4635L4.47056 69.9314L5.10234 69.9314L9.57031 65.4635L8.93854 64.8317L5.2328 68.5366L5.2328 3.90604e-08L4.33921 0L4.33921 68.5374L0.634361 64.8308L0.00259018 65.4635Z\" fill=\"white\"><\/path>\n\t\t\t<\/svg><\/a>\t\t<\/div>\n\t\t\t\t<\/div>\n\t\t\t\t<\/div>\n\t\t\t\t\t<\/div>\n\t\t\t\t<\/div>\n\t\t<div class=\"elementor-element elementor-element-a97e0b8 e-flex e-con-boxed e-con e-parent\" data-id=\"a97e0b8\" data-element_type=\"container\">\n\t\t\t\t\t<div class=\"e-con-inner\">\n\t\t\t\t<div class=\"elementor-element elementor-element-e2c6fd7 elementor-widget elementor-widget-heading\" data-id=\"e2c6fd7\" data-element_type=\"widget\" data-widget_type=\"heading.default\">\n\t\t\t\t<div class=\"elementor-widget-container\">\n\t\t\t<h2 class=\"elementor-heading-title elementor-size-default\">\tNeoss ProActive <span>ytan<\/span><\/h2>\t\t<\/div>\n\t\t\t\t<\/div>\n\t\t\t\t<div class=\"elementor-element elementor-element-8028619 elementor-widget elementor-widget-text-editor\" data-id=\"8028619\" data-element_type=\"widget\" data-widget_type=\"text-editor.default\">\n\t\t\t\t<div class=\"elementor-widget-container\">\n\t\t\t<div class=\"aa-text__body checkmark-list\">\t\t\t\t<div class=\"aa-text__body checkmark-list\"><div style=\"text-align: center;\"><p style=\"text-align: left;\">Neoss ProActive-ytan har visat snabbare och starkare osseointegration j\u00e4mf\u00f6rt med en bl\u00e4strad implantatyta i in vivo-studier.<sup>1<\/sup><\/p><p style=\"text-align: left;\">Ytan uppn\u00e5s genom att man uts\u00e4tta det kommersiellt rena titanimplantatet f\u00f6r en flerstegs bl\u00e4string, etsning och superhydrofilicitet behandling, vilket g\u00f6r att implantatet kan uppn\u00e5 en h\u00f6g niv\u00e5 av v\u00e4tbarhet. Som ett resultat har Neoss ProActive Implants en superhydrofil yta.<\/p><p style=\"text-align: left;\">Den gr\u00f6vre ytan p\u00e5 den g\u00e4ngade implantatkroppen stimulerar ben att bildas snabbare och med st\u00f6rre styrka vid implantatytan, vilket m\u00f6jligg\u00f6r tidigare laddningsprotokoll. Neoss ProActive produktionsprocess och f\u00f6rpackning minimerar det redan l\u00e5ga kolinneh\u00e5llet p\u00e5 ytan, vilket maximerar ytenergin.<\/p><\/div><\/div>\t\t\t\t<\/div>\t\t<\/div>\n\t\t\t\t<\/div>\n\t\t\t\t<div class=\"elementor-element elementor-element-92a179e elementor-widget elementor-widget-image\" data-id=\"92a179e\" data-element_type=\"widget\" data-widget_type=\"image.default\">\n\t\t\t\t<div class=\"elementor-widget-container\">\n\t\t\t\t\t\t\t\t\t\t\t\t\t<img decoding=\"async\" src=\"https:\/\/neoss-web.azureedge.net\/global\/Images\/theme-assets\/Group%2053.png?width=1394&#038;name=Group%2053.png\" title=\"\" alt=\"\" loading=\"lazy\" \/>\t\t\t\t\t\t\t\t\t\t\t\t\t<\/div>\n\t\t\t\t<\/div>\n\t\t\t\t\t<\/div>\n\t\t\t\t<\/div>\n\t\t<div class=\"elementor-element elementor-element-3e4f57e e-flex e-con-boxed e-con e-parent\" data-id=\"3e4f57e\" data-element_type=\"container\" data-settings=\"{&quot;background_background&quot;:&quot;gradient&quot;}\">\n\t\t\t\t\t<div class=\"e-con-inner\">\n\t\t\t\t<div class=\"elementor-element elementor-element-576a187 elementor-widget__width-initial elementor-widget elementor-widget-heading\" data-id=\"576a187\" data-element_type=\"widget\" data-widget_type=\"heading.default\">\n\t\t\t\t<div class=\"elementor-widget-container\">\n\t\t\t<h4 class=\"elementor-heading-title elementor-size-default\">Ta del av de senaste nyheterna fr\u00e5n Neoss, live webinarier, nya produkter och mycket mer!\n<\/h4>\t\t<\/div>\n\t\t\t\t<\/div>\n\t\t\t\t<div class=\"elementor-element elementor-element-7860682 white-button elementor-widget elementor-widget-button\" data-id=\"7860682\" data-element_type=\"widget\" data-widget_type=\"button.default\">\n\t\t\t\t<div class=\"elementor-widget-container\">\n\t\t\t\t\t<div class=\"elementor-button-wrapper\">\n\t\t\t<a class=\"elementor-button elementor-button-link elementor-size-sm\" href=\"https:\/\/www.neoss.com\/sv\/nyhetsbrev\/\">\n\t\t\t\t\t\t<span class=\"elementor-button-content-wrapper\">\n\t\t\t\t\t\t\t\t\t<span class=\"elementor-button-text\">Prenumenera<\/span>\n\t\t\t\t\t<\/span>\n\t\t\t\t\t<\/a>\n\t\t<\/div>\n\t\t\t\t<\/div>\n\t\t\t\t<\/div>\n\t\t\t\t\t<\/div>\n\t\t\t\t<\/div>\n\t\t<div class=\"elementor-element elementor-element-3d58353 e-con-full e-flex e-con e-parent\" data-id=\"3d58353\" data-element_type=\"container\">\n\t\t<div class=\"elementor-element elementor-element-a75055c e-flex e-con-boxed e-con e-child\" data-id=\"a75055c\" data-element_type=\"container\">\n\t\t\t\t\t<div class=\"e-con-inner\">\n\t\t\t\t<div class=\"elementor-element elementor-element-f28c0ed elementor-widget elementor-widget-heading\" data-id=\"f28c0ed\" data-element_type=\"widget\" data-widget_type=\"heading.default\">\n\t\t\t\t<div class=\"elementor-widget-container\">\n\t\t\t<span class=\"elementor-heading-title elementor-size-default\">Har du n\u00e5gra fr\u00e5gor om\n<\/span>\t\t<\/div>\n\t\t\t\t<\/div>\n\t\t\t\t<div class=\"elementor-element elementor-element-0e1e2ab elementor-widget elementor-widget-heading\" data-id=\"0e1e2ab\" data-element_type=\"widget\" data-widget_type=\"heading.default\">\n\t\t\t\t<div class=\"elementor-widget-container\">\n\t\t\t<h3 class=\"elementor-heading-title elementor-size-default\">Neoss ProActive<sup>\u00ae<\/sup> Wide<\/h3>\t\t<\/div>\n\t\t\t\t<\/div>\n\t\t\t\t<div class=\"elementor-element elementor-element-65ebfba aa-form-button--1 elementor-widget elementor-widget-hubspot-form\" data-id=\"65ebfba\" data-element_type=\"widget\" data-widget_type=\"hubspot-form.default\">\n\t\t\t\t<div class=\"elementor-widget-container\">\n\t\t\t\n\t\t\t\t\t<script>\n\t\t\t\t\t\twindow.hsFormsOnReady = window.hsFormsOnReady || [];\n\t\t\t\t\t\twindow.hsFormsOnReady.push(()=>{\n\t\t\t\t\t\t\thbspt.forms.create({\n\t\t\t\t\t\t\t\tportalId: 19798429,\n\t\t\t\t\t\t\t\tformId: \"9623997b-755a-4ca6-950b-f7d287d91aa7\",\n\t\t\t\t\t\t\t\ttarget: \"#hbspt-form-1776219898000-3345661912\",\n\t\t\t\t\t\t\t\tregion: \"na1\",\n\t\t\t\t\t\t\t\t\n\t\t\t\t\t\t})});\n\t\t\t\t\t<\/script>\n\t\t\t\t\t<div class=\"hbspt-form\" id=\"hbspt-form-1776219898000-3345661912\"><\/div>\t\t<\/div>\n\t\t\t\t<\/div>\n\t\t\t\t\t<\/div>\n\t\t\t\t<\/div>\n\t\t<div class=\"elementor-element elementor-element-5845c75 e-con-full e-flex e-con e-child\" data-id=\"5845c75\" data-element_type=\"container\" data-settings=\"{&quot;background_background&quot;:&quot;classic&quot;}\">\n\t\t\t\t<div class=\"elementor-element elementor-element-d9c5fef p-bottom-cover elementor-widget elementor-widget-image\" data-id=\"d9c5fef\" data-element_type=\"widget\" data-widget_type=\"image.default\">\n\t\t\t\t<div class=\"elementor-widget-container\">\n\t\t\t\t\t\t\t\t\t\t\t\t\t<img decoding=\"async\" src=\"https:\/\/neoss-web.azureedge.net\/global\/Images\/theme-assets\/logos\/Rectangle%20130%20(2)%20(1).jpg\" title=\"\" alt=\"\" loading=\"lazy\" \/>\t\t\t\t\t\t\t\t\t\t\t\t\t<\/div>\n\t\t\t\t<\/div>\n\t\t\t\t<\/div>\n\t\t\t\t<\/div>\n\t\t<div class=\"elementor-element elementor-element-3ce49fd e-flex e-con-boxed e-con e-parent\" data-id=\"3ce49fd\" data-element_type=\"container\" data-settings=\"{&quot;background_background&quot;:&quot;classic&quot;}\">\n\t\t\t\t\t<div class=\"e-con-inner\">\n\t\t\t\t<div class=\"elementor-element elementor-element-35d730a elementor-widget elementor-widget-heading\" data-id=\"35d730a\" data-element_type=\"widget\" data-widget_type=\"heading.default\">\n\t\t\t\t<div class=\"elementor-widget-container\">\n\t\t\t<h6 class=\"elementor-heading-title elementor-size-default\">Notes\n<\/h6>\t\t<\/div>\n\t\t\t\t<\/div>\n\t\t\t\t<div class=\"elementor-element elementor-element-63eceed elementor-widget elementor-widget-text-editor\" data-id=\"63eceed\" data-element_type=\"widget\" data-widget_type=\"text-editor.default\">\n\t\t\t\t<div class=\"elementor-widget-container\">\n\t\t\t<div class=\"aa-text__body checkmark-list\">\t\t\t\t<p>1. Gottlow J &amp; Sennerby L, 2010. \u2018Influence of surface and implant design on stability of five commercial titanium implants. A Biomedical study in the rabbit\u2019, AO Meeting, Post 83 <br>2. Renouard F, Nisand D. Short implants in the severely resorbed maxilla: a 2-year retrospective clinical study. Clin Implant Dent Relat Res. 2005;7 Suppl 1:S104\u201310. 3. Meredith N; A review of implant design, geometry and placement. Appl Osseointgrated Res 2008 6 pp 6\u201312.<\/p>\t\t\t\t<\/div>\t\t<\/div>\n\t\t\t\t<\/div>\n\t\t\t\t\t<\/div>\n\t\t\t\t<\/div>\n\t\t\t\t<\/div>\n\t\t","protected":false},"excerpt":{"rendered":"<p>Home Wide Info Neoss ProActive\u00ae Wide hj\u00e4lpar dig med sv\u00e5ra fall De breda implantat kan ge ytterligare m\u00f6jligheter i utmanande fall, s\u00e5som extraktionsst\u00e4llen, sinusgolvh\u00f6jder och mjukt ben, j\u00e4mf\u00f6rt med smala implantat. De kan ocks\u00e5 fungera som r\u00e4ddningsimplantat n\u00e4r initial stabilitet inte uppn\u00e5s med ett smalare implantat. Explore Neoss ProActive ytan Neoss ProActive-ytan har visat snabbare [&hellip;]<\/p>\n","protected":false},"author":3,"featured_media":0,"parent":0,"menu_order":0,"comment_status":"closed","ping_status":"closed","template":"","meta":{"_acf_changed":false,"content-type":"","_relevanssi_hide_post":"","_relevanssi_hide_content":"","_relevanssi_pin_for_all":"","_relevanssi_pin_keywords":"","_relevanssi_unpin_keywords":"","_relevanssi_related_keywords":"","_relevanssi_related_include_ids":"","_relevanssi_related_exclude_ids":"","_relevanssi_related_no_append":"","_relevanssi_related_not_related":"","_relevanssi_related_posts":"","_relevanssi_noindex_reason":"","footnotes":""},"categories":[41],"tags":[],"page_type":[18],"class_list":["post-758","page","type-page","status-publish","hentry","category-normal","page_type-page"],"acf":[],"yoast_head":"<!-- This site is optimized with the Yoast SEO Premium plugin v24.8 (Yoast SEO v24.8.1) - https:\/\/yoast.com\/wordpress\/plugins\/seo\/ -->\n<title>Neoss ProActive Wide<\/title>\n<meta name=\"robots\" content=\"index, follow, max-snippet:-1, max-image-preview:large, max-video-preview:-1\" \/>\n<link rel=\"canonical\" href=\"https:\/\/www.neoss.com\/sv\/neoss-proactive-wide\/\" \/>\n<meta property=\"og:locale\" content=\"sv_SE\" \/>\n<meta property=\"og:type\" content=\"article\" \/>\n<meta property=\"og:title\" content=\"Neoss ProActive Wide\" \/>\n<meta property=\"og:description\" content=\"Home Wide Info Neoss ProActive\u00ae Wide hj\u00e4lpar dig med sv\u00e5ra fall De breda implantat kan ge ytterligare m\u00f6jligheter i utmanande fall, s\u00e5som extraktionsst\u00e4llen, sinusgolvh\u00f6jder och mjukt ben, j\u00e4mf\u00f6rt med smala implantat. De kan ocks\u00e5 fungera som r\u00e4ddningsimplantat n\u00e4r initial stabilitet inte uppn\u00e5s med ett smalare implantat. Explore Neoss ProActive ytan Neoss ProActive-ytan har visat snabbare [&hellip;]\" \/>\n<meta property=\"og:url\" content=\"https:\/\/www.neoss.com\/sv\/neoss-proactive-wide\/\" \/>\n<meta property=\"og:site_name\" content=\"Sverige\" \/>\n<meta property=\"article:publisher\" content=\"https:\/\/www.facebook.com\/NeossGroup\" \/>\n<meta property=\"article:modified_time\" content=\"2025-06-11T07:25:26+00:00\" \/>\n<meta property=\"og:image\" content=\"https:\/\/neoss-web.azureedge.net\/global\/Images\/Product%20Images\/Implants\/Wide\/Wide%201375x970.jpg\" \/>\n<meta name=\"twitter:card\" content=\"summary_large_image\" \/>\n<meta name=\"twitter:label1\" content=\"Est. reading time\" \/>\n\t<meta name=\"twitter:data1\" content=\"5 minutes\" \/>\n<script type=\"application\/ld+json\" class=\"yoast-schema-graph\">{\"@context\":\"https:\/\/schema.org\",\"@graph\":[{\"@type\":\"WebPage\",\"@id\":\"https:\/\/www.neoss.com\/sv\/neoss-proactive-wide\/\",\"url\":\"https:\/\/www.neoss.com\/sv\/neoss-proactive-wide\/\",\"name\":\"Neoss ProActive Wide\",\"isPartOf\":{\"@id\":\"https:\/\/www.neoss.com\/sv\/#website\"},\"primaryImageOfPage\":{\"@id\":\"https:\/\/www.neoss.com\/sv\/neoss-proactive-wide\/#primaryimage\"},\"image\":{\"@id\":\"https:\/\/www.neoss.com\/sv\/neoss-proactive-wide\/#primaryimage\"},\"thumbnailUrl\":\"https:\/\/blob.neoss.com\/global\/Images\/Product%20Images\/Implants\/Wide\/Wide%201375x970.jpg\",\"datePublished\":\"2025-01-16T07:03:47+00:00\",\"dateModified\":\"2025-06-11T07:25:26+00:00\",\"breadcrumb\":{\"@id\":\"https:\/\/www.neoss.com\/sv\/neoss-proactive-wide\/#breadcrumb\"},\"inLanguage\":\"sv-SE\",\"potentialAction\":[{\"@type\":\"ReadAction\",\"target\":[\"https:\/\/www.neoss.com\/sv\/neoss-proactive-wide\/\"]}]},{\"@type\":\"ImageObject\",\"inLanguage\":\"sv-SE\",\"@id\":\"https:\/\/www.neoss.com\/sv\/neoss-proactive-wide\/#primaryimage\",\"url\":\"https:\/\/blob.neoss.com\/global\/Images\/Product%20Images\/Implants\/Wide\/Wide%201375x970.jpg\",\"contentUrl\":\"https:\/\/blob.neoss.com\/global\/Images\/Product%20Images\/Implants\/Wide\/Wide%201375x970.jpg\"},{\"@type\":\"BreadcrumbList\",\"@id\":\"https:\/\/www.neoss.com\/sv\/neoss-proactive-wide\/#breadcrumb\",\"itemListElement\":[{\"@type\":\"ListItem\",\"position\":1,\"name\":\"Home\",\"item\":\"https:\/\/www.neoss.com\/sv\/\"},{\"@type\":\"ListItem\",\"position\":2,\"name\":\"Neoss ProActive Wide\"}]},{\"@type\":\"WebSite\",\"@id\":\"https:\/\/www.neoss.com\/sv\/#website\",\"url\":\"https:\/\/www.neoss.com\/sv\/\",\"name\":\"Neoss - Intelligent Simplicity\",\"description\":\"\",\"publisher\":{\"@id\":\"https:\/\/www.neoss.com\/sv\/#organization\"},\"potentialAction\":[{\"@type\":\"SearchAction\",\"target\":{\"@type\":\"EntryPoint\",\"urlTemplate\":\"https:\/\/www.neoss.com\/sv\/?s={search_term_string}\"},\"query-input\":{\"@type\":\"PropertyValueSpecification\",\"valueRequired\":true,\"valueName\":\"search_term_string\"}}],\"inLanguage\":\"sv-SE\"},{\"@type\":\"Organization\",\"@id\":\"https:\/\/www.neoss.com\/sv\/#organization\",\"name\":\"neoss\",\"url\":\"https:\/\/www.neoss.com\/sv\/\",\"logo\":{\"@type\":\"ImageObject\",\"inLanguage\":\"sv-SE\",\"@id\":\"https:\/\/www.neoss.com\/sv\/#\/schema\/logo\/image\/\",\"url\":\"https:\/\/blob.neoss.com\/logo\/neoss-logo1-1.svg\",\"contentUrl\":\"https:\/\/blob.neoss.com\/logo\/neoss-logo1-1.svg\",\"width\":96,\"height\":31,\"caption\":\"neoss\"},\"image\":{\"@id\":\"https:\/\/www.neoss.com\/sv\/#\/schema\/logo\/image\/\"},\"sameAs\":[\"https:\/\/www.facebook.com\/NeossGroup\"]}]}<\/script>\n<!-- \/ Yoast SEO Premium plugin. -->","yoast_head_json":{"title":"Neoss ProActive Wide","robots":{"index":"index","follow":"follow","max-snippet":"max-snippet:-1","max-image-preview":"max-image-preview:large","max-video-preview":"max-video-preview:-1"},"canonical":"https:\/\/www.neoss.com\/sv\/neoss-proactive-wide\/","og_locale":"sv_SE","og_type":"article","og_title":"Neoss ProActive Wide","og_description":"Home Wide Info Neoss ProActive\u00ae Wide hj\u00e4lpar dig med sv\u00e5ra fall De breda implantat kan ge ytterligare m\u00f6jligheter i utmanande fall, s\u00e5som extraktionsst\u00e4llen, sinusgolvh\u00f6jder och mjukt ben, j\u00e4mf\u00f6rt med smala implantat. De kan ocks\u00e5 fungera som r\u00e4ddningsimplantat n\u00e4r initial stabilitet inte uppn\u00e5s med ett smalare implantat. Explore Neoss ProActive ytan Neoss ProActive-ytan har visat snabbare [&hellip;]","og_url":"https:\/\/www.neoss.com\/sv\/neoss-proactive-wide\/","og_site_name":"Sverige","article_publisher":"https:\/\/www.facebook.com\/NeossGroup","article_modified_time":"2025-06-11T07:25:26+00:00","og_image":[{"url":"https:\/\/neoss-web.azureedge.net\/global\/Images\/Product%20Images\/Implants\/Wide\/Wide%201375x970.jpg","type":"","width":"","height":""}],"twitter_card":"summary_large_image","twitter_misc":{"Est. reading time":"5 minutes"},"schema":{"@context":"https:\/\/schema.org","@graph":[{"@type":"WebPage","@id":"https:\/\/www.neoss.com\/sv\/neoss-proactive-wide\/","url":"https:\/\/www.neoss.com\/sv\/neoss-proactive-wide\/","name":"Neoss ProActive Wide","isPartOf":{"@id":"https:\/\/www.neoss.com\/sv\/#website"},"primaryImageOfPage":{"@id":"https:\/\/www.neoss.com\/sv\/neoss-proactive-wide\/#primaryimage"},"image":{"@id":"https:\/\/www.neoss.com\/sv\/neoss-proactive-wide\/#primaryimage"},"thumbnailUrl":"https:\/\/blob.neoss.com\/global\/Images\/Product%20Images\/Implants\/Wide\/Wide%201375x970.jpg","datePublished":"2025-01-16T07:03:47+00:00","dateModified":"2025-06-11T07:25:26+00:00","breadcrumb":{"@id":"https:\/\/www.neoss.com\/sv\/neoss-proactive-wide\/#breadcrumb"},"inLanguage":"sv-SE","potentialAction":[{"@type":"ReadAction","target":["https:\/\/www.neoss.com\/sv\/neoss-proactive-wide\/"]}]},{"@type":"ImageObject","inLanguage":"sv-SE","@id":"https:\/\/www.neoss.com\/sv\/neoss-proactive-wide\/#primaryimage","url":"https:\/\/blob.neoss.com\/global\/Images\/Product%20Images\/Implants\/Wide\/Wide%201375x970.jpg","contentUrl":"https:\/\/blob.neoss.com\/global\/Images\/Product%20Images\/Implants\/Wide\/Wide%201375x970.jpg"},{"@type":"BreadcrumbList","@id":"https:\/\/www.neoss.com\/sv\/neoss-proactive-wide\/#breadcrumb","itemListElement":[{"@type":"ListItem","position":1,"name":"Home","item":"https:\/\/www.neoss.com\/sv\/"},{"@type":"ListItem","position":2,"name":"Neoss ProActive Wide"}]},{"@type":"WebSite","@id":"https:\/\/www.neoss.com\/sv\/#website","url":"https:\/\/www.neoss.com\/sv\/","name":"Neoss - Intelligent Simplicity","description":"","publisher":{"@id":"https:\/\/www.neoss.com\/sv\/#organization"},"potentialAction":[{"@type":"SearchAction","target":{"@type":"EntryPoint","urlTemplate":"https:\/\/www.neoss.com\/sv\/?s={search_term_string}"},"query-input":{"@type":"PropertyValueSpecification","valueRequired":true,"valueName":"search_term_string"}}],"inLanguage":"sv-SE"},{"@type":"Organization","@id":"https:\/\/www.neoss.com\/sv\/#organization","name":"neoss","url":"https:\/\/www.neoss.com\/sv\/","logo":{"@type":"ImageObject","inLanguage":"sv-SE","@id":"https:\/\/www.neoss.com\/sv\/#\/schema\/logo\/image\/","url":"https:\/\/blob.neoss.com\/logo\/neoss-logo1-1.svg","contentUrl":"https:\/\/blob.neoss.com\/logo\/neoss-logo1-1.svg","width":96,"height":31,"caption":"neoss"},"image":{"@id":"https:\/\/www.neoss.com\/sv\/#\/schema\/logo\/image\/"},"sameAs":["https:\/\/www.facebook.com\/NeossGroup"]}]}},"_links":{"self":[{"href":"https:\/\/www.neoss.com\/sv\/wp-json\/wp\/v2\/pages\/758","targetHints":{"allow":["GET"]}}],"collection":[{"href":"https:\/\/www.neoss.com\/sv\/wp-json\/wp\/v2\/pages"}],"about":[{"href":"https:\/\/www.neoss.com\/sv\/wp-json\/wp\/v2\/types\/page"}],"author":[{"embeddable":true,"href":"https:\/\/www.neoss.com\/sv\/wp-json\/wp\/v2\/users\/3"}],"replies":[{"embeddable":true,"href":"https:\/\/www.neoss.com\/sv\/wp-json\/wp\/v2\/comments?post=758"}],"version-history":[{"count":8,"href":"https:\/\/www.neoss.com\/sv\/wp-json\/wp\/v2\/pages\/758\/revisions"}],"predecessor-version":[{"id":7857,"href":"https:\/\/www.neoss.com\/sv\/wp-json\/wp\/v2\/pages\/758\/revisions\/7857"}],"wp:attachment":[{"href":"https:\/\/www.neoss.com\/sv\/wp-json\/wp\/v2\/media?parent=758"}],"wp:term":[{"taxonomy":"category","embeddable":true,"href":"https:\/\/www.neoss.com\/sv\/wp-json\/wp\/v2\/categories?post=758"},{"taxonomy":"post_tag","embeddable":true,"href":"https:\/\/www.neoss.com\/sv\/wp-json\/wp\/v2\/tags?post=758"},{"taxonomy":"page_type","embeddable":true,"href":"https:\/\/www.neoss.com\/sv\/wp-json\/wp\/v2\/page_type?post=758"}],"curies":[{"name":"wp","href":"https:\/\/api.w.org\/{rel}","templated":true}]}}